
{"id":1169,"date":"2014-10-29T17:59:28","date_gmt":"2014-10-29T17:59:28","guid":{"rendered":"https:\/\/fpombudsman.org\/what-we-do-2\/"},"modified":"2015-08-06T14:32:19","modified_gmt":"2015-08-06T14:32:19","slug":"what-we-do-2","status":"publish","type":"page","link":"https:\/\/fpombudsman.org\/fr\/what-we-do-2\/","title":{"rendered":"Qu\u2019est-ce Qu\u2019un Ombudsman?"},"content":{"rendered":"<div class=\"wpb-content-wrapper\"><p>[vc_row][vc_column width=&#8221;1\/1&#8243;][vc_column_text]Dans le cadre des Nations Unies, un Ombudsman aide le personnel \u00e0 r\u00e9gler les diff\u00e9rends qui \u00e9clatent sur le lieu de travail de mani\u00e8re informelle et en toute confidentialit\u00e9, dans le but de pr\u00e9server un environnement de travail harmonieux. Un Ombudsman ne prend jamais la d\u00e9fense de l\u2019une des parties au diff\u00e9rend. Le mot Om-buds-man est un mot d\u2019origine su\u00e9doise qui d\u00e9signait initialement un repr\u00e9sentant ou un agent de la justice. Dans le contexte des Nations Unies, ce terme prend le sens d\u2019une tierce partie informelle qui veille \u00e0 ce que toutes les personnes travaillant pour l\u2019organisation soient trait\u00e9es de fa\u00e7on \u00e9quitable et \u00e0 ce que la justice soit rendue.<\/p>\n<p>Le syst\u00e8me de l\u2019Ombudsman est une proc\u00e9dure informelle de r\u00e9clamation instaur\u00e9e au sein du PNUD, du FNUAP, de l\u2019UNICEF, de l\u2019UNOPS et d\u2019ONU\u00a0Femmes, par laquelle un Ombudsman peut avoir \u00e0 conna\u00eetre de conflits de toute nature se d\u00e9clarant dans le cadre du travail dans ces organisations ainsi que dans les fonds et programmes y aff\u00e9rents. Les personnes peuvent contacter l\u2019Ombudsman \u00e0 n\u2019importe quelle \u00e9tape, pour demander de l\u2019aide sur tout probl\u00e8me rencontr\u00e9 sur leur lieu de travail, lorsqu\u2019elles estiment qu\u2019un point de vue ext\u00e9rieur aux voies officielles pourrait se r\u00e9v\u00e9ler utile.<\/p>\n<p>Lorsqu\u2019un Ombudsman intervient dans un diff\u00e9rend, c\u2019est dans un objectif de conciliation, ce qui passe par la recherche de solutions acceptables pour les deux parties <em>via<\/em> des moyens informels. Ce processus est informel, confidentiel, et engag\u00e9 en toute ind\u00e9pendance et neutralit\u00e9. L\u2019Ombudsman agit sur des affaires relatives \u00e0 l\u2019emploi dans l\u2019int\u00e9r\u00eat conjoint de la personne et de l\u2019organisation qui l\u2019emploie. Il \u0153uvre pour que tous les titulaires d\u2019un contrat conclu avec le PNUD, le FNUAP, l\u2019UNICEF, l\u2019UNOPS et ONU\u00a0Femmes aient droit \u00e0 une proc\u00e9dure r\u00e9guli\u00e8re et \u00e0 un traitement \u00e9quitable.<\/p>\n<p>Toute personne portant une affaire \u00e0 l\u2019attention de l\u2019Ombudsman ou communiquant une information \u00e0 l\u2019Ombudsman doit \u00eatre \u00e0 l\u2019abri de repr\u00e9sailles.<\/p>\n<p>L\u2019Ombudsman n\u2019est tenu \u00e0 aucune obligation de t\u00e9moigner dans toute proc\u00e9dure formelle devant le Tribunal du contentieux administratif des Nations Unies ou le Tribunal d\u2019appel des Nations Unies.[\/vc_column_text][\/vc_column][\/vc_row]<\/p>\n<\/div>","protected":false},"excerpt":{"rendered":"<p>[vc_row][vc_column width=&#8221;1\/1&#8243;][vc_column_text]Dans le cadre des Nations Unies, un Ombudsman aide le personnel \u00e0 r\u00e9gler les diff\u00e9rends qui \u00e9clatent sur le lieu de travail de mani\u00e8re informelle et en toute confidentialit\u00e9, dans le but de pr\u00e9server un environnement de travail harmonieux. Un Ombudsman ne prend jamais la d\u00e9fense de l\u2019une des parties au diff\u00e9rend. Le mot [&hellip;]<\/p>\n","protected":false},"author":9,"featured_media":0,"parent":0,"menu_order":0,"comment_status":"open","ping_status":"open","template":"","meta":{"footnotes":""},"class_list":["post-1169","page","type-page","status-publish","hentry"],"yoast_head":"<!-- This site is optimized with the Yoast SEO plugin v24.1 - https:\/\/yoast.com\/wordpress\/plugins\/seo\/ -->\n<title>Qu\u2019est-ce Qu\u2019un Ombudsman? - Office of the Ombudsman for United Nations Funds and Programmes<\/title>\n<meta name=\"robots\" content=\"index, follow, max-snippet:-1, max-image-preview:large, max-video-preview:-1\" \/>\n<link rel=\"canonical\" href=\"https:\/\/fpombudsman.org\/fr\/what-we-do-2\/\" \/>\n<meta property=\"og:locale\" content=\"fr_FR\" \/>\n<meta property=\"og:type\" content=\"article\" \/>\n<meta property=\"og:title\" content=\"Qu\u2019est-ce Qu\u2019un Ombudsman? - Office of the Ombudsman for United Nations Funds and Programmes\" \/>\n<meta property=\"og:description\" content=\"[vc_row][vc_column width=&#8221;1\/1&#8243;][vc_column_text]Dans le cadre des Nations Unies, un Ombudsman aide le personnel \u00e0 r\u00e9gler les diff\u00e9rends qui \u00e9clatent sur le lieu de travail de mani\u00e8re informelle et en toute confidentialit\u00e9, dans le but de pr\u00e9server un environnement de travail harmonieux. Un Ombudsman ne prend jamais la d\u00e9fense de l\u2019une des parties au diff\u00e9rend. Le mot [&hellip;]\" \/>\n<meta property=\"og:url\" content=\"https:\/\/fpombudsman.org\/fr\/what-we-do-2\/\" \/>\n<meta property=\"og:site_name\" content=\"Office of the Ombudsman for United Nations Funds and Programmes\" \/>\n<meta property=\"article:modified_time\" content=\"2015-08-06T14:32:19+00:00\" \/>\n<meta name=\"twitter:card\" content=\"summary_large_image\" \/>\n<meta name=\"twitter:label1\" content=\"Dur\u00e9e de lecture estim\u00e9e\" \/>\n\t<meta name=\"twitter:data1\" content=\"2 minutes\" \/>\n<script type=\"application\/ld+json\" class=\"yoast-schema-graph\">{\"@context\":\"https:\/\/schema.org\",\"@graph\":[{\"@type\":\"WebPage\",\"@id\":\"https:\/\/fpombudsman.org\/fr\/what-we-do-2\/\",\"url\":\"https:\/\/fpombudsman.org\/fr\/what-we-do-2\/\",\"name\":\"Qu\u2019est-ce Qu\u2019un Ombudsman? - Office of the Ombudsman for United Nations Funds and Programmes\",\"isPartOf\":{\"@id\":\"https:\/\/fpombudsman.org\/#website\"},\"datePublished\":\"2014-10-29T17:59:28+00:00\",\"dateModified\":\"2015-08-06T14:32:19+00:00\",\"breadcrumb\":{\"@id\":\"https:\/\/fpombudsman.org\/fr\/what-we-do-2\/#breadcrumb\"},\"inLanguage\":\"fr-FR\",\"potentialAction\":[{\"@type\":\"ReadAction\",\"target\":[\"https:\/\/fpombudsman.org\/fr\/what-we-do-2\/\"]}]},{\"@type\":\"BreadcrumbList\",\"@id\":\"https:\/\/fpombudsman.org\/fr\/what-we-do-2\/#breadcrumb\",\"itemListElement\":[{\"@type\":\"ListItem\",\"position\":1,\"name\":\"Home\",\"item\":\"https:\/\/fpombudsman.org\/fr\/\"},{\"@type\":\"ListItem\",\"position\":2,\"name\":\"Qu\u2019est-ce Qu\u2019un Ombudsman?\"}]},{\"@type\":\"WebSite\",\"@id\":\"https:\/\/fpombudsman.org\/#website\",\"url\":\"https:\/\/fpombudsman.org\/\",\"name\":\"Office of the Ombudsman for United Nations Funds and Programmes\",\"description\":\"Confidential - Impartial - Independent - Informal\",\"publisher\":{\"@id\":\"https:\/\/fpombudsman.org\/#organization\"},\"potentialAction\":[{\"@type\":\"SearchAction\",\"target\":{\"@type\":\"EntryPoint\",\"urlTemplate\":\"https:\/\/fpombudsman.org\/?s={search_term_string}\"},\"query-input\":{\"@type\":\"PropertyValueSpecification\",\"valueRequired\":true,\"valueName\":\"search_term_string\"}}],\"inLanguage\":\"fr-FR\"},{\"@type\":\"Organization\",\"@id\":\"https:\/\/fpombudsman.org\/#organization\",\"name\":\"Office of the Ombudsman for United Nations Funds and Programmes\",\"url\":\"https:\/\/fpombudsman.org\/\",\"logo\":{\"@type\":\"ImageObject\",\"inLanguage\":\"fr-FR\",\"@id\":\"https:\/\/fpombudsman.org\/#\/schema\/logo\/image\/\",\"url\":\"https:\/\/fpombudsman.org\/wp-content\/uploads\/2020\/11\/Banner.png\",\"contentUrl\":\"https:\/\/fpombudsman.org\/wp-content\/uploads\/2020\/11\/Banner.png\",\"width\":391,\"height\":95,\"caption\":\"Office of the Ombudsman for United Nations Funds and Programmes\"},\"image\":{\"@id\":\"https:\/\/fpombudsman.org\/#\/schema\/logo\/image\/\"}}]}<\/script>\n<!-- \/ Yoast SEO plugin. -->","yoast_head_json":{"title":"Qu\u2019est-ce Qu\u2019un Ombudsman? - Office of the Ombudsman for United Nations Funds and Programmes","robots":{"index":"index","follow":"follow","max-snippet":"max-snippet:-1","max-image-preview":"max-image-preview:large","max-video-preview":"max-video-preview:-1"},"canonical":"https:\/\/fpombudsman.org\/fr\/what-we-do-2\/","og_locale":"fr_FR","og_type":"article","og_title":"Qu\u2019est-ce Qu\u2019un Ombudsman? - Office of the Ombudsman for United Nations Funds and Programmes","og_description":"[vc_row][vc_column width=&#8221;1\/1&#8243;][vc_column_text]Dans le cadre des Nations Unies, un Ombudsman aide le personnel \u00e0 r\u00e9gler les diff\u00e9rends qui \u00e9clatent sur le lieu de travail de mani\u00e8re informelle et en toute confidentialit\u00e9, dans le but de pr\u00e9server un environnement de travail harmonieux. Un Ombudsman ne prend jamais la d\u00e9fense de l\u2019une des parties au diff\u00e9rend. Le mot [&hellip;]","og_url":"https:\/\/fpombudsman.org\/fr\/what-we-do-2\/","og_site_name":"Office of the Ombudsman for United Nations Funds and Programmes","article_modified_time":"2015-08-06T14:32:19+00:00","twitter_card":"summary_large_image","twitter_misc":{"Dur\u00e9e de lecture estim\u00e9e":"2 minutes"},"schema":{"@context":"https:\/\/schema.org","@graph":[{"@type":"WebPage","@id":"https:\/\/fpombudsman.org\/fr\/what-we-do-2\/","url":"https:\/\/fpombudsman.org\/fr\/what-we-do-2\/","name":"Qu\u2019est-ce Qu\u2019un Ombudsman? - Office of the Ombudsman for United Nations Funds and Programmes","isPartOf":{"@id":"https:\/\/fpombudsman.org\/#website"},"datePublished":"2014-10-29T17:59:28+00:00","dateModified":"2015-08-06T14:32:19+00:00","breadcrumb":{"@id":"https:\/\/fpombudsman.org\/fr\/what-we-do-2\/#breadcrumb"},"inLanguage":"fr-FR","potentialAction":[{"@type":"ReadAction","target":["https:\/\/fpombudsman.org\/fr\/what-we-do-2\/"]}]},{"@type":"BreadcrumbList","@id":"https:\/\/fpombudsman.org\/fr\/what-we-do-2\/#breadcrumb","itemListElement":[{"@type":"ListItem","position":1,"name":"Home","item":"https:\/\/fpombudsman.org\/fr\/"},{"@type":"ListItem","position":2,"name":"Qu\u2019est-ce Qu\u2019un Ombudsman?"}]},{"@type":"WebSite","@id":"https:\/\/fpombudsman.org\/#website","url":"https:\/\/fpombudsman.org\/","name":"Office of the Ombudsman for United Nations Funds and Programmes","description":"Confidential - Impartial - Independent - Informal","publisher":{"@id":"https:\/\/fpombudsman.org\/#organization"},"potentialAction":[{"@type":"SearchAction","target":{"@type":"EntryPoint","urlTemplate":"https:\/\/fpombudsman.org\/?s={search_term_string}"},"query-input":{"@type":"PropertyValueSpecification","valueRequired":true,"valueName":"search_term_string"}}],"inLanguage":"fr-FR"},{"@type":"Organization","@id":"https:\/\/fpombudsman.org\/#organization","name":"Office of the Ombudsman for United Nations Funds and Programmes","url":"https:\/\/fpombudsman.org\/","logo":{"@type":"ImageObject","inLanguage":"fr-FR","@id":"https:\/\/fpombudsman.org\/#\/schema\/logo\/image\/","url":"https:\/\/fpombudsman.org\/wp-content\/uploads\/2020\/11\/Banner.png","contentUrl":"https:\/\/fpombudsman.org\/wp-content\/uploads\/2020\/11\/Banner.png","width":391,"height":95,"caption":"Office of the Ombudsman for United Nations Funds and Programmes"},"image":{"@id":"https:\/\/fpombudsman.org\/#\/schema\/logo\/image\/"}}]}},"_links":{"self":[{"href":"https:\/\/fpombudsman.org\/fr\/wp-json\/wp\/v2\/pages\/1169","targetHints":{"allow":["GET"]}}],"collection":[{"href":"https:\/\/fpombudsman.org\/fr\/wp-json\/wp\/v2\/pages"}],"about":[{"href":"https:\/\/fpombudsman.org\/fr\/wp-json\/wp\/v2\/types\/page"}],"author":[{"embeddable":true,"href":"https:\/\/fpombudsman.org\/fr\/wp-json\/wp\/v2\/users\/9"}],"replies":[{"embeddable":true,"href":"https:\/\/fpombudsman.org\/fr\/wp-json\/wp\/v2\/comments?post=1169"}],"version-history":[{"count":4,"href":"https:\/\/fpombudsman.org\/fr\/wp-json\/wp\/v2\/pages\/1169\/revisions"}],"predecessor-version":[{"id":1360,"href":"https:\/\/fpombudsman.org\/fr\/wp-json\/wp\/v2\/pages\/1169\/revisions\/1360"}],"wp:attachment":[{"href":"https:\/\/fpombudsman.org\/fr\/wp-json\/wp\/v2\/media?parent=1169"}],"curies":[{"name":"wp","href":"https:\/\/api.w.org\/{rel}","templated":true}]}}