
{"id":1165,"date":"2014-10-29T17:37:52","date_gmt":"2014-10-29T17:37:52","guid":{"rendered":"https:\/\/fpombudsman.org\/our-office-2\/"},"modified":"2015-08-06T14:10:24","modified_gmt":"2015-08-06T14:10:24","slug":"our-office-2","status":"publish","type":"page","link":"https:\/\/fpombudsman.org\/fr\/our-office-2\/","title":{"rendered":"L\u2019Administration De La Justice Des Nations Unies"},"content":{"rendered":"<div class=\"wpb-content-wrapper\"><p>[vc_row][vc_column width=&#8221;1\/1&#8243;][vc_column_text]La brochure intitul\u00e9e\u00a0<a href=\"http:\/\/www.un.org\/fr\/oaj\/unjs\/pdf\/guidetoresolvingdisputes.pdf\">Guide pour le r\u00e8glement des diff\u00e9rends <\/a>d\u00e9crit les principaux \u00e9l\u00e9ments du syst\u00e8me de justice interne des Nations Unies et renferme des informations pratiques \u00e0 l\u2019intention du personnel.<\/p>\n<p>Veuillez noter que l\u2019Ombudsman ne m\u00e8ne pas d\u2019enqu\u00eates officielles. Il peut en revanche aider les personnes \u00e0 cerner les probl\u00e8mes et \u00e0 en r\u00e9f\u00e9rer aux services comp\u00e9tents de l\u2019organisation en vue d\u2019une enqu\u00eate officielle et d\u2019un enregistrement.[\/vc_column_text][\/vc_column][\/vc_row][vc_row][vc_column width=&#8221;1\/1&#8243;][vc_single_image image=&#8221;1338&#8243; border_color=&#8221;grey&#8221; img_link_target=&#8221;_self&#8221; img_size=&#8221;full&#8221; alignment=&#8221;center&#8221;][\/vc_column][\/vc_row][vc_row][vc_column width=&#8221;1\/1&#8243;][vc_column_text]<\/p>\n<p style=\"text-align: right; padding-left: 5px;\">Source: Buss, Fitschen, Laker, Rohde &amp; Villalpando (2014). <em>Handbook on the Internal Justice System at the United Nations.<\/em> Copyright by the United Nations System Staff College (p. 143)<\/p>\n<p>[\/vc_column_text][\/vc_column][\/vc_row]<\/p>\n<\/div>","protected":false},"excerpt":{"rendered":"<p>[vc_row][vc_column width=&#8221;1\/1&#8243;][vc_column_text]La brochure intitul\u00e9e\u00a0Guide pour le r\u00e8glement des diff\u00e9rends d\u00e9crit les principaux \u00e9l\u00e9ments du syst\u00e8me de justice interne des Nations Unies et renferme des informations pratiques \u00e0 l\u2019intention du personnel. Veuillez noter que l\u2019Ombudsman ne m\u00e8ne pas d\u2019enqu\u00eates officielles. Il peut en revanche aider les personnes \u00e0 cerner les probl\u00e8mes et \u00e0 en r\u00e9f\u00e9rer aux [&hellip;]<\/p>\n","protected":false},"author":9,"featured_media":0,"parent":0,"menu_order":0,"comment_status":"open","ping_status":"open","template":"","meta":{"footnotes":""},"class_list":["post-1165","page","type-page","status-publish","hentry"],"yoast_head":"<!-- This site is optimized with the Yoast SEO plugin v24.1 - https:\/\/yoast.com\/wordpress\/plugins\/seo\/ -->\n<title>L\u2019Administration De La Justice Des Nations Unies - Office of the Ombudsman for United Nations Funds and Programmes<\/title>\n<meta name=\"robots\" content=\"index, follow, max-snippet:-1, max-image-preview:large, max-video-preview:-1\" \/>\n<link rel=\"canonical\" href=\"https:\/\/fpombudsman.org\/fr\/our-office-2\/\" \/>\n<meta property=\"og:locale\" content=\"fr_FR\" \/>\n<meta property=\"og:type\" content=\"article\" \/>\n<meta property=\"og:title\" content=\"L\u2019Administration De La Justice Des Nations Unies - Office of the Ombudsman for United Nations Funds and Programmes\" \/>\n<meta property=\"og:description\" content=\"[vc_row][vc_column width=&#8221;1\/1&#8243;][vc_column_text]La brochure intitul\u00e9e\u00a0Guide pour le r\u00e8glement des diff\u00e9rends d\u00e9crit les principaux \u00e9l\u00e9ments du syst\u00e8me de justice interne des Nations Unies et renferme des informations pratiques \u00e0 l\u2019intention du personnel. Veuillez noter que l\u2019Ombudsman ne m\u00e8ne pas d\u2019enqu\u00eates officielles. Il peut en revanche aider les personnes \u00e0 cerner les probl\u00e8mes et \u00e0 en r\u00e9f\u00e9rer aux [&hellip;]\" \/>\n<meta property=\"og:url\" content=\"https:\/\/fpombudsman.org\/fr\/our-office-2\/\" \/>\n<meta property=\"og:site_name\" content=\"Office of the Ombudsman for United Nations Funds and Programmes\" \/>\n<meta property=\"article:modified_time\" content=\"2015-08-06T14:10:24+00:00\" \/>\n<meta name=\"twitter:card\" content=\"summary_large_image\" \/>\n<meta name=\"twitter:label1\" content=\"Dur\u00e9e de lecture estim\u00e9e\" \/>\n\t<meta name=\"twitter:data1\" content=\"1 minute\" \/>\n<script type=\"application\/ld+json\" class=\"yoast-schema-graph\">{\"@context\":\"https:\/\/schema.org\",\"@graph\":[{\"@type\":\"WebPage\",\"@id\":\"https:\/\/fpombudsman.org\/fr\/our-office-2\/\",\"url\":\"https:\/\/fpombudsman.org\/fr\/our-office-2\/\",\"name\":\"L\u2019Administration De La Justice Des Nations Unies - Office of the Ombudsman for United Nations Funds and Programmes\",\"isPartOf\":{\"@id\":\"https:\/\/fpombudsman.org\/#website\"},\"datePublished\":\"2014-10-29T17:37:52+00:00\",\"dateModified\":\"2015-08-06T14:10:24+00:00\",\"breadcrumb\":{\"@id\":\"https:\/\/fpombudsman.org\/fr\/our-office-2\/#breadcrumb\"},\"inLanguage\":\"fr-FR\",\"potentialAction\":[{\"@type\":\"ReadAction\",\"target\":[\"https:\/\/fpombudsman.org\/fr\/our-office-2\/\"]}]},{\"@type\":\"BreadcrumbList\",\"@id\":\"https:\/\/fpombudsman.org\/fr\/our-office-2\/#breadcrumb\",\"itemListElement\":[{\"@type\":\"ListItem\",\"position\":1,\"name\":\"Home\",\"item\":\"https:\/\/fpombudsman.org\/fr\/\"},{\"@type\":\"ListItem\",\"position\":2,\"name\":\"L\u2019Administration De La Justice Des Nations Unies\"}]},{\"@type\":\"WebSite\",\"@id\":\"https:\/\/fpombudsman.org\/#website\",\"url\":\"https:\/\/fpombudsman.org\/\",\"name\":\"Office of the Ombudsman for United Nations Funds and Programmes\",\"description\":\"Confidential - Impartial - Independent - Informal\",\"publisher\":{\"@id\":\"https:\/\/fpombudsman.org\/#organization\"},\"potentialAction\":[{\"@type\":\"SearchAction\",\"target\":{\"@type\":\"EntryPoint\",\"urlTemplate\":\"https:\/\/fpombudsman.org\/?s={search_term_string}\"},\"query-input\":{\"@type\":\"PropertyValueSpecification\",\"valueRequired\":true,\"valueName\":\"search_term_string\"}}],\"inLanguage\":\"fr-FR\"},{\"@type\":\"Organization\",\"@id\":\"https:\/\/fpombudsman.org\/#organization\",\"name\":\"Office of the Ombudsman for United Nations Funds and Programmes\",\"url\":\"https:\/\/fpombudsman.org\/\",\"logo\":{\"@type\":\"ImageObject\",\"inLanguage\":\"fr-FR\",\"@id\":\"https:\/\/fpombudsman.org\/#\/schema\/logo\/image\/\",\"url\":\"https:\/\/fpombudsman.org\/wp-content\/uploads\/2020\/11\/Banner.png\",\"contentUrl\":\"https:\/\/fpombudsman.org\/wp-content\/uploads\/2020\/11\/Banner.png\",\"width\":391,\"height\":95,\"caption\":\"Office of the Ombudsman for United Nations Funds and Programmes\"},\"image\":{\"@id\":\"https:\/\/fpombudsman.org\/#\/schema\/logo\/image\/\"}}]}<\/script>\n<!-- \/ Yoast SEO plugin. -->","yoast_head_json":{"title":"L\u2019Administration De La Justice Des Nations Unies - Office of the Ombudsman for United Nations Funds and Programmes","robots":{"index":"index","follow":"follow","max-snippet":"max-snippet:-1","max-image-preview":"max-image-preview:large","max-video-preview":"max-video-preview:-1"},"canonical":"https:\/\/fpombudsman.org\/fr\/our-office-2\/","og_locale":"fr_FR","og_type":"article","og_title":"L\u2019Administration De La Justice Des Nations Unies - Office of the Ombudsman for United Nations Funds and Programmes","og_description":"[vc_row][vc_column width=&#8221;1\/1&#8243;][vc_column_text]La brochure intitul\u00e9e\u00a0Guide pour le r\u00e8glement des diff\u00e9rends d\u00e9crit les principaux \u00e9l\u00e9ments du syst\u00e8me de justice interne des Nations Unies et renferme des informations pratiques \u00e0 l\u2019intention du personnel. Veuillez noter que l\u2019Ombudsman ne m\u00e8ne pas d\u2019enqu\u00eates officielles. Il peut en revanche aider les personnes \u00e0 cerner les probl\u00e8mes et \u00e0 en r\u00e9f\u00e9rer aux [&hellip;]","og_url":"https:\/\/fpombudsman.org\/fr\/our-office-2\/","og_site_name":"Office of the Ombudsman for United Nations Funds and Programmes","article_modified_time":"2015-08-06T14:10:24+00:00","twitter_card":"summary_large_image","twitter_misc":{"Dur\u00e9e de lecture estim\u00e9e":"1 minute"},"schema":{"@context":"https:\/\/schema.org","@graph":[{"@type":"WebPage","@id":"https:\/\/fpombudsman.org\/fr\/our-office-2\/","url":"https:\/\/fpombudsman.org\/fr\/our-office-2\/","name":"L\u2019Administration De La Justice Des Nations Unies - Office of the Ombudsman for United Nations Funds and Programmes","isPartOf":{"@id":"https:\/\/fpombudsman.org\/#website"},"datePublished":"2014-10-29T17:37:52+00:00","dateModified":"2015-08-06T14:10:24+00:00","breadcrumb":{"@id":"https:\/\/fpombudsman.org\/fr\/our-office-2\/#breadcrumb"},"inLanguage":"fr-FR","potentialAction":[{"@type":"ReadAction","target":["https:\/\/fpombudsman.org\/fr\/our-office-2\/"]}]},{"@type":"BreadcrumbList","@id":"https:\/\/fpombudsman.org\/fr\/our-office-2\/#breadcrumb","itemListElement":[{"@type":"ListItem","position":1,"name":"Home","item":"https:\/\/fpombudsman.org\/fr\/"},{"@type":"ListItem","position":2,"name":"L\u2019Administration De La Justice Des Nations Unies"}]},{"@type":"WebSite","@id":"https:\/\/fpombudsman.org\/#website","url":"https:\/\/fpombudsman.org\/","name":"Office of the Ombudsman for United Nations Funds and Programmes","description":"Confidential - Impartial - Independent - Informal","publisher":{"@id":"https:\/\/fpombudsman.org\/#organization"},"potentialAction":[{"@type":"SearchAction","target":{"@type":"EntryPoint","urlTemplate":"https:\/\/fpombudsman.org\/?s={search_term_string}"},"query-input":{"@type":"PropertyValueSpecification","valueRequired":true,"valueName":"search_term_string"}}],"inLanguage":"fr-FR"},{"@type":"Organization","@id":"https:\/\/fpombudsman.org\/#organization","name":"Office of the Ombudsman for United Nations Funds and Programmes","url":"https:\/\/fpombudsman.org\/","logo":{"@type":"ImageObject","inLanguage":"fr-FR","@id":"https:\/\/fpombudsman.org\/#\/schema\/logo\/image\/","url":"https:\/\/fpombudsman.org\/wp-content\/uploads\/2020\/11\/Banner.png","contentUrl":"https:\/\/fpombudsman.org\/wp-content\/uploads\/2020\/11\/Banner.png","width":391,"height":95,"caption":"Office of the Ombudsman for United Nations Funds and Programmes"},"image":{"@id":"https:\/\/fpombudsman.org\/#\/schema\/logo\/image\/"}}]}},"_links":{"self":[{"href":"https:\/\/fpombudsman.org\/fr\/wp-json\/wp\/v2\/pages\/1165","targetHints":{"allow":["GET"]}}],"collection":[{"href":"https:\/\/fpombudsman.org\/fr\/wp-json\/wp\/v2\/pages"}],"about":[{"href":"https:\/\/fpombudsman.org\/fr\/wp-json\/wp\/v2\/types\/page"}],"author":[{"embeddable":true,"href":"https:\/\/fpombudsman.org\/fr\/wp-json\/wp\/v2\/users\/9"}],"replies":[{"embeddable":true,"href":"https:\/\/fpombudsman.org\/fr\/wp-json\/wp\/v2\/comments?post=1165"}],"version-history":[{"count":6,"href":"https:\/\/fpombudsman.org\/fr\/wp-json\/wp\/v2\/pages\/1165\/revisions"}],"predecessor-version":[{"id":1528,"href":"https:\/\/fpombudsman.org\/fr\/wp-json\/wp\/v2\/pages\/1165\/revisions\/1528"}],"wp:attachment":[{"href":"https:\/\/fpombudsman.org\/fr\/wp-json\/wp\/v2\/media?parent=1165"}],"curies":[{"name":"wp","href":"https:\/\/api.w.org\/{rel}","templated":true}]}}