
{"id":1161,"date":"2014-10-29T17:39:34","date_gmt":"2014-10-29T17:39:34","guid":{"rendered":"https:\/\/fpombudsman.org\/staff-voices-2\/"},"modified":"2015-08-06T14:44:14","modified_gmt":"2015-08-06T14:44:14","slug":"staff-voices-2","status":"publish","type":"page","link":"https:\/\/fpombudsman.org\/fr\/staff-voices-2\/","title":{"rendered":"T\u00e9moignages Du Personnel"},"content":{"rendered":"<div class=\"wpb-content-wrapper\"><p>[vc_row][vc_column width=&#8221;1\/1&#8243;][vc_single_image image=&#8221;479&#8243; border_color=&#8221;grey&#8221; img_link_target=&#8221;_self&#8221; style=&#8221;vc_box_border&#8221; img_size=&#8221;large&#8221;][\/vc_column][\/vc_row][vc_row][vc_column width=&#8221;1\/1&#8243;]<div class='unoo_carousel' aspectWidth='697' aspectHeight='150' isToForceContentHeight='false' isToRandomize='false' style='height:150px' autoPlayInterval='0'><div class='canvas'><div class='wheel'><div class='slide'><div class='content'>[vc_column_text css=&#8221;.vc_custom_1438872015687{margin-top: 0px !important;}&#8221;]\n<p style=\"margin-top: 0px;\">\u201cAu nom de mes coll\u00e8gues, je vous remercie sinc\u00e8rement et j\u2019appr\u00e9cie l\u2019excellence de votre travail et du r\u00e9sultat obtenu, qui a pr\u00e9serv\u00e9 les droits de nos coll\u00e8gues. Ce probl\u00e8me existait depuis plusieurs ann\u00e9es, malgr\u00e9 les efforts r\u00e9it\u00e9r\u00e9s pour y rem\u00e9dier, jusqu\u2019\u00e0 ce que, \u00f4 miracle, vous interveniez pour le r\u00e9soudre et prendre les mesures correctives n\u00e9cessaires \u00e0 la restitution de ces droits. Je vous exprime toute ma gratitude pour les efforts que vous avez d\u00e9ploy\u00e9s afin de traiter les cas qui vous ont \u00e9t\u00e9 soumis durant une p\u00e9riode difficile pour nous, et pour le soutien permanent et efficace que vous nous avez apport\u00e9, notamment en venant nous voir et en nous tenant au courant r\u00e9guli\u00e8rement.\u201d<\/p>\n[\/vc_column_text]<\/div><\/div><div class='slide'><div class='content'>[vc_column_text]\u00ab\u00a0Apr\u00e8s vous avoir parl\u00e9, je me suis senti mentalement et \u00e9motionnellement plus solide et capable de d\u00e9terminer ce que je pouvais faire pour positiver.\u00a0\u00bb[\/vc_column_text]<\/div><\/div><div class='slide'><div class='content'>[vc_column_text]\u00ab\u00a0Merci beaucoup pour la conversation que nous avons eue aujourd\u2019hui, et il y a quelques semaines, sur des probl\u00e8mes d\u2019\u00e9valuation des comp\u00e9tences que j\u2019avais. Je vous remercie pour le temps que vous avez consacr\u00e9 \u00e0 clarifier des questions g\u00e9n\u00e9rales sur l\u2019\u00e9valuation des comp\u00e9tences, pour l\u2019attention que vous avez port\u00e9e au cas dont je vous ai saisi, pour votre compr\u00e9hension rapide d\u2019une situation compliqu\u00e9e, et pour vos conseils. Je vous remercie \u00e9galement de m\u2019avoir donn\u00e9 le type de recommandation qui ne m\u00e8nera pas \u00e0 la confrontation sur le probl\u00e8me concern\u00e9.\u00a0\u00bb[\/vc_column_text]<\/div><\/div><div class='slide'><div class='content'>[vc_column_text]\u00ab\u00a0Merci beaucoup pour votre professionnalisme, vous avez pris le temps de m\u2019\u00e9couter.\u00a0\u00bb[\/vc_column_text]<\/div><\/div><div class='slide'><div class='content'>[vc_column_text]\u00ab\u00a0Je tenais \u00e0 vous \u00e9crire pour vous remercier de l\u2019accompagnement exemplaire dont j\u2019ai b\u00e9n\u00e9fici\u00e9 pour r\u00e9soudre ce cas. J\u2019ai beaucoup appr\u00e9ci\u00e9 votre coll\u00e8gue, qui, tr\u00e8s rapidement, s\u2019est concentr\u00e9 sur les probl\u00e8mes essentiels, a contact\u00e9 les parties concern\u00e9es et trouv\u00e9 une solution appropri\u00e9e et \u00e9quitable. Malgr\u00e9 les circonstances, c\u2019est l\u2019une des interactions les plus fructueuses et les plus professionnelles que j\u2019ai eue avec l\u2019administration des Nations Unies pendant que j\u2019ai travaill\u00e9 pour l\u2019Organisation.\u00a0\u00bb[\/vc_column_text]<\/div><\/div><div class='slide'><div class='content'>[vc_column_text]\u00ab\u00a0Il semble que la route est \u00e0 pr\u00e9sent d\u00e9gag\u00e9e et que ma vie peut continuer. Je vous suis tr\u00e8s reconnaissante pour tout votre soutien et pour la patience dont vous avez fait preuve \u00e0 mon \u00e9gard. Je vais continuer \u00e0 am\u00e9liorer mes comp\u00e9tences et ma capacit\u00e9 de communication et de travail en \u00e9quipe.\u00a0\u00bb[\/vc_column_text]<\/div><\/div><div class='slide'><div class='content'>[vc_column_text]\n<p style=\"margin-top: 0px;\">\u201cJe tiens \u00e0 vous remercier infiniment pour la promptitude avec laquelle vous avez r\u00e9agi \u00e0 cette demande. Tout \u00e9change de correspondence vous sera transmis, pour vous permettre de mieux comprendre ma situation. Merci infiniment de votre appui.\u201d<\/p>\n[\/vc_column_text]<\/div><\/div><div class='slide'><div class='content'>[vc_column_text]\u00ab\u00a0Je suis tr\u00e8s heureuse de constater que, gr\u00e2ce \u00e0 votre m\u00e9diation, premi\u00e8rement, nous prenons du plaisir \u00e0 accomplir notre travail et, deuxi\u00e8mement, nous sommes pr\u00eats \u00e0 faire toujours plus.\u00a0\u00bb[\/vc_column_text]<\/div><\/div><div class='slide'><div class='content'>[vc_column_text]\u00ab\u00a0L\u2019Association du personnel souhaiterait vous remercier sinc\u00e8rement pour votre offre de m\u00e9diation. Vous nous avez aid\u00e9s et donn\u00e9 de l\u2019espoir. Veillez trouver ci-joint un compte rendu des \u00e9v\u00e9nements qui sont d\u00e9roul\u00e9s et des mesures prises \u00e0 ce jour dans le pays.\u00a0\u00bb[\/vc_column_text]<\/div><\/div><div class='slide'><div class='content'>[vc_column_text]\u00ab\u00a0Nous vous t\u00e9moignons toute notre gratitude pour l\u2019aide et le soutien importants que vous nous avez apport\u00e9s. Vous nous avez donn\u00e9 beaucoup d\u2019espoir et de force. Nous vous remercions sinc\u00e8rement, et de tout c\u0153ur, pour votre engagement et votre d\u00e9vouement \u00e0 notre \u00e9gard.\u00a0\u00bb[\/vc_column_text]<\/div><\/div><div class='slide'><div class='content'>[vc_column_text]\u00ab\u00a0Vos conseils m\u2019ont \u00e9t\u00e9 pr\u00e9cieux, ne serait-ce que pour garder mon calme et me concentrer sur mon travail. Merci.\u00a0\u00bb[\/vc_column_text]<\/div><\/div><div class='slide'><div class='content'>[vc_column_text]\u00ab\u00a0J\u2019esp\u00e8re que mon cas vous permettra d\u2019aider d\u2019autres membres du personnel \u00e0 \u00e9viter ce genre de probl\u00e8me \u00e0 l\u2019avenir.\u00a0\u00bb[\/vc_column_text]<\/div><\/div><div class='slide'><div class='content'>[vc_column_text]\u00ab\u00a0Je vous tiendrai inform\u00e9 et je vous recontacterai si j\u2019ai besoin de conseils suppl\u00e9mentaires. Vous m\u2019avez apport\u00e9 une aide CONSID\u00c9RABLE, et je vous remercie d\u2019avoir \u00e9t\u00e9 disponible pour discuter de mon probl\u00e8me en d\u00e9tail et de m\u2019avoir montr\u00e9 que je n\u2019aurais rien \u00e0 craindre.\u00a0\u00bb[\/vc_column_text]<\/div><\/div><\/div><\/div><div class='arrow leftArrow'><\/div><div class='arrow rightArrow'><\/div><\/div>[\/vc_column][\/vc_row][vc_row][vc_column width=&#8221;1\/1&#8243;][vc_column_text]<\/p>\n<h2>Testimonials<\/h2>\n<table id=\"testemonials\">\n<tbody>\n<tr>\n<td class=\"pic\"><a href=\"https:\/\/fpombudsman.org.s195742.gridserver.com\/wp-content\/uploads\/2014\/10\/silh13.png\"><img loading=\"lazy\" decoding=\"async\" class=\"alignnone size-full wp-image-222\" src=\"https:\/\/fpombudsman.org.s195742.gridserver.com\/wp-content\/uploads\/2014\/10\/silh13.png\" alt=\"silh13\" width=\"204\" height=\"254\" \/><\/a><\/td>\n<td>\u201cYou are considered fully for what you are\u201d <a href=\"https:\/\/fpombudsman.org.s195742.gridserver.com\/wp-content\/uploads\/2014\/10\/\u201cYou\u2019re-considered-fully-for-what-you-are\u201d.m4a\"><span style=\"color: #ffffff;\">xx<\/span><span style=\"color: #ffffff;\">xx<\/span><span style=\"color: #ffffff;\">xx<\/span><span style=\"color: #ffffff;\">xx<\/span><span style=\"color: #ffffff;\">xx<\/span><span style=\"color: #ffffff;\">xxxxxxxxxxxxxxxxxxxxxxxx<\/span><\/a><\/td>\n<td><a href=\"https:\/\/fpombudsman.org.s195742.gridserver.com\/wp-content\/uploads\/2015\/01\/You-are-considered-fully-for-what-you-are.mp4\"><span style=\"color: #3366ff; text-decoration: underline;\"><span style=\"text-decoration: underline;\">Play Audio file<\/span><\/span><\/a>\u00a0(en anglais)<\/td>\n<\/tr>\n<\/tbody>\n<\/table>\n<table id=\"testemonials\">\n<tbody>\n<tr>\n<td class=\"pic\"><img loading=\"lazy\" decoding=\"async\" class=\"alignnone size-full wp-image-219\" src=\"https:\/\/fpombudsman.org.s195742.gridserver.com\/wp-content\/uploads\/2014\/10\/silh10.png\" alt=\"silh10\" width=\"204\" height=\"254\" \/><\/td>\n<td>\u201cThe Ombudsman turned out to be a blessing\u201d<span style=\"color: #ffffff;\">xx<\/span><span style=\"color: #ffffff;\">x<\/span><span style=\"text-decoration: underline;\"><span style=\"color: #ffffff; text-decoration: underline;\">x<\/span><span style=\"color: #ffffff; text-decoration: underline;\">xx<\/span><span style=\"color: #ffffff; text-decoration: underline;\">xx<\/span><span style=\"color: #ffffff; text-decoration: underline;\">xx<\/span><span style=\"color: #ffffff; text-decoration: underline;\">xx<\/span><span style=\"color: #ffffff; text-decoration: underline;\">xx<\/span><span style=\"color: #ffffff; text-decoration: underline;\">xx<\/span><span style=\"color: #ffffff; text-decoration: underline;\">xxxxxxxxxx<\/span><span style=\"color: #ffffff; text-decoration: underline;\">xx<\/span><\/span><\/td>\n<td><a href=\"https:\/\/fpombudsman.org.s195742.gridserver.com\/wp-content\/uploads\/2015\/01\/The-Ombudsman-turned-out-to-be-a-blessing.mp4\"><span style=\"text-decoration: underline;\">\u0093<span style=\"color: #3366ff;\">Play Audio file<\/span><\/span><\/a>\u00a0(en anglais)<\/td>\n<\/tr>\n<\/tbody>\n<\/table>\n<table id=\"testemonials\">\n<tbody>\n<tr>\n<td class=\"pic\"><a href=\"https:\/\/fpombudsman.org.s195742.gridserver.com\/wp-content\/uploads\/2014\/10\/silh12.png\"><img loading=\"lazy\" decoding=\"async\" class=\"alignnone size-full wp-image-221\" src=\"https:\/\/fpombudsman.org.s195742.gridserver.com\/wp-content\/uploads\/2014\/10\/silh12.png\" alt=\"silh12\" width=\"204\" height=\"254\" \/><\/a><\/td>\n<td>\u201cI want to encourage those colleagues who\u00a0have gone through similar challenges\u201d<\/td>\n<td><a href=\"https:\/\/fpombudsman.org.s195742.gridserver.com\/wp-content\/uploads\/2015\/01\/I-want-to-encourage-those-colleagues-who-have-gone-through-similar-challenges.mp4\"><span style=\"color: #3366ff; text-decoration: underline;\">Play Audio file<\/span><\/a>\u00a0(en anglais)<\/td>\n<\/tr>\n<\/tbody>\n<\/table>\n<p>[\/vc_column_text][\/vc_column][\/vc_row][vc_row][vc_column width=&#8221;1\/1&#8243;][vc_message color=&#8221;alert-warning&#8221; style=&#8221;outlined&#8221;]<span style=\"color: #000000;\"><strong>Pour des questions de confidentialit\u00e9, ces t\u00e9moignages ont \u00e9t\u00e9 anonymis\u00e9s.<\/strong><\/span>[\/vc_message][\/vc_column][\/vc_row]<\/p>\n<\/div>","protected":false},"excerpt":{"rendered":"<p>[vc_row][vc_column width=&#8221;1\/1&#8243;][vc_single_image image=&#8221;479&#8243; border_color=&#8221;grey&#8221; img_link_target=&#8221;_self&#8221; style=&#8221;vc_box_border&#8221; img_size=&#8221;large&#8221;][\/vc_column][\/vc_row][vc_row][vc_column width=&#8221;1\/1&#8243;][\/vc_column][\/vc_row][vc_row][vc_column width=&#8221;1\/1&#8243;][vc_column_text] Testimonials \u201cYou are considered fully for what you are\u201d xxxxxxxxxxxxxxxxxxxxxxxxxxxxxxxxxx Play Audio file\u00a0(en anglais) \u201cThe Ombudsman turned out to be a blessing\u201dxxxxxxxxxxxxxxxxxxxxxxxxxxxx \u0093Play Audio file\u00a0(en anglais) \u201cI want to encourage those colleagues who\u00a0have gone through similar challenges\u201d Play Audio file\u00a0(en anglais) [\/vc_column_text][\/vc_column][\/vc_row][vc_row][vc_column width=&#8221;1\/1&#8243;][vc_message color=&#8221;alert-warning&#8221; style=&#8221;outlined&#8221;]Pour des [&hellip;]<\/p>\n","protected":false},"author":9,"featured_media":0,"parent":0,"menu_order":0,"comment_status":"open","ping_status":"open","template":"","meta":{"footnotes":""},"class_list":["post-1161","page","type-page","status-publish","hentry"],"yoast_head":"<!-- This site is optimized with the Yoast SEO plugin v24.1 - https:\/\/yoast.com\/wordpress\/plugins\/seo\/ -->\n<title>T\u00e9moignages Du Personnel - Office of the Ombudsman for United Nations Funds and Programmes<\/title>\n<meta name=\"robots\" content=\"index, follow, max-snippet:-1, max-image-preview:large, max-video-preview:-1\" \/>\n<link rel=\"canonical\" href=\"https:\/\/fpombudsman.org\/fr\/staff-voices-2\/\" \/>\n<meta property=\"og:locale\" content=\"fr_FR\" \/>\n<meta property=\"og:type\" content=\"article\" \/>\n<meta property=\"og:title\" content=\"T\u00e9moignages Du Personnel - Office of the Ombudsman for United Nations Funds and Programmes\" \/>\n<meta property=\"og:description\" content=\"[vc_row][vc_column width=&#8221;1\/1&#8243;][vc_single_image image=&#8221;479&#8243; border_color=&#8221;grey&#8221; img_link_target=&#8221;_self&#8221; style=&#8221;vc_box_border&#8221; img_size=&#8221;large&#8221;][\/vc_column][\/vc_row][vc_row][vc_column width=&#8221;1\/1&#8243;][\/vc_column][\/vc_row][vc_row][vc_column width=&#8221;1\/1&#8243;][vc_column_text] Testimonials \u201cYou are considered fully for what you are\u201d xxxxxxxxxxxxxxxxxxxxxxxxxxxxxxxxxx Play Audio file\u00a0(en anglais) \u201cThe Ombudsman turned out to be a blessing\u201dxxxxxxxxxxxxxxxxxxxxxxxxxxxx \u0093Play Audio file\u00a0(en anglais) \u201cI want to encourage those colleagues who\u00a0have gone through similar challenges\u201d Play Audio file\u00a0(en anglais) [\/vc_column_text][\/vc_column][\/vc_row][vc_row][vc_column width=&#8221;1\/1&#8243;][vc_message color=&#8221;alert-warning&#8221; style=&#8221;outlined&#8221;]Pour des [&hellip;]\" \/>\n<meta property=\"og:url\" content=\"https:\/\/fpombudsman.org\/fr\/staff-voices-2\/\" \/>\n<meta property=\"og:site_name\" content=\"Office of the Ombudsman for United Nations Funds and Programmes\" \/>\n<meta property=\"article:modified_time\" content=\"2015-08-06T14:44:14+00:00\" \/>\n<meta property=\"og:image\" content=\"https:\/\/fpombudsman.org.s195742.gridserver.com\/wp-content\/uploads\/2014\/10\/silh13.png\" \/>\n<meta name=\"twitter:card\" content=\"summary_large_image\" \/>\n<meta name=\"twitter:label1\" content=\"Dur\u00e9e de lecture estim\u00e9e\" \/>\n\t<meta name=\"twitter:data1\" content=\"5 minutes\" \/>\n<script type=\"application\/ld+json\" class=\"yoast-schema-graph\">{\"@context\":\"https:\/\/schema.org\",\"@graph\":[{\"@type\":\"WebPage\",\"@id\":\"https:\/\/fpombudsman.org\/fr\/staff-voices-2\/\",\"url\":\"https:\/\/fpombudsman.org\/fr\/staff-voices-2\/\",\"name\":\"T\u00e9moignages Du Personnel - Office of the Ombudsman for United Nations Funds and Programmes\",\"isPartOf\":{\"@id\":\"https:\/\/fpombudsman.org\/#website\"},\"primaryImageOfPage\":{\"@id\":\"https:\/\/fpombudsman.org\/fr\/staff-voices-2\/#primaryimage\"},\"image\":{\"@id\":\"https:\/\/fpombudsman.org\/fr\/staff-voices-2\/#primaryimage\"},\"thumbnailUrl\":\"https:\/\/fpombudsman.org.s195742.gridserver.com\/wp-content\/uploads\/2014\/10\/silh13.png\",\"datePublished\":\"2014-10-29T17:39:34+00:00\",\"dateModified\":\"2015-08-06T14:44:14+00:00\",\"breadcrumb\":{\"@id\":\"https:\/\/fpombudsman.org\/fr\/staff-voices-2\/#breadcrumb\"},\"inLanguage\":\"fr-FR\",\"potentialAction\":[{\"@type\":\"ReadAction\",\"target\":[\"https:\/\/fpombudsman.org\/fr\/staff-voices-2\/\"]}]},{\"@type\":\"ImageObject\",\"inLanguage\":\"fr-FR\",\"@id\":\"https:\/\/fpombudsman.org\/fr\/staff-voices-2\/#primaryimage\",\"url\":\"https:\/\/fpombudsman.org.s195742.gridserver.com\/wp-content\/uploads\/2014\/10\/silh13.png\",\"contentUrl\":\"https:\/\/fpombudsman.org.s195742.gridserver.com\/wp-content\/uploads\/2014\/10\/silh13.png\"},{\"@type\":\"BreadcrumbList\",\"@id\":\"https:\/\/fpombudsman.org\/fr\/staff-voices-2\/#breadcrumb\",\"itemListElement\":[{\"@type\":\"ListItem\",\"position\":1,\"name\":\"Home\",\"item\":\"https:\/\/fpombudsman.org\/fr\/\"},{\"@type\":\"ListItem\",\"position\":2,\"name\":\"T\u00e9moignages Du Personnel\"}]},{\"@type\":\"WebSite\",\"@id\":\"https:\/\/fpombudsman.org\/#website\",\"url\":\"https:\/\/fpombudsman.org\/\",\"name\":\"Office of the Ombudsman for United Nations Funds and Programmes\",\"description\":\"Confidential - Impartial - Independent - Informal\",\"publisher\":{\"@id\":\"https:\/\/fpombudsman.org\/#organization\"},\"potentialAction\":[{\"@type\":\"SearchAction\",\"target\":{\"@type\":\"EntryPoint\",\"urlTemplate\":\"https:\/\/fpombudsman.org\/?s={search_term_string}\"},\"query-input\":{\"@type\":\"PropertyValueSpecification\",\"valueRequired\":true,\"valueName\":\"search_term_string\"}}],\"inLanguage\":\"fr-FR\"},{\"@type\":\"Organization\",\"@id\":\"https:\/\/fpombudsman.org\/#organization\",\"name\":\"Office of the Ombudsman for United Nations Funds and Programmes\",\"url\":\"https:\/\/fpombudsman.org\/\",\"logo\":{\"@type\":\"ImageObject\",\"inLanguage\":\"fr-FR\",\"@id\":\"https:\/\/fpombudsman.org\/#\/schema\/logo\/image\/\",\"url\":\"https:\/\/fpombudsman.org\/wp-content\/uploads\/2020\/11\/Banner.png\",\"contentUrl\":\"https:\/\/fpombudsman.org\/wp-content\/uploads\/2020\/11\/Banner.png\",\"width\":391,\"height\":95,\"caption\":\"Office of the Ombudsman for United Nations Funds and Programmes\"},\"image\":{\"@id\":\"https:\/\/fpombudsman.org\/#\/schema\/logo\/image\/\"}}]}<\/script>\n<!-- \/ Yoast SEO plugin. -->","yoast_head_json":{"title":"T\u00e9moignages Du Personnel - Office of the Ombudsman for United Nations Funds and Programmes","robots":{"index":"index","follow":"follow","max-snippet":"max-snippet:-1","max-image-preview":"max-image-preview:large","max-video-preview":"max-video-preview:-1"},"canonical":"https:\/\/fpombudsman.org\/fr\/staff-voices-2\/","og_locale":"fr_FR","og_type":"article","og_title":"T\u00e9moignages Du Personnel - Office of the Ombudsman for United Nations Funds and Programmes","og_description":"[vc_row][vc_column width=&#8221;1\/1&#8243;][vc_single_image image=&#8221;479&#8243; border_color=&#8221;grey&#8221; img_link_target=&#8221;_self&#8221; style=&#8221;vc_box_border&#8221; img_size=&#8221;large&#8221;][\/vc_column][\/vc_row][vc_row][vc_column width=&#8221;1\/1&#8243;][\/vc_column][\/vc_row][vc_row][vc_column width=&#8221;1\/1&#8243;][vc_column_text] Testimonials \u201cYou are considered fully for what you are\u201d xxxxxxxxxxxxxxxxxxxxxxxxxxxxxxxxxx Play Audio file\u00a0(en anglais) \u201cThe Ombudsman turned out to be a blessing\u201dxxxxxxxxxxxxxxxxxxxxxxxxxxxx \u0093Play Audio file\u00a0(en anglais) \u201cI want to encourage those colleagues who\u00a0have gone through similar challenges\u201d Play Audio file\u00a0(en anglais) [\/vc_column_text][\/vc_column][\/vc_row][vc_row][vc_column width=&#8221;1\/1&#8243;][vc_message color=&#8221;alert-warning&#8221; style=&#8221;outlined&#8221;]Pour des [&hellip;]","og_url":"https:\/\/fpombudsman.org\/fr\/staff-voices-2\/","og_site_name":"Office of the Ombudsman for United Nations Funds and Programmes","article_modified_time":"2015-08-06T14:44:14+00:00","og_image":[{"url":"https:\/\/fpombudsman.org.s195742.gridserver.com\/wp-content\/uploads\/2014\/10\/silh13.png","type":"","width":"","height":""}],"twitter_card":"summary_large_image","twitter_misc":{"Dur\u00e9e de lecture estim\u00e9e":"5 minutes"},"schema":{"@context":"https:\/\/schema.org","@graph":[{"@type":"WebPage","@id":"https:\/\/fpombudsman.org\/fr\/staff-voices-2\/","url":"https:\/\/fpombudsman.org\/fr\/staff-voices-2\/","name":"T\u00e9moignages Du Personnel - Office of the Ombudsman for United Nations Funds and Programmes","isPartOf":{"@id":"https:\/\/fpombudsman.org\/#website"},"primaryImageOfPage":{"@id":"https:\/\/fpombudsman.org\/fr\/staff-voices-2\/#primaryimage"},"image":{"@id":"https:\/\/fpombudsman.org\/fr\/staff-voices-2\/#primaryimage"},"thumbnailUrl":"https:\/\/fpombudsman.org.s195742.gridserver.com\/wp-content\/uploads\/2014\/10\/silh13.png","datePublished":"2014-10-29T17:39:34+00:00","dateModified":"2015-08-06T14:44:14+00:00","breadcrumb":{"@id":"https:\/\/fpombudsman.org\/fr\/staff-voices-2\/#breadcrumb"},"inLanguage":"fr-FR","potentialAction":[{"@type":"ReadAction","target":["https:\/\/fpombudsman.org\/fr\/staff-voices-2\/"]}]},{"@type":"ImageObject","inLanguage":"fr-FR","@id":"https:\/\/fpombudsman.org\/fr\/staff-voices-2\/#primaryimage","url":"https:\/\/fpombudsman.org.s195742.gridserver.com\/wp-content\/uploads\/2014\/10\/silh13.png","contentUrl":"https:\/\/fpombudsman.org.s195742.gridserver.com\/wp-content\/uploads\/2014\/10\/silh13.png"},{"@type":"BreadcrumbList","@id":"https:\/\/fpombudsman.org\/fr\/staff-voices-2\/#breadcrumb","itemListElement":[{"@type":"ListItem","position":1,"name":"Home","item":"https:\/\/fpombudsman.org\/fr\/"},{"@type":"ListItem","position":2,"name":"T\u00e9moignages Du Personnel"}]},{"@type":"WebSite","@id":"https:\/\/fpombudsman.org\/#website","url":"https:\/\/fpombudsman.org\/","name":"Office of the Ombudsman for United Nations Funds and Programmes","description":"Confidential - Impartial - Independent - Informal","publisher":{"@id":"https:\/\/fpombudsman.org\/#organization"},"potentialAction":[{"@type":"SearchAction","target":{"@type":"EntryPoint","urlTemplate":"https:\/\/fpombudsman.org\/?s={search_term_string}"},"query-input":{"@type":"PropertyValueSpecification","valueRequired":true,"valueName":"search_term_string"}}],"inLanguage":"fr-FR"},{"@type":"Organization","@id":"https:\/\/fpombudsman.org\/#organization","name":"Office of the Ombudsman for United Nations Funds and Programmes","url":"https:\/\/fpombudsman.org\/","logo":{"@type":"ImageObject","inLanguage":"fr-FR","@id":"https:\/\/fpombudsman.org\/#\/schema\/logo\/image\/","url":"https:\/\/fpombudsman.org\/wp-content\/uploads\/2020\/11\/Banner.png","contentUrl":"https:\/\/fpombudsman.org\/wp-content\/uploads\/2020\/11\/Banner.png","width":391,"height":95,"caption":"Office of the Ombudsman for United Nations Funds and Programmes"},"image":{"@id":"https:\/\/fpombudsman.org\/#\/schema\/logo\/image\/"}}]}},"_links":{"self":[{"href":"https:\/\/fpombudsman.org\/fr\/wp-json\/wp\/v2\/pages\/1161","targetHints":{"allow":["GET"]}}],"collection":[{"href":"https:\/\/fpombudsman.org\/fr\/wp-json\/wp\/v2\/pages"}],"about":[{"href":"https:\/\/fpombudsman.org\/fr\/wp-json\/wp\/v2\/types\/page"}],"author":[{"embeddable":true,"href":"https:\/\/fpombudsman.org\/fr\/wp-json\/wp\/v2\/users\/9"}],"replies":[{"embeddable":true,"href":"https:\/\/fpombudsman.org\/fr\/wp-json\/wp\/v2\/comments?post=1161"}],"version-history":[{"count":6,"href":"https:\/\/fpombudsman.org\/fr\/wp-json\/wp\/v2\/pages\/1161\/revisions"}],"predecessor-version":[{"id":1627,"href":"https:\/\/fpombudsman.org\/fr\/wp-json\/wp\/v2\/pages\/1161\/revisions\/1627"}],"wp:attachment":[{"href":"https:\/\/fpombudsman.org\/fr\/wp-json\/wp\/v2\/media?parent=1161"}],"curies":[{"name":"wp","href":"https:\/\/api.w.org\/{rel}","templated":true}]}}