
{"id":1151,"date":"2014-10-29T19:39:09","date_gmt":"2014-10-29T19:39:09","guid":{"rendered":"https:\/\/fpombudsman.org\/resources\/media-centre\/"},"modified":"2019-09-27T17:39:42","modified_gmt":"2019-09-27T17:39:42","slug":"media-centre","status":"publish","type":"page","link":"https:\/\/fpombudsman.org\/fr\/resources-2\/media-centre\/","title":{"rendered":"Centre Des M\u00e9dias"},"content":{"rendered":"<div class=\"wpb-content-wrapper\"><p>[vc_row][vc_column][vc_column_text]<\/p>\n<h3>Videos<\/h3>\n<p>[\/vc_column_text][\/vc_column][\/vc_row][vc_row][vc_column width=&#8221;1\/2&#8243;][vc_column_text]<a href=\"https:\/\/fpombudsman.org.s195742.gridserver.com\/wp-content\/uploads\/2014\/12\/Street-interview.mp4\"><img loading=\"lazy\" decoding=\"async\" class=\"alignnone size-medium wp-image-629\" src=\"https:\/\/fpombudsman.org.s195742.gridserver.com\/wp-content\/uploads\/2014\/11\/Street-interview_still_final-300x117.jpg\" alt=\"Street interview_still_final\" width=\"300\" height=\"117\" srcset=\"https:\/\/fpombudsman.org\/wp-content\/uploads\/2014\/11\/Street-interview_still_final-300x117.jpg 300w, https:\/\/fpombudsman.org\/wp-content\/uploads\/2014\/11\/Street-interview_still_final.jpg 664w\" sizes=\"auto, (max-width: 300px) 100vw, 300px\" \/><\/a><\/p>\n<p>\u00ab\u00a0Selon vous, que fait un Ombudsman?\u00a0\u00bb<\/p>\n<p>C\u2019est l\u2019une des questions que j\u2019ai pos\u00e9e \u00e0 des coll\u00e8gues \u00e0 New York. Regardez la vid\u00e9o pour en savoir plus sur leur connaissance et leur exp\u00e9rience des services d\u2019ombudsman (en anglais).[\/vc_column_text][\/vc_column][vc_column width=&#8221;1\/2&#8243;][vc_column_text]Ombudsman Video<\/p>\n<p><iframe loading=\"lazy\" title=\"Ombudsman Video French\" width=\"500\" height=\"281\" src=\"https:\/\/www.youtube.com\/embed\/TBu0SpPYYp0?feature=oembed\" frameborder=\"0\" allow=\"accelerometer; autoplay; clipboard-write; encrypted-media; gyroscope; picture-in-picture; web-share\" referrerpolicy=\"strict-origin-when-cross-origin\" allowfullscreen><\/iframe><\/p>\n<p>[\/vc_column_text][\/vc_column][\/vc_row][vc_row][vc_column][vc_separator color=&#8221;orange&#8221;][vc_column_text]<\/p>\n<h3>Interviews<\/h3>\n<p>[\/vc_column_text][\/vc_column][\/vc_row][vc_row][vc_column width=&#8221;1\/2&#8243;][vc_column_text]Interview with James Lee: Pioneers of Organizational Ombudsmanry in International Agencies (2014, pp. 95-97).<\/p>\n<p><a href=\"https:\/\/fpombudsman.org.s195742.gridserver.com\/wp-content\/uploads\/2014\/12\/Interview-with-James-Lee_Pioneers-of-Organizational-Ombudsmanry-in-International-Agencies-2014.pdf\">Anglais<\/a>\u00a0(PDF)<\/p>\n<hr \/>\n<p>Interview with Mame Diagne &amp; Helmut Buss: \u201cStep into our office\u201d \u2013 ombudspersons explain their role (2012)<\/p>\n<p><a href=\"https:\/\/fpombudsman.org.s195742.gridserver.com\/wp-content\/uploads\/2014\/11\/Interview-with-Mame-Diagne-Helmut-Buss_\u201cStep-into-our-office\u201d-\u2013-ombudspersons-explain-their-role_2012.pdf\">Anglais<\/a>\u00a0(PDF)<\/p>\n<hr \/>\n<p>Interview with James Lee: Don&#8217;t shoot the messenger! A conversation with the Ombudsperson (2005)<\/p>\n<p><a href=\"https:\/\/fpombudsman.org.s195742.gridserver.com\/wp-content\/uploads\/2014\/11\/Interview-with-James-Lee_Dont-shoot-the-messenger-A-conversation-with-the-Ombudsperson_2005.pdf\">Anglais <\/a>(PDF)[\/vc_column_text][\/vc_column][vc_column width=&#8221;1\/2&#8243;][vc_column_text]Interview with James Lee: Feel You&#8217;ve Been Unfairly Treated. Call the Office of the Ombudsperson (2004)\u00a0\u00a0\u00a0\u00a0\u00a0\u00a0\u00a0\u00a0\u00a0\u00a0\u00a0\u00a0\u00a0\u00a0 <span style=\"color: #ffffff;\">xxxx<\/span><\/p>\n<p><a href=\"https:\/\/fpombudsman.org.s195742.gridserver.com\/wp-content\/uploads\/2014\/11\/Interview-with-James-Lee_Feel-Youve-Been-Unfairly-Treated.-Call-the-Office-of-the-Ombudsperson_2004.pdf\">Anglais<\/a> (PDF)<\/p>\n<hr \/>\n<p>Interview with James Lee: James Lee, Ombudsman, shares tips (2004)\u00a0\u00a0\u00a0\u00a0\u00a0\u00a0\u00a0\u00a0\u00a0\u00a0\u00a0\u00a0\u00a0\u00a0\u00a0\u00a0\u00a0\u00a0\u00a0\u00a0\u00a0\u00a0\u00a0\u00a0\u00a0\u00a0\u00a0\u00a0\u00a0\u00a0 \u00a0\u00a0\u00a0\u00a0\u00a0\u00a0\u00a0\u00a0\u00a0\u00a0\u00a0\u00a0\u00a0\u00a0\u00a0\u00a0 \u00a0\u00a0\u00a0\u00a0\u00a0\u00a0\u00a0\u00a0\u00a0\u00a0\u00a0\u00a0\u00a0\u00a0\u00a0\u00a0 \u00a0<span style=\"color: #ffffff;\">xxxx<\/span><\/p>\n<p><a href=\"https:\/\/fpombudsman.org.s195742.gridserver.com\/wp-content\/uploads\/2014\/11\/James-Lee_Ombudsman-shares-tips_2004.pdf\">Anglais <\/a>(PDF)<\/p>\n<hr \/>\n<p>Interview with James Lee: The 2nd Annual Report of the Ombudsperson (2004)\u00a0\u00a0\u00a0\u00a0 \u00a0\u00a0\u00a0\u00a0\u00a0\u00a0 \u00a0\u00a0\u00a0\u00a0\u00a0\u00a0\u00a0\u00a0\u00a0\u00a0\u00a0\u00a0\u00a0 \u00a0\u00a0\u00a0\u00a0\u00a0\u00a0\u00a0\u00a0\u00a0\u00a0\u00a0\u00a0\u00a0 <span style=\"color: #ffffff;\">xxxx<\/span><\/p>\n<p><a href=\"https:\/\/fpombudsman.org.s195742.gridserver.com\/wp-content\/uploads\/2014\/11\/Interview-with-James-Lee_The-2nd-Annual-Report-of-the-Ombudsperson_2004.pdf\">Anglais <\/a>(PDF)<\/p>\n<p>[\/vc_column_text][\/vc_column][\/vc_row][vc_row][vc_column][vc_separator color=&#8221;orange&#8221;][vc_column_text]<\/p>\n<h3>Posters<\/h3>\n<p>[\/vc_column_text][\/vc_column][\/vc_row][vc_row][vc_column width=&#8221;1\/4&#8243;][vc_single_image image=&#8221;744&#8243; img_size=&#8221;full&#8221;][\/vc_column][vc_column width=&#8221;1\/4&#8243;][vc_column_text]<\/p>\n<h3>Rapport\u00a0Annuel\u00a02013<\/h3>\n<p>y compris QR Scan<\/p>\n<p>&nbsp;<\/p>\n<p>&nbsp;<\/p>\n<p><a href=\"https:\/\/fpombudsman.org.s195742.gridserver.com\/wp-content\/uploads\/2014\/10\/Poster_AnnualReport2013_final.jpg\">Anglais <\/a>(JPEG)[\/vc_column_text][\/vc_column][vc_column width=&#8221;1\/4&#8243;][vc_single_image image=&#8221;746&#8243; img_size=&#8221;full&#8221;][\/vc_column][vc_column width=&#8221;1\/4&#8243;][vc_column_text]<\/p>\n<h3>Principes d&#8217;Ombudsman<\/h3>\n<p>&nbsp;<\/p>\n<p>&nbsp;<\/p>\n<p><a href=\"https:\/\/fpombudsman.org.s195742.gridserver.com\/wp-content\/uploads\/2014\/10\/Ombudsman-poster-english.pdf\">Anglais <\/a>(PDF)<\/p>\n<p><a href=\"https:\/\/fpombudsman.org.s195742.gridserver.com\/wp-content\/uploads\/2014\/11\/Ombudsman-Poster_Spanish.pdf\">Espagnol <\/a>(PDF)<\/p>\n<p><a href=\"https:\/\/fpombudsman.org.s195742.gridserver.com\/wp-content\/uploads\/2014\/11\/Ombudsman-Poster_French.pdf\">Fran\u00e7ais <\/a>(PDF)[\/vc_column_text][\/vc_column][\/vc_row]<\/p>\n<\/div>","protected":false},"excerpt":{"rendered":"<p>[vc_row][vc_column][vc_column_text] Videos [\/vc_column_text][\/vc_column][\/vc_row][vc_row][vc_column width=&#8221;1\/2&#8243;][vc_column_text] \u00ab\u00a0Selon vous, que fait un Ombudsman?\u00a0\u00bb C\u2019est l\u2019une des questions que j\u2019ai pos\u00e9e \u00e0 des coll\u00e8gues \u00e0 New York. Regardez la vid\u00e9o pour en savoir plus sur leur connaissance et leur exp\u00e9rience des services d\u2019ombudsman (en anglais).[\/vc_column_text][\/vc_column][vc_column width=&#8221;1\/2&#8243;][vc_column_text]Ombudsman Video [\/vc_column_text][\/vc_column][\/vc_row][vc_row][vc_column][vc_separator color=&#8221;orange&#8221;][vc_column_text] Interviews [\/vc_column_text][\/vc_column][\/vc_row][vc_row][vc_column width=&#8221;1\/2&#8243;][vc_column_text]Interview with James Lee: Pioneers of Organizational Ombudsmanry [&hellip;]<\/p>\n","protected":false},"author":9,"featured_media":0,"parent":1149,"menu_order":0,"comment_status":"open","ping_status":"open","template":"","meta":{"footnotes":""},"class_list":["post-1151","page","type-page","status-publish","hentry"],"yoast_head":"<!-- This site is optimized with the Yoast SEO plugin v24.1 - https:\/\/yoast.com\/wordpress\/plugins\/seo\/ -->\n<title>Centre Des M\u00e9dias - Office of the Ombudsman for United Nations Funds and Programmes<\/title>\n<meta name=\"robots\" content=\"index, follow, max-snippet:-1, max-image-preview:large, max-video-preview:-1\" \/>\n<link rel=\"canonical\" href=\"https:\/\/fpombudsman.org\/fr\/resources-2\/media-centre\/\" \/>\n<meta property=\"og:locale\" content=\"fr_FR\" \/>\n<meta property=\"og:type\" content=\"article\" \/>\n<meta property=\"og:title\" content=\"Centre Des M\u00e9dias - Office of the Ombudsman for United Nations Funds and Programmes\" \/>\n<meta property=\"og:description\" content=\"[vc_row][vc_column][vc_column_text] Videos [\/vc_column_text][\/vc_column][\/vc_row][vc_row][vc_column width=&#8221;1\/2&#8243;][vc_column_text] \u00ab\u00a0Selon vous, que fait un Ombudsman?\u00a0\u00bb C\u2019est l\u2019une des questions que j\u2019ai pos\u00e9e \u00e0 des coll\u00e8gues \u00e0 New York. Regardez la vid\u00e9o pour en savoir plus sur leur connaissance et leur exp\u00e9rience des services d\u2019ombudsman (en anglais).[\/vc_column_text][\/vc_column][vc_column width=&#8221;1\/2&#8243;][vc_column_text]Ombudsman Video [\/vc_column_text][\/vc_column][\/vc_row][vc_row][vc_column][vc_separator color=&#8221;orange&#8221;][vc_column_text] Interviews [\/vc_column_text][\/vc_column][\/vc_row][vc_row][vc_column width=&#8221;1\/2&#8243;][vc_column_text]Interview with James Lee: Pioneers of Organizational Ombudsmanry [&hellip;]\" \/>\n<meta property=\"og:url\" content=\"https:\/\/fpombudsman.org\/fr\/resources-2\/media-centre\/\" \/>\n<meta property=\"og:site_name\" content=\"Office of the Ombudsman for United Nations Funds and Programmes\" \/>\n<meta property=\"article:modified_time\" content=\"2019-09-27T17:39:42+00:00\" \/>\n<meta property=\"og:image\" content=\"https:\/\/fpombudsman.org.s195742.gridserver.com\/wp-content\/uploads\/2014\/11\/Street-interview_still_final-300x117.jpg\" \/>\n<meta name=\"twitter:card\" content=\"summary_large_image\" \/>\n<meta name=\"twitter:label1\" content=\"Dur\u00e9e de lecture estim\u00e9e\" \/>\n\t<meta name=\"twitter:data1\" content=\"2 minutes\" \/>\n<script type=\"application\/ld+json\" class=\"yoast-schema-graph\">{\"@context\":\"https:\/\/schema.org\",\"@graph\":[{\"@type\":\"WebPage\",\"@id\":\"https:\/\/fpombudsman.org\/fr\/resources-2\/media-centre\/\",\"url\":\"https:\/\/fpombudsman.org\/fr\/resources-2\/media-centre\/\",\"name\":\"Centre Des M\u00e9dias - Office of the Ombudsman for United Nations Funds and Programmes\",\"isPartOf\":{\"@id\":\"https:\/\/fpombudsman.org\/#website\"},\"primaryImageOfPage\":{\"@id\":\"https:\/\/fpombudsman.org\/fr\/resources-2\/media-centre\/#primaryimage\"},\"image\":{\"@id\":\"https:\/\/fpombudsman.org\/fr\/resources-2\/media-centre\/#primaryimage\"},\"thumbnailUrl\":\"https:\/\/fpombudsman.org.s195742.gridserver.com\/wp-content\/uploads\/2014\/11\/Street-interview_still_final-300x117.jpg\",\"datePublished\":\"2014-10-29T19:39:09+00:00\",\"dateModified\":\"2019-09-27T17:39:42+00:00\",\"breadcrumb\":{\"@id\":\"https:\/\/fpombudsman.org\/fr\/resources-2\/media-centre\/#breadcrumb\"},\"inLanguage\":\"fr-FR\",\"potentialAction\":[{\"@type\":\"ReadAction\",\"target\":[\"https:\/\/fpombudsman.org\/fr\/resources-2\/media-centre\/\"]}]},{\"@type\":\"ImageObject\",\"inLanguage\":\"fr-FR\",\"@id\":\"https:\/\/fpombudsman.org\/fr\/resources-2\/media-centre\/#primaryimage\",\"url\":\"https:\/\/fpombudsman.org.s195742.gridserver.com\/wp-content\/uploads\/2014\/11\/Street-interview_still_final-300x117.jpg\",\"contentUrl\":\"https:\/\/fpombudsman.org.s195742.gridserver.com\/wp-content\/uploads\/2014\/11\/Street-interview_still_final-300x117.jpg\"},{\"@type\":\"BreadcrumbList\",\"@id\":\"https:\/\/fpombudsman.org\/fr\/resources-2\/media-centre\/#breadcrumb\",\"itemListElement\":[{\"@type\":\"ListItem\",\"position\":1,\"name\":\"Home\",\"item\":\"https:\/\/fpombudsman.org\/fr\/\"},{\"@type\":\"ListItem\",\"position\":2,\"name\":\"Ressources\",\"item\":\"https:\/\/fpombudsman.org\/fr\/resources-2\/\"},{\"@type\":\"ListItem\",\"position\":3,\"name\":\"Centre Des M\u00e9dias\"}]},{\"@type\":\"WebSite\",\"@id\":\"https:\/\/fpombudsman.org\/#website\",\"url\":\"https:\/\/fpombudsman.org\/\",\"name\":\"Office of the Ombudsman for United Nations Funds and Programmes\",\"description\":\"Confidential - Impartial - Independent - Informal\",\"publisher\":{\"@id\":\"https:\/\/fpombudsman.org\/#organization\"},\"potentialAction\":[{\"@type\":\"SearchAction\",\"target\":{\"@type\":\"EntryPoint\",\"urlTemplate\":\"https:\/\/fpombudsman.org\/?s={search_term_string}\"},\"query-input\":{\"@type\":\"PropertyValueSpecification\",\"valueRequired\":true,\"valueName\":\"search_term_string\"}}],\"inLanguage\":\"fr-FR\"},{\"@type\":\"Organization\",\"@id\":\"https:\/\/fpombudsman.org\/#organization\",\"name\":\"Office of the Ombudsman for United Nations Funds and Programmes\",\"url\":\"https:\/\/fpombudsman.org\/\",\"logo\":{\"@type\":\"ImageObject\",\"inLanguage\":\"fr-FR\",\"@id\":\"https:\/\/fpombudsman.org\/#\/schema\/logo\/image\/\",\"url\":\"https:\/\/fpombudsman.org\/wp-content\/uploads\/2020\/11\/Banner.png\",\"contentUrl\":\"https:\/\/fpombudsman.org\/wp-content\/uploads\/2020\/11\/Banner.png\",\"width\":391,\"height\":95,\"caption\":\"Office of the Ombudsman for United Nations Funds and Programmes\"},\"image\":{\"@id\":\"https:\/\/fpombudsman.org\/#\/schema\/logo\/image\/\"}}]}<\/script>\n<!-- \/ Yoast SEO plugin. -->","yoast_head_json":{"title":"Centre Des M\u00e9dias - Office of the Ombudsman for United Nations Funds and Programmes","robots":{"index":"index","follow":"follow","max-snippet":"max-snippet:-1","max-image-preview":"max-image-preview:large","max-video-preview":"max-video-preview:-1"},"canonical":"https:\/\/fpombudsman.org\/fr\/resources-2\/media-centre\/","og_locale":"fr_FR","og_type":"article","og_title":"Centre Des M\u00e9dias - Office of the Ombudsman for United Nations Funds and Programmes","og_description":"[vc_row][vc_column][vc_column_text] Videos [\/vc_column_text][\/vc_column][\/vc_row][vc_row][vc_column width=&#8221;1\/2&#8243;][vc_column_text] \u00ab\u00a0Selon vous, que fait un Ombudsman?\u00a0\u00bb C\u2019est l\u2019une des questions que j\u2019ai pos\u00e9e \u00e0 des coll\u00e8gues \u00e0 New York. Regardez la vid\u00e9o pour en savoir plus sur leur connaissance et leur exp\u00e9rience des services d\u2019ombudsman (en anglais).[\/vc_column_text][\/vc_column][vc_column width=&#8221;1\/2&#8243;][vc_column_text]Ombudsman Video [\/vc_column_text][\/vc_column][\/vc_row][vc_row][vc_column][vc_separator color=&#8221;orange&#8221;][vc_column_text] Interviews [\/vc_column_text][\/vc_column][\/vc_row][vc_row][vc_column width=&#8221;1\/2&#8243;][vc_column_text]Interview with James Lee: Pioneers of Organizational Ombudsmanry [&hellip;]","og_url":"https:\/\/fpombudsman.org\/fr\/resources-2\/media-centre\/","og_site_name":"Office of the Ombudsman for United Nations Funds and Programmes","article_modified_time":"2019-09-27T17:39:42+00:00","og_image":[{"url":"https:\/\/fpombudsman.org.s195742.gridserver.com\/wp-content\/uploads\/2014\/11\/Street-interview_still_final-300x117.jpg","type":"","width":"","height":""}],"twitter_card":"summary_large_image","twitter_misc":{"Dur\u00e9e de lecture estim\u00e9e":"2 minutes"},"schema":{"@context":"https:\/\/schema.org","@graph":[{"@type":"WebPage","@id":"https:\/\/fpombudsman.org\/fr\/resources-2\/media-centre\/","url":"https:\/\/fpombudsman.org\/fr\/resources-2\/media-centre\/","name":"Centre Des M\u00e9dias - Office of the Ombudsman for United Nations Funds and Programmes","isPartOf":{"@id":"https:\/\/fpombudsman.org\/#website"},"primaryImageOfPage":{"@id":"https:\/\/fpombudsman.org\/fr\/resources-2\/media-centre\/#primaryimage"},"image":{"@id":"https:\/\/fpombudsman.org\/fr\/resources-2\/media-centre\/#primaryimage"},"thumbnailUrl":"https:\/\/fpombudsman.org.s195742.gridserver.com\/wp-content\/uploads\/2014\/11\/Street-interview_still_final-300x117.jpg","datePublished":"2014-10-29T19:39:09+00:00","dateModified":"2019-09-27T17:39:42+00:00","breadcrumb":{"@id":"https:\/\/fpombudsman.org\/fr\/resources-2\/media-centre\/#breadcrumb"},"inLanguage":"fr-FR","potentialAction":[{"@type":"ReadAction","target":["https:\/\/fpombudsman.org\/fr\/resources-2\/media-centre\/"]}]},{"@type":"ImageObject","inLanguage":"fr-FR","@id":"https:\/\/fpombudsman.org\/fr\/resources-2\/media-centre\/#primaryimage","url":"https:\/\/fpombudsman.org.s195742.gridserver.com\/wp-content\/uploads\/2014\/11\/Street-interview_still_final-300x117.jpg","contentUrl":"https:\/\/fpombudsman.org.s195742.gridserver.com\/wp-content\/uploads\/2014\/11\/Street-interview_still_final-300x117.jpg"},{"@type":"BreadcrumbList","@id":"https:\/\/fpombudsman.org\/fr\/resources-2\/media-centre\/#breadcrumb","itemListElement":[{"@type":"ListItem","position":1,"name":"Home","item":"https:\/\/fpombudsman.org\/fr\/"},{"@type":"ListItem","position":2,"name":"Ressources","item":"https:\/\/fpombudsman.org\/fr\/resources-2\/"},{"@type":"ListItem","position":3,"name":"Centre Des M\u00e9dias"}]},{"@type":"WebSite","@id":"https:\/\/fpombudsman.org\/#website","url":"https:\/\/fpombudsman.org\/","name":"Office of the Ombudsman for United Nations Funds and Programmes","description":"Confidential - Impartial - Independent - Informal","publisher":{"@id":"https:\/\/fpombudsman.org\/#organization"},"potentialAction":[{"@type":"SearchAction","target":{"@type":"EntryPoint","urlTemplate":"https:\/\/fpombudsman.org\/?s={search_term_string}"},"query-input":{"@type":"PropertyValueSpecification","valueRequired":true,"valueName":"search_term_string"}}],"inLanguage":"fr-FR"},{"@type":"Organization","@id":"https:\/\/fpombudsman.org\/#organization","name":"Office of the Ombudsman for United Nations Funds and Programmes","url":"https:\/\/fpombudsman.org\/","logo":{"@type":"ImageObject","inLanguage":"fr-FR","@id":"https:\/\/fpombudsman.org\/#\/schema\/logo\/image\/","url":"https:\/\/fpombudsman.org\/wp-content\/uploads\/2020\/11\/Banner.png","contentUrl":"https:\/\/fpombudsman.org\/wp-content\/uploads\/2020\/11\/Banner.png","width":391,"height":95,"caption":"Office of the Ombudsman for United Nations Funds and Programmes"},"image":{"@id":"https:\/\/fpombudsman.org\/#\/schema\/logo\/image\/"}}]}},"_links":{"self":[{"href":"https:\/\/fpombudsman.org\/fr\/wp-json\/wp\/v2\/pages\/1151","targetHints":{"allow":["GET"]}}],"collection":[{"href":"https:\/\/fpombudsman.org\/fr\/wp-json\/wp\/v2\/pages"}],"about":[{"href":"https:\/\/fpombudsman.org\/fr\/wp-json\/wp\/v2\/types\/page"}],"author":[{"embeddable":true,"href":"https:\/\/fpombudsman.org\/fr\/wp-json\/wp\/v2\/users\/9"}],"replies":[{"embeddable":true,"href":"https:\/\/fpombudsman.org\/fr\/wp-json\/wp\/v2\/comments?post=1151"}],"version-history":[{"count":8,"href":"https:\/\/fpombudsman.org\/fr\/wp-json\/wp\/v2\/pages\/1151\/revisions"}],"predecessor-version":[{"id":2369,"href":"https:\/\/fpombudsman.org\/fr\/wp-json\/wp\/v2\/pages\/1151\/revisions\/2369"}],"up":[{"embeddable":true,"href":"https:\/\/fpombudsman.org\/fr\/wp-json\/wp\/v2\/pages\/1149"}],"wp:attachment":[{"href":"https:\/\/fpombudsman.org\/fr\/wp-json\/wp\/v2\/media?parent=1151"}],"curies":[{"name":"wp","href":"https:\/\/api.w.org\/{rel}","templated":true}]}}