
{"id":1143,"date":"2014-10-30T21:11:43","date_gmt":"2014-10-30T21:11:43","guid":{"rendered":"https:\/\/fpombudsman.org\/our-team\/mame-diagne\/"},"modified":"2015-08-06T14:13:58","modified_gmt":"2015-08-06T14:13:58","slug":"mame-diagne","status":"publish","type":"page","link":"https:\/\/fpombudsman.org\/fr\/history-2\/mame-diagne\/","title":{"rendered":"Mame Diagne"},"content":{"rendered":"<div class=\"wpb-content-wrapper\"><p>[vc_row][vc_column width=&#8221;1\/4&#8243;][vc_single_image image=&#8221;104&#8243; border_color=&#8221;grey&#8221; img_link_target=&#8221;_self&#8221;][\/vc_column][vc_column width=&#8221;3\/4&#8243;][vc_column_text]<\/p>\n<h3>Ombudsman<\/h3>\n<p>Avant sa nomination au poste d\u2019Ombudsman des fonds et des programmes, Mame Diagne a occup\u00e9, pendant pr\u00e8s de 4 ans, les fonctions de chef r\u00e9gional des ressources humaines au Bureau r\u00e9gional de l\u2019UNICEF pour l\u2019Asie de l\u2019Est et le Pacifique, bas\u00e9 \u00e0 Bangkok, Tha\u00eflande. Mme Diagne est s\u00e9n\u00e9galaise.<\/p>\n<p>Elle a plus de 25 ans d\u2019exp\u00e9rience professionnelle et a travaill\u00e9 dans divers bureaux de l\u2019UNICEF dans les domaines des op\u00e9rations et de la gestion des ressources humaines, dans six des sept r\u00e9gions de l\u2019UNICEF, notamment en Afrique, en Asie, en Europe, au Moyen-Orient et au si\u00e8ge \u00e0 New York.<\/p>\n<p>Mame Diagne a exerc\u00e9 les fonctions de chef des ressources humaines \u00e0 Dacca, Bangladesh, et de responsable de la gestion des ressources humaines au sein de la Division des Programmes d\u2019Urgence (EMOPS) \u00e0 New York, dans le cadre de l\u2019\u00e9quipe d\u2019intervention rapide intervenant, \u00e0 l\u2019\u00e9chelle mondiale, dans les op\u00e9rations d\u2019urgence dans les bureaux de pays de l\u2019UNICEF. Elle a \u00e9galement \u00e9t\u00e9 responsable des op\u00e9rations dans des situations d\u2019urgence complexes comme celle du Rwanda, de l\u2019Iraq et des Territoires palestiniens.<\/p>\n<p>Mme Diagne poss\u00e8de de tr\u00e8s solides connaissances en mati\u00e8re de politique et de r\u00e8glement du personnel des Nations Unies. Elle apporte une ma\u00eetrise et une compr\u00e9hension approfondies de la gestion des ressources humaines, notamment sa comp\u00e9tence \u00e0 g\u00e9rer les crises et les conflits aux niveaux national, r\u00e9gional et mondial.<\/p>\n<p>Mame Diagne est titulaire d\u2019une ma\u00eetrise en gestion des ressources humaines de l\u2019universit\u00e9 de Manchester, Royaume-Uni, et est membre de l\u2019Association internationale des Ombudsmans (IOA).[\/vc_column_text][\/vc_column][\/vc_row]<\/p>\n<\/div>","protected":false},"excerpt":{"rendered":"<p>[vc_row][vc_column width=&#8221;1\/4&#8243;][vc_single_image image=&#8221;104&#8243; border_color=&#8221;grey&#8221; img_link_target=&#8221;_self&#8221;][\/vc_column][vc_column width=&#8221;3\/4&#8243;][vc_column_text] Ombudsman Avant sa nomination au poste d\u2019Ombudsman des fonds et des programmes, Mame Diagne a occup\u00e9, pendant pr\u00e8s de 4 ans, les fonctions de chef r\u00e9gional des ressources humaines au Bureau r\u00e9gional de l\u2019UNICEF pour l\u2019Asie de l\u2019Est et le Pacifique, bas\u00e9 \u00e0 Bangkok, Tha\u00eflande. Mme Diagne est s\u00e9n\u00e9galaise. [&hellip;]<\/p>\n","protected":false},"author":9,"featured_media":0,"parent":1119,"menu_order":0,"comment_status":"open","ping_status":"open","template":"","meta":{"footnotes":""},"class_list":["post-1143","page","type-page","status-publish","hentry"],"yoast_head":"<!-- This site is optimized with the Yoast SEO plugin v24.1 - https:\/\/yoast.com\/wordpress\/plugins\/seo\/ -->\n<title>Mame Diagne - Office of the Ombudsman for United Nations Funds and Programmes<\/title>\n<meta name=\"robots\" content=\"index, follow, max-snippet:-1, max-image-preview:large, max-video-preview:-1\" \/>\n<link rel=\"canonical\" href=\"https:\/\/fpombudsman.org\/fr\/history-2\/mame-diagne\/\" \/>\n<meta property=\"og:locale\" content=\"fr_FR\" \/>\n<meta property=\"og:type\" content=\"article\" \/>\n<meta property=\"og:title\" content=\"Mame Diagne - Office of the Ombudsman for United Nations Funds and Programmes\" \/>\n<meta property=\"og:description\" content=\"[vc_row][vc_column width=&#8221;1\/4&#8243;][vc_single_image image=&#8221;104&#8243; border_color=&#8221;grey&#8221; img_link_target=&#8221;_self&#8221;][\/vc_column][vc_column width=&#8221;3\/4&#8243;][vc_column_text] Ombudsman Avant sa nomination au poste d\u2019Ombudsman des fonds et des programmes, Mame Diagne a occup\u00e9, pendant pr\u00e8s de 4 ans, les fonctions de chef r\u00e9gional des ressources humaines au Bureau r\u00e9gional de l\u2019UNICEF pour l\u2019Asie de l\u2019Est et le Pacifique, bas\u00e9 \u00e0 Bangkok, Tha\u00eflande. Mme Diagne est s\u00e9n\u00e9galaise. [&hellip;]\" \/>\n<meta property=\"og:url\" content=\"https:\/\/fpombudsman.org\/fr\/history-2\/mame-diagne\/\" \/>\n<meta property=\"og:site_name\" content=\"Office of the Ombudsman for United Nations Funds and Programmes\" \/>\n<meta property=\"article:modified_time\" content=\"2015-08-06T14:13:58+00:00\" \/>\n<meta name=\"twitter:card\" content=\"summary_large_image\" \/>\n<meta name=\"twitter:label1\" content=\"Dur\u00e9e de lecture estim\u00e9e\" \/>\n\t<meta name=\"twitter:data1\" content=\"2 minutes\" \/>\n<script type=\"application\/ld+json\" class=\"yoast-schema-graph\">{\"@context\":\"https:\/\/schema.org\",\"@graph\":[{\"@type\":\"WebPage\",\"@id\":\"https:\/\/fpombudsman.org\/fr\/history-2\/mame-diagne\/\",\"url\":\"https:\/\/fpombudsman.org\/fr\/history-2\/mame-diagne\/\",\"name\":\"Mame Diagne - Office of the Ombudsman for United Nations Funds and Programmes\",\"isPartOf\":{\"@id\":\"https:\/\/fpombudsman.org\/#website\"},\"datePublished\":\"2014-10-30T21:11:43+00:00\",\"dateModified\":\"2015-08-06T14:13:58+00:00\",\"breadcrumb\":{\"@id\":\"https:\/\/fpombudsman.org\/fr\/history-2\/mame-diagne\/#breadcrumb\"},\"inLanguage\":\"fr-FR\",\"potentialAction\":[{\"@type\":\"ReadAction\",\"target\":[\"https:\/\/fpombudsman.org\/fr\/history-2\/mame-diagne\/\"]}]},{\"@type\":\"BreadcrumbList\",\"@id\":\"https:\/\/fpombudsman.org\/fr\/history-2\/mame-diagne\/#breadcrumb\",\"itemListElement\":[{\"@type\":\"ListItem\",\"position\":1,\"name\":\"Home\",\"item\":\"https:\/\/fpombudsman.org\/fr\/\"},{\"@type\":\"ListItem\",\"position\":2,\"name\":\"Historique De Notre Bureau\",\"item\":\"https:\/\/fpombudsman.org\/fr\/history-2\/\"},{\"@type\":\"ListItem\",\"position\":3,\"name\":\"Mame Diagne\"}]},{\"@type\":\"WebSite\",\"@id\":\"https:\/\/fpombudsman.org\/#website\",\"url\":\"https:\/\/fpombudsman.org\/\",\"name\":\"Office of the Ombudsman for United Nations Funds and Programmes\",\"description\":\"Confidential - Impartial - Independent - Informal\",\"publisher\":{\"@id\":\"https:\/\/fpombudsman.org\/#organization\"},\"potentialAction\":[{\"@type\":\"SearchAction\",\"target\":{\"@type\":\"EntryPoint\",\"urlTemplate\":\"https:\/\/fpombudsman.org\/?s={search_term_string}\"},\"query-input\":{\"@type\":\"PropertyValueSpecification\",\"valueRequired\":true,\"valueName\":\"search_term_string\"}}],\"inLanguage\":\"fr-FR\"},{\"@type\":\"Organization\",\"@id\":\"https:\/\/fpombudsman.org\/#organization\",\"name\":\"Office of the Ombudsman for United Nations Funds and Programmes\",\"url\":\"https:\/\/fpombudsman.org\/\",\"logo\":{\"@type\":\"ImageObject\",\"inLanguage\":\"fr-FR\",\"@id\":\"https:\/\/fpombudsman.org\/#\/schema\/logo\/image\/\",\"url\":\"https:\/\/fpombudsman.org\/wp-content\/uploads\/2020\/11\/Banner.png\",\"contentUrl\":\"https:\/\/fpombudsman.org\/wp-content\/uploads\/2020\/11\/Banner.png\",\"width\":391,\"height\":95,\"caption\":\"Office of the Ombudsman for United Nations Funds and Programmes\"},\"image\":{\"@id\":\"https:\/\/fpombudsman.org\/#\/schema\/logo\/image\/\"}}]}<\/script>\n<!-- \/ Yoast SEO plugin. -->","yoast_head_json":{"title":"Mame Diagne - Office of the Ombudsman for United Nations Funds and Programmes","robots":{"index":"index","follow":"follow","max-snippet":"max-snippet:-1","max-image-preview":"max-image-preview:large","max-video-preview":"max-video-preview:-1"},"canonical":"https:\/\/fpombudsman.org\/fr\/history-2\/mame-diagne\/","og_locale":"fr_FR","og_type":"article","og_title":"Mame Diagne - Office of the Ombudsman for United Nations Funds and Programmes","og_description":"[vc_row][vc_column width=&#8221;1\/4&#8243;][vc_single_image image=&#8221;104&#8243; border_color=&#8221;grey&#8221; img_link_target=&#8221;_self&#8221;][\/vc_column][vc_column width=&#8221;3\/4&#8243;][vc_column_text] Ombudsman Avant sa nomination au poste d\u2019Ombudsman des fonds et des programmes, Mame Diagne a occup\u00e9, pendant pr\u00e8s de 4 ans, les fonctions de chef r\u00e9gional des ressources humaines au Bureau r\u00e9gional de l\u2019UNICEF pour l\u2019Asie de l\u2019Est et le Pacifique, bas\u00e9 \u00e0 Bangkok, Tha\u00eflande. Mme Diagne est s\u00e9n\u00e9galaise. [&hellip;]","og_url":"https:\/\/fpombudsman.org\/fr\/history-2\/mame-diagne\/","og_site_name":"Office of the Ombudsman for United Nations Funds and Programmes","article_modified_time":"2015-08-06T14:13:58+00:00","twitter_card":"summary_large_image","twitter_misc":{"Dur\u00e9e de lecture estim\u00e9e":"2 minutes"},"schema":{"@context":"https:\/\/schema.org","@graph":[{"@type":"WebPage","@id":"https:\/\/fpombudsman.org\/fr\/history-2\/mame-diagne\/","url":"https:\/\/fpombudsman.org\/fr\/history-2\/mame-diagne\/","name":"Mame Diagne - Office of the Ombudsman for United Nations Funds and Programmes","isPartOf":{"@id":"https:\/\/fpombudsman.org\/#website"},"datePublished":"2014-10-30T21:11:43+00:00","dateModified":"2015-08-06T14:13:58+00:00","breadcrumb":{"@id":"https:\/\/fpombudsman.org\/fr\/history-2\/mame-diagne\/#breadcrumb"},"inLanguage":"fr-FR","potentialAction":[{"@type":"ReadAction","target":["https:\/\/fpombudsman.org\/fr\/history-2\/mame-diagne\/"]}]},{"@type":"BreadcrumbList","@id":"https:\/\/fpombudsman.org\/fr\/history-2\/mame-diagne\/#breadcrumb","itemListElement":[{"@type":"ListItem","position":1,"name":"Home","item":"https:\/\/fpombudsman.org\/fr\/"},{"@type":"ListItem","position":2,"name":"Historique De Notre Bureau","item":"https:\/\/fpombudsman.org\/fr\/history-2\/"},{"@type":"ListItem","position":3,"name":"Mame Diagne"}]},{"@type":"WebSite","@id":"https:\/\/fpombudsman.org\/#website","url":"https:\/\/fpombudsman.org\/","name":"Office of the Ombudsman for United Nations Funds and Programmes","description":"Confidential - Impartial - Independent - Informal","publisher":{"@id":"https:\/\/fpombudsman.org\/#organization"},"potentialAction":[{"@type":"SearchAction","target":{"@type":"EntryPoint","urlTemplate":"https:\/\/fpombudsman.org\/?s={search_term_string}"},"query-input":{"@type":"PropertyValueSpecification","valueRequired":true,"valueName":"search_term_string"}}],"inLanguage":"fr-FR"},{"@type":"Organization","@id":"https:\/\/fpombudsman.org\/#organization","name":"Office of the Ombudsman for United Nations Funds and Programmes","url":"https:\/\/fpombudsman.org\/","logo":{"@type":"ImageObject","inLanguage":"fr-FR","@id":"https:\/\/fpombudsman.org\/#\/schema\/logo\/image\/","url":"https:\/\/fpombudsman.org\/wp-content\/uploads\/2020\/11\/Banner.png","contentUrl":"https:\/\/fpombudsman.org\/wp-content\/uploads\/2020\/11\/Banner.png","width":391,"height":95,"caption":"Office of the Ombudsman for United Nations Funds and Programmes"},"image":{"@id":"https:\/\/fpombudsman.org\/#\/schema\/logo\/image\/"}}]}},"_links":{"self":[{"href":"https:\/\/fpombudsman.org\/fr\/wp-json\/wp\/v2\/pages\/1143","targetHints":{"allow":["GET"]}}],"collection":[{"href":"https:\/\/fpombudsman.org\/fr\/wp-json\/wp\/v2\/pages"}],"about":[{"href":"https:\/\/fpombudsman.org\/fr\/wp-json\/wp\/v2\/types\/page"}],"author":[{"embeddable":true,"href":"https:\/\/fpombudsman.org\/fr\/wp-json\/wp\/v2\/users\/9"}],"replies":[{"embeddable":true,"href":"https:\/\/fpombudsman.org\/fr\/wp-json\/wp\/v2\/comments?post=1143"}],"version-history":[{"count":3,"href":"https:\/\/fpombudsman.org\/fr\/wp-json\/wp\/v2\/pages\/1143\/revisions"}],"predecessor-version":[{"id":1368,"href":"https:\/\/fpombudsman.org\/fr\/wp-json\/wp\/v2\/pages\/1143\/revisions\/1368"}],"up":[{"embeddable":true,"href":"https:\/\/fpombudsman.org\/fr\/wp-json\/wp\/v2\/pages\/1119"}],"wp:attachment":[{"href":"https:\/\/fpombudsman.org\/fr\/wp-json\/wp\/v2\/media?parent=1143"}],"curies":[{"name":"wp","href":"https:\/\/api.w.org\/{rel}","templated":true}]}}