
{"id":1123,"date":"2014-10-29T17:16:15","date_gmt":"2014-10-29T17:16:15","guid":{"rendered":"https:\/\/fpombudsman.org\/home-2\/"},"modified":"2024-07-19T12:46:21","modified_gmt":"2024-07-19T12:46:21","slug":"home-3","status":"publish","type":"page","link":"https:\/\/fpombudsman.org\/fr\/","title":{"rendered":"Accueil"},"content":{"rendered":"<div class=\"wpb-content-wrapper\"><p>[vc_row][vc_column width=&#8221;2\/3&#8243;][vc_column_text]<\/p>\n<h2 style=\"color: #777777; margin-top: 0px;\">Bienvenue au Bureau de l\u2019Ombudsman<\/h2>\n<p>Notre Bureau propose des services de r\u00e8glement informel des litiges \u00e0 tous les titulaires d\u2019un contrat sign\u00e9 avec le Programme des Nations Unies pour le d\u00e9veloppement (PNUD), le Fonds des Nations unies pour la population (FNUAP), le Fonds des Nations unies pour l&#8217;enfance (UNICEF), le Bureau des Nations unies pour les services d&#8217;appui aux projets (UNOPS) et ONU\u00a0Femmes. Nous sommes un organisme o\u00f9 l\u2019on peut discuter en toute confidentialit\u00e9 des probl\u00e8mes rencontr\u00e9s sur le lieu de travail et \u00e9tudier les options possibles pour r\u00e9soudre les conflits du travail. Nous nous appuyons sur plus de dix ann\u00e9es d\u2019exp\u00e9rience de la r\u00e9solution des litiges sur le lieu de travail au sein des fonds et des programmes des Nations Unies.<\/p>\n<p>Nous nous abstenons de prendre parti dans les litiges et nous travaillons de fa\u00e7on totalement ind\u00e9pendante vis-\u00e0-vis de l\u2019administration. Nous vous \u00e9couterons exposer les probl\u00e8mes que vous rencontrez sur votre lieu de travail et nous vous aiderons \u00e0 \u00e9laborer des strat\u00e9gies pour les r\u00e9gler. Si vous avez besoin d\u2019assistance sur la mani\u00e8re de r\u00e9soudre un litige ou si vous voulez que l\u2019on vous aide \u00e0 faire le point sur les options qui s\u2019offrent \u00e0 vous, n\u2019h\u00e9sitez pas \u00e0 nous contacter. Nous pouvons vous aider \u00e0 mettre \u00e0 plat toutes les possibilit\u00e9s, \u00e0 d\u00e9sembrouiller une situation complexe ou \u00e0 trouver des informations ou des \u00e9claircissements sur les politiques et proc\u00e9dures. Nous pouvons aussi animer une discussion, rechercher des faits pertinents, exercer un r\u00f4le de m\u00e9diateur dans le cadre d\u2019un diff\u00e9rend ou vous orienter vers un autre point focal au sein de l\u2019organisation, qui sera mieux \u00e0 m\u00eame de vous \u00e9pauler.<\/p>\n<p>Nous aidons \u00e9galement le PNUD, le FNUAP, l\u2019UNICEF, l\u2019UNOPS et ONU\u00a0Femmes \u00e0 d\u00e9terminer les causes profondes d\u2019un conflit sur le lieu de travail, et nous formulons des recommandations sur les moyens de rem\u00e9dier aux causes syst\u00e9miques de conflits de fa\u00e7on constructive au sein de l\u2019organisation.<\/p>\n<p>Ce site Web contient toutes les informations utiles \u00e0 propos de notre travail. Si vous avez besoin d\u2019aide, n\u2019h\u00e9sitez pas \u00e0 nous contacter, nous sommes l\u00e0 pour vous pr\u00eater assistance.[\/vc_column_text][\/vc_column][vc_column width=&#8221;1\/3&#8243;][vc_accordion 1=&#8221;Our&#8221; active_tab=&#8221;false&#8221; collapsible=&#8221;yes&#8221; href=&#8221;\/what-are-our-principles\/&#8221; title=&#8221;Nos Principes&#8221;][vc_accordion_tab title=&#8221;Confidentialit\u00e9&#8221;][vc_column_text]Lorsqu\u2019il travaille sur une affaire, le Bureau de l\u2019Ombudsman prend toutes les pr\u00e9cautions requises pour prot\u00e9ger l\u2019identit\u00e9 du titulaire du contrat\u00a0; cependant, surtout dans les affaires compliqu\u00e9es, il est parfois n\u00e9cessaire de mobiliser toutes les parties pour tenter de trouver ensemble une solution. L\u2019Ombudsman \u00e9tudiera alors avec le visiteur le meilleur moyen de faire avancer son affaire lorsqu\u2019il ne para\u00eet pas possible de pr\u00e9server l\u2019anonymat. L\u2019Ombudsman pr\u00e9sentera le plus objectivement possible toutes les options envisageables en vue de leur examen.<\/p>\n<p>En tout \u00e9tat de cause, l\u2019Ombudsman ne mentionne jamais le nom du titulaire du contrat sans l\u2019aval de ce dernier. \u00c0 ce propos, il est souvent pr\u00e9cis\u00e9 pendant les discussions pr\u00e9liminaires si le titulaire du contrat donne \u00e0 l\u2019Ombudsman toute latitude pour se renseigner en son nom.[\/vc_column_text][\/vc_accordion_tab][vc_accordion_tab title=&#8221;Impartialit\u00e9 et neutralit\u00e9&#8221;][vc_column_text]Un Ombudsman ne peut pas se faire l\u2019avocat de toute partie \u00e0 un diff\u00e9rend et n\u2019est pas non plus en situation de condamner, mais doit plut\u00f4t s\u2019assurer de la r\u00e9gularit\u00e9 de la proc\u00e9dure. Si l\u2019Ombudsman estime que la justice n\u2019a pas \u00e9t\u00e9 rendue dans une affaire donn\u00e9e, il adressera une recommandation \u00e0 l\u2019organe ex\u00e9cutif. Un Ombudsman ne rend ni n\u2019ex\u00e9cute aucune d\u00e9cision\u00a0; son r\u00f4le consiste \u00e0 s\u2019efforcer de trouver un r\u00e8glement \u00e9quitable pour tout diff\u00e9rend dont il est saisi.[\/vc_column_text][\/vc_accordion_tab][vc_accordion_tab title=&#8221;Ind\u00e9pendance&#8221;][vc_column_text]Le Bureau de l\u2019Ombudsman b\u00e9n\u00e9ficie d\u2019une enti\u00e8re ind\u00e9pendance structurelle et fonctionnelle vis-\u00e0-vis des autres entit\u00e9s et fonctionnaires de l\u2019organisation. L\u2019Ombudsman rend compte du travail du Bureau aux organisations <em>via<\/em> son rapport annuel. Il organise \u00e9galement des r\u00e9unions informelles avec les dirigeants ex\u00e9cutifs des organisations.[\/vc_column_text][\/vc_accordion_tab][vc_accordion_tab title=&#8221;Informalit\u00e9&#8221;][vc_column_text]L\u2019Ombudsman ne prend part \u00e0 aucune proc\u00e9dure judiciaire ou administrative formelle des fonds des programmes relative aux diff\u00e9rends ou aux probl\u00e8mes sur le lieu de travail.[\/vc_column_text][\/vc_accordion_tab][\/vc_accordion][vc_column_text]<\/p>\n<div class=\"hyperlink\">\n<div id=\"contacthome\" class=\"background\">\n<h4 class=\"Conflicth4 h4fr\">Un conflit sur le lieu de travail?<\/h4>\n<p class=\"button btfr\">Contactez-nous<\/p>\n<div class=\"arrow\"><\/div>\n<\/div>\n<\/div>\n<p>[\/vc_column_text][vc_column_text]<\/p>\n<div class=\"hyperlink\">\n<h4 id=\"rectangle\">Notre dernier Rapport Annuel <a href=\"https:\/\/fpombudsman.org\/wp-content\/uploads\/2024\/07\/UN-Ombudsman-Report_2023_A4_FINAL_FR_V2.pdf\" target=\"_blank\" rel=\"noopener\"><span style=\"color: #ff6600;\">ici<\/span><\/a><\/h4>\n<h4 id=\"newsh4\" class=\"h4fr\"><\/h4>\n<div id=\"blackarrow\"><\/div>\n<\/div>\n<p>[\/vc_column_text][\/vc_column][\/vc_row][vc_row][vc_column width=&#8221;1\/3&#8243;][vc_video link=&#8221;https:\/\/www.youtube.com\/embed\/OTAozOupLqQ&#8221;][\/vc_column][vc_column width=&#8221;1\/3&#8243;][vc_column_text]<\/p>\n<p style=\"text-align: center;\"><a style=\"text-decoration: none;\" href=\"https:\/\/fpombudsman.org\/wp-content\/uploads\/2024\/07\/UN-Ombudsman-Report_2023_A4_FINAL_FR_V2.pdf\" target=\"_blank\" rel=\"noopener\"><strong><span style=\"color: #ff6600;\">2023 Rapport Annuel<\/span><\/strong><\/a><a href=\"https:\/\/fpombudsman.org\/wp-content\/uploads\/2024\/07\/UN-Ombudsman-Report_2023_A4_FINAL_FR_V2.pdf\"><img loading=\"lazy\" decoding=\"async\" class=\"aligncenter wp-image-5327 size-medium\" src=\"https:\/\/fpombudsman.org\/wp-content\/uploads\/2024\/07\/UN-Ombudsman-Report_2023_A4_FINAL_FR_Thumbnail-212x300.jpg\" alt=\"\" width=\"212\" height=\"300\" srcset=\"https:\/\/fpombudsman.org\/wp-content\/uploads\/2024\/07\/UN-Ombudsman-Report_2023_A4_FINAL_FR_Thumbnail-212x300.jpg 212w, https:\/\/fpombudsman.org\/wp-content\/uploads\/2024\/07\/UN-Ombudsman-Report_2023_A4_FINAL_FR_Thumbnail.jpg 600w\" sizes=\"auto, (max-width: 212px) 100vw, 212px\" \/><\/a><\/p>\n<p>[\/vc_column_text][\/vc_column][vc_column width=&#8221;1\/3&#8243;][\/vc_column][\/vc_row]<\/p>\n<\/div>","protected":false},"excerpt":{"rendered":"<p>[vc_row][vc_column width=&#8221;2\/3&#8243;][vc_column_text] Bienvenue au Bureau de l\u2019Ombudsman Notre Bureau propose des services de r\u00e8glement informel des litiges \u00e0 tous les titulaires d\u2019un contrat sign\u00e9 avec le Programme des Nations Unies pour le d\u00e9veloppement (PNUD), le Fonds des Nations unies pour la population (FNUAP), le Fonds des Nations unies pour l&#8217;enfance (UNICEF), le Bureau des Nations [&hellip;]<\/p>\n","protected":false},"author":9,"featured_media":0,"parent":0,"menu_order":0,"comment_status":"open","ping_status":"open","template":"","meta":{"footnotes":""},"class_list":["post-1123","page","type-page","status-publish","hentry"],"yoast_head":"<!-- This site is optimized with the Yoast SEO plugin v24.1 - https:\/\/yoast.com\/wordpress\/plugins\/seo\/ -->\n<title>Accueil - Office of the Ombudsman for United Nations Funds and Programmes<\/title>\n<meta name=\"robots\" content=\"index, follow, max-snippet:-1, max-image-preview:large, max-video-preview:-1\" \/>\n<link rel=\"canonical\" href=\"https:\/\/fpombudsman.org\/fr\/\" \/>\n<meta property=\"og:locale\" content=\"fr_FR\" \/>\n<meta property=\"og:type\" content=\"article\" \/>\n<meta property=\"og:title\" content=\"Accueil - Office of the Ombudsman for United Nations Funds and Programmes\" \/>\n<meta property=\"og:description\" content=\"[vc_row][vc_column width=&#8221;2\/3&#8243;][vc_column_text] Bienvenue au Bureau de l\u2019Ombudsman Notre Bureau propose des services de r\u00e8glement informel des litiges \u00e0 tous les titulaires d\u2019un contrat sign\u00e9 avec le Programme des Nations Unies pour le d\u00e9veloppement (PNUD), le Fonds des Nations unies pour la population (FNUAP), le Fonds des Nations unies pour l&#8217;enfance (UNICEF), le Bureau des Nations [&hellip;]\" \/>\n<meta property=\"og:url\" content=\"https:\/\/fpombudsman.org\/fr\/\" \/>\n<meta property=\"og:site_name\" content=\"Office of the Ombudsman for United Nations Funds and Programmes\" \/>\n<meta property=\"article:modified_time\" content=\"2024-07-19T12:46:21+00:00\" \/>\n<meta property=\"og:image\" content=\"https:\/\/fpombudsman.org\/wp-content\/uploads\/2024\/07\/UN-Ombudsman-Report_2023_A4_FINAL_FR_Thumbnail-212x300.jpg\" \/>\n<meta name=\"twitter:card\" content=\"summary_large_image\" \/>\n<meta name=\"twitter:label1\" content=\"Dur\u00e9e de lecture estim\u00e9e\" \/>\n\t<meta name=\"twitter:data1\" content=\"4 minutes\" \/>\n<script type=\"application\/ld+json\" class=\"yoast-schema-graph\">{\"@context\":\"https:\/\/schema.org\",\"@graph\":[{\"@type\":\"WebPage\",\"@id\":\"https:\/\/fpombudsman.org\/fr\/\",\"url\":\"https:\/\/fpombudsman.org\/fr\/\",\"name\":\"Accueil - Office of the Ombudsman for United Nations Funds and Programmes\",\"isPartOf\":{\"@id\":\"https:\/\/fpombudsman.org\/#website\"},\"primaryImageOfPage\":{\"@id\":\"https:\/\/fpombudsman.org\/fr\/#primaryimage\"},\"image\":{\"@id\":\"https:\/\/fpombudsman.org\/fr\/#primaryimage\"},\"thumbnailUrl\":\"https:\/\/fpombudsman.org\/wp-content\/uploads\/2024\/07\/UN-Ombudsman-Report_2023_A4_FINAL_FR_Thumbnail-212x300.jpg\",\"datePublished\":\"2014-10-29T17:16:15+00:00\",\"dateModified\":\"2024-07-19T12:46:21+00:00\",\"breadcrumb\":{\"@id\":\"https:\/\/fpombudsman.org\/fr\/#breadcrumb\"},\"inLanguage\":\"fr-FR\",\"potentialAction\":[{\"@type\":\"ReadAction\",\"target\":[\"https:\/\/fpombudsman.org\/fr\/\"]}]},{\"@type\":\"ImageObject\",\"inLanguage\":\"fr-FR\",\"@id\":\"https:\/\/fpombudsman.org\/fr\/#primaryimage\",\"url\":\"https:\/\/fpombudsman.org\/wp-content\/uploads\/2024\/07\/UN-Ombudsman-Report_2023_A4_FINAL_FR_Thumbnail-212x300.jpg\",\"contentUrl\":\"https:\/\/fpombudsman.org\/wp-content\/uploads\/2024\/07\/UN-Ombudsman-Report_2023_A4_FINAL_FR_Thumbnail-212x300.jpg\"},{\"@type\":\"BreadcrumbList\",\"@id\":\"https:\/\/fpombudsman.org\/fr\/#breadcrumb\",\"itemListElement\":[{\"@type\":\"ListItem\",\"position\":1,\"name\":\"Home\",\"item\":\"https:\/\/fpombudsman.org\/fr\/\"},{\"@type\":\"ListItem\",\"position\":2,\"name\":\"Accueil\"}]},{\"@type\":\"WebSite\",\"@id\":\"https:\/\/fpombudsman.org\/#website\",\"url\":\"https:\/\/fpombudsman.org\/\",\"name\":\"Office of the Ombudsman for United Nations Funds and Programmes\",\"description\":\"Confidential - Impartial - Independent - Informal\",\"publisher\":{\"@id\":\"https:\/\/fpombudsman.org\/#organization\"},\"potentialAction\":[{\"@type\":\"SearchAction\",\"target\":{\"@type\":\"EntryPoint\",\"urlTemplate\":\"https:\/\/fpombudsman.org\/?s={search_term_string}\"},\"query-input\":{\"@type\":\"PropertyValueSpecification\",\"valueRequired\":true,\"valueName\":\"search_term_string\"}}],\"inLanguage\":\"fr-FR\"},{\"@type\":\"Organization\",\"@id\":\"https:\/\/fpombudsman.org\/#organization\",\"name\":\"Office of the Ombudsman for United Nations Funds and Programmes\",\"url\":\"https:\/\/fpombudsman.org\/\",\"logo\":{\"@type\":\"ImageObject\",\"inLanguage\":\"fr-FR\",\"@id\":\"https:\/\/fpombudsman.org\/#\/schema\/logo\/image\/\",\"url\":\"https:\/\/fpombudsman.org\/wp-content\/uploads\/2020\/11\/Banner.png\",\"contentUrl\":\"https:\/\/fpombudsman.org\/wp-content\/uploads\/2020\/11\/Banner.png\",\"width\":391,\"height\":95,\"caption\":\"Office of the Ombudsman for United Nations Funds and Programmes\"},\"image\":{\"@id\":\"https:\/\/fpombudsman.org\/#\/schema\/logo\/image\/\"}}]}<\/script>\n<!-- \/ Yoast SEO plugin. -->","yoast_head_json":{"title":"Accueil - Office of the Ombudsman for United Nations Funds and Programmes","robots":{"index":"index","follow":"follow","max-snippet":"max-snippet:-1","max-image-preview":"max-image-preview:large","max-video-preview":"max-video-preview:-1"},"canonical":"https:\/\/fpombudsman.org\/fr\/","og_locale":"fr_FR","og_type":"article","og_title":"Accueil - Office of the Ombudsman for United Nations Funds and Programmes","og_description":"[vc_row][vc_column width=&#8221;2\/3&#8243;][vc_column_text] Bienvenue au Bureau de l\u2019Ombudsman Notre Bureau propose des services de r\u00e8glement informel des litiges \u00e0 tous les titulaires d\u2019un contrat sign\u00e9 avec le Programme des Nations Unies pour le d\u00e9veloppement (PNUD), le Fonds des Nations unies pour la population (FNUAP), le Fonds des Nations unies pour l&#8217;enfance (UNICEF), le Bureau des Nations [&hellip;]","og_url":"https:\/\/fpombudsman.org\/fr\/","og_site_name":"Office of the Ombudsman for United Nations Funds and Programmes","article_modified_time":"2024-07-19T12:46:21+00:00","og_image":[{"url":"https:\/\/fpombudsman.org\/wp-content\/uploads\/2024\/07\/UN-Ombudsman-Report_2023_A4_FINAL_FR_Thumbnail-212x300.jpg","type":"","width":"","height":""}],"twitter_card":"summary_large_image","twitter_misc":{"Dur\u00e9e de lecture estim\u00e9e":"4 minutes"},"schema":{"@context":"https:\/\/schema.org","@graph":[{"@type":"WebPage","@id":"https:\/\/fpombudsman.org\/fr\/","url":"https:\/\/fpombudsman.org\/fr\/","name":"Accueil - Office of the Ombudsman for United Nations Funds and Programmes","isPartOf":{"@id":"https:\/\/fpombudsman.org\/#website"},"primaryImageOfPage":{"@id":"https:\/\/fpombudsman.org\/fr\/#primaryimage"},"image":{"@id":"https:\/\/fpombudsman.org\/fr\/#primaryimage"},"thumbnailUrl":"https:\/\/fpombudsman.org\/wp-content\/uploads\/2024\/07\/UN-Ombudsman-Report_2023_A4_FINAL_FR_Thumbnail-212x300.jpg","datePublished":"2014-10-29T17:16:15+00:00","dateModified":"2024-07-19T12:46:21+00:00","breadcrumb":{"@id":"https:\/\/fpombudsman.org\/fr\/#breadcrumb"},"inLanguage":"fr-FR","potentialAction":[{"@type":"ReadAction","target":["https:\/\/fpombudsman.org\/fr\/"]}]},{"@type":"ImageObject","inLanguage":"fr-FR","@id":"https:\/\/fpombudsman.org\/fr\/#primaryimage","url":"https:\/\/fpombudsman.org\/wp-content\/uploads\/2024\/07\/UN-Ombudsman-Report_2023_A4_FINAL_FR_Thumbnail-212x300.jpg","contentUrl":"https:\/\/fpombudsman.org\/wp-content\/uploads\/2024\/07\/UN-Ombudsman-Report_2023_A4_FINAL_FR_Thumbnail-212x300.jpg"},{"@type":"BreadcrumbList","@id":"https:\/\/fpombudsman.org\/fr\/#breadcrumb","itemListElement":[{"@type":"ListItem","position":1,"name":"Home","item":"https:\/\/fpombudsman.org\/fr\/"},{"@type":"ListItem","position":2,"name":"Accueil"}]},{"@type":"WebSite","@id":"https:\/\/fpombudsman.org\/#website","url":"https:\/\/fpombudsman.org\/","name":"Office of the Ombudsman for United Nations Funds and Programmes","description":"Confidential - Impartial - Independent - Informal","publisher":{"@id":"https:\/\/fpombudsman.org\/#organization"},"potentialAction":[{"@type":"SearchAction","target":{"@type":"EntryPoint","urlTemplate":"https:\/\/fpombudsman.org\/?s={search_term_string}"},"query-input":{"@type":"PropertyValueSpecification","valueRequired":true,"valueName":"search_term_string"}}],"inLanguage":"fr-FR"},{"@type":"Organization","@id":"https:\/\/fpombudsman.org\/#organization","name":"Office of the Ombudsman for United Nations Funds and Programmes","url":"https:\/\/fpombudsman.org\/","logo":{"@type":"ImageObject","inLanguage":"fr-FR","@id":"https:\/\/fpombudsman.org\/#\/schema\/logo\/image\/","url":"https:\/\/fpombudsman.org\/wp-content\/uploads\/2020\/11\/Banner.png","contentUrl":"https:\/\/fpombudsman.org\/wp-content\/uploads\/2020\/11\/Banner.png","width":391,"height":95,"caption":"Office of the Ombudsman for United Nations Funds and Programmes"},"image":{"@id":"https:\/\/fpombudsman.org\/#\/schema\/logo\/image\/"}}]}},"_links":{"self":[{"href":"https:\/\/fpombudsman.org\/fr\/wp-json\/wp\/v2\/pages\/1123","targetHints":{"allow":["GET"]}}],"collection":[{"href":"https:\/\/fpombudsman.org\/fr\/wp-json\/wp\/v2\/pages"}],"about":[{"href":"https:\/\/fpombudsman.org\/fr\/wp-json\/wp\/v2\/types\/page"}],"author":[{"embeddable":true,"href":"https:\/\/fpombudsman.org\/fr\/wp-json\/wp\/v2\/users\/9"}],"replies":[{"embeddable":true,"href":"https:\/\/fpombudsman.org\/fr\/wp-json\/wp\/v2\/comments?post=1123"}],"version-history":[{"count":24,"href":"https:\/\/fpombudsman.org\/fr\/wp-json\/wp\/v2\/pages\/1123\/revisions"}],"predecessor-version":[{"id":5364,"href":"https:\/\/fpombudsman.org\/fr\/wp-json\/wp\/v2\/pages\/1123\/revisions\/5364"}],"wp:attachment":[{"href":"https:\/\/fpombudsman.org\/fr\/wp-json\/wp\/v2\/media?parent=1123"}],"curies":[{"name":"wp","href":"https:\/\/api.w.org\/{rel}","templated":true}]}}