
{"id":1121,"date":"2014-10-30T21:12:06","date_gmt":"2014-10-30T21:12:06","guid":{"rendered":"https:\/\/fpombudsman.org\/history\/veronica-luard\/"},"modified":"2015-08-06T14:10:05","modified_gmt":"2015-08-06T14:10:05","slug":"veronica-luard","status":"publish","type":"page","link":"https:\/\/fpombudsman.org\/fr\/history-2\/veronica-luard\/","title":{"rendered":"Veronica Luard"},"content":{"rendered":"<div class=\"wpb-content-wrapper\"><p>[vc_row][vc_column width=&#8221;1\/2&#8243;][vc_column_text]<\/p>\n<h3>Ombudsman \u2013 2006-2010<\/h3>\n<p>Avant sa nomination au poste d\u2019Associ\u00e9 Ombudsperson du Bureau de l&#8217;Ombudsman commun, Veronica Luard servi comme Directeur des Ressources Humaines R\u00e9gional dans la r\u00e9gion Afrique orientale et australe, \u00e0 Nairobi, au Kenya.<\/p>\n<p>Elle a travaill\u00e9 dans diff\u00e9rents bureaux de l&#8217;UNICEF dans la gestion du programme et des op\u00e9rations. Elle a commenc\u00e9 sa carri\u00e8re professionnelle comme Administrateur de Programme Adjointe \u00e0 Maputo, au Mozambique.[\/vc_column_text][\/vc_column][vc_column width=&#8221;1\/2&#8243;][vc_single_image image=&#8221;890&#8243; alignment=&#8221;right&#8221; border_color=&#8221;grey&#8221; img_link_target=&#8221;_self&#8221; img_size=&#8221;full&#8221;][\/vc_column][\/vc_row][vc_row][vc_column width=&#8221;1\/1&#8243;][vc_column_text]<\/p>\n<p>Elle a ensuite servi comme Administrateur de Programme dans divers pays\u00a0: S\u00e9n\u00e9gal, o\u00f9 elle \u00e9tait responsable de l&#8217;\u00e9laboration et de la gestion des programmes assist\u00e9s par UNICEF en Cap-Vert et Guin\u00e9e Bissau; Burkina Faso et la C\u00f4te d&#8217;Ivoire.<\/p>\n<p>Mme. Luard a la nationalit\u00e9 du Guyana. Elle est titulaire d\u2019un baccalaur\u00e9at en arts lib\u00e9raux de l\u2019Universit\u00e9 de Columbia \u00e0 New York, d\u2019un MSc en relations internationales de l\u2019Universit\u00e9 des Indes occidentales, et une ma\u00eetrise en administration publique de l&#8217;Universit\u00e9 Harvard.<\/p>\n<p>&nbsp;<\/p>\n<p>En Octobre 1994, Mme. Luard rejoint le Staff Development and Training Section au si\u00e8ge de New York o\u00f9 elle a servi jusqu&#8217;\u00e0 ce qu&#8217;elle ait pris le poste de Senior Human Resources Officer dans la Division des ressources humaines.<\/p>\n<p>&nbsp;<\/p>\n<p>Veronica Luard d\u00e9tient \u00e9galement la certification professionnelle de <a href=\"http:\/\/www.ombudsassociation.org\/Home.aspx\" target=\"_blank\">l&#8217;Association Internationale des Ombudsmans<\/a>.[\/vc_column_text][\/vc_column][\/vc_row]<\/p>\n<\/div>","protected":false},"excerpt":{"rendered":"<p>[vc_row][vc_column width=&#8221;1\/2&#8243;][vc_column_text] Ombudsman \u2013 2006-2010 Avant sa nomination au poste d\u2019Associ\u00e9 Ombudsperson du Bureau de l&#8217;Ombudsman commun, Veronica Luard servi comme Directeur des Ressources Humaines R\u00e9gional dans la r\u00e9gion Afrique orientale et australe, \u00e0 Nairobi, au Kenya. Elle a travaill\u00e9 dans diff\u00e9rents bureaux de l&#8217;UNICEF dans la gestion du programme et des op\u00e9rations. Elle a [&hellip;]<\/p>\n","protected":false},"author":9,"featured_media":0,"parent":1119,"menu_order":0,"comment_status":"open","ping_status":"open","template":"","meta":{"footnotes":""},"class_list":["post-1121","page","type-page","status-publish","hentry"],"yoast_head":"<!-- This site is optimized with the Yoast SEO plugin v24.1 - https:\/\/yoast.com\/wordpress\/plugins\/seo\/ -->\n<title>Veronica Luard - Office of the Ombudsman for United Nations Funds and Programmes<\/title>\n<meta name=\"robots\" content=\"index, follow, max-snippet:-1, max-image-preview:large, max-video-preview:-1\" \/>\n<link rel=\"canonical\" href=\"https:\/\/fpombudsman.org\/fr\/history-2\/veronica-luard\/\" \/>\n<meta property=\"og:locale\" content=\"fr_FR\" \/>\n<meta property=\"og:type\" content=\"article\" \/>\n<meta property=\"og:title\" content=\"Veronica Luard - Office of the Ombudsman for United Nations Funds and Programmes\" \/>\n<meta property=\"og:description\" content=\"[vc_row][vc_column width=&#8221;1\/2&#8243;][vc_column_text] Ombudsman \u2013 2006-2010 Avant sa nomination au poste d\u2019Associ\u00e9 Ombudsperson du Bureau de l&#8217;Ombudsman commun, Veronica Luard servi comme Directeur des Ressources Humaines R\u00e9gional dans la r\u00e9gion Afrique orientale et australe, \u00e0 Nairobi, au Kenya. Elle a travaill\u00e9 dans diff\u00e9rents bureaux de l&#8217;UNICEF dans la gestion du programme et des op\u00e9rations. Elle a [&hellip;]\" \/>\n<meta property=\"og:url\" content=\"https:\/\/fpombudsman.org\/fr\/history-2\/veronica-luard\/\" \/>\n<meta property=\"og:site_name\" content=\"Office of the Ombudsman for United Nations Funds and Programmes\" \/>\n<meta property=\"article:modified_time\" content=\"2015-08-06T14:10:05+00:00\" \/>\n<meta name=\"twitter:card\" content=\"summary_large_image\" \/>\n<meta name=\"twitter:label1\" content=\"Dur\u00e9e de lecture estim\u00e9e\" \/>\n\t<meta name=\"twitter:data1\" content=\"1 minute\" \/>\n<script type=\"application\/ld+json\" class=\"yoast-schema-graph\">{\"@context\":\"https:\/\/schema.org\",\"@graph\":[{\"@type\":\"WebPage\",\"@id\":\"https:\/\/fpombudsman.org\/fr\/history-2\/veronica-luard\/\",\"url\":\"https:\/\/fpombudsman.org\/fr\/history-2\/veronica-luard\/\",\"name\":\"Veronica Luard - Office of the Ombudsman for United Nations Funds and Programmes\",\"isPartOf\":{\"@id\":\"https:\/\/fpombudsman.org\/#website\"},\"datePublished\":\"2014-10-30T21:12:06+00:00\",\"dateModified\":\"2015-08-06T14:10:05+00:00\",\"breadcrumb\":{\"@id\":\"https:\/\/fpombudsman.org\/fr\/history-2\/veronica-luard\/#breadcrumb\"},\"inLanguage\":\"fr-FR\",\"potentialAction\":[{\"@type\":\"ReadAction\",\"target\":[\"https:\/\/fpombudsman.org\/fr\/history-2\/veronica-luard\/\"]}]},{\"@type\":\"BreadcrumbList\",\"@id\":\"https:\/\/fpombudsman.org\/fr\/history-2\/veronica-luard\/#breadcrumb\",\"itemListElement\":[{\"@type\":\"ListItem\",\"position\":1,\"name\":\"Home\",\"item\":\"https:\/\/fpombudsman.org\/fr\/\"},{\"@type\":\"ListItem\",\"position\":2,\"name\":\"Historique De Notre Bureau\",\"item\":\"https:\/\/fpombudsman.org\/fr\/history-2\/\"},{\"@type\":\"ListItem\",\"position\":3,\"name\":\"Veronica Luard\"}]},{\"@type\":\"WebSite\",\"@id\":\"https:\/\/fpombudsman.org\/#website\",\"url\":\"https:\/\/fpombudsman.org\/\",\"name\":\"Office of the Ombudsman for United Nations Funds and Programmes\",\"description\":\"Confidential - Impartial - Independent - Informal\",\"publisher\":{\"@id\":\"https:\/\/fpombudsman.org\/#organization\"},\"potentialAction\":[{\"@type\":\"SearchAction\",\"target\":{\"@type\":\"EntryPoint\",\"urlTemplate\":\"https:\/\/fpombudsman.org\/?s={search_term_string}\"},\"query-input\":{\"@type\":\"PropertyValueSpecification\",\"valueRequired\":true,\"valueName\":\"search_term_string\"}}],\"inLanguage\":\"fr-FR\"},{\"@type\":\"Organization\",\"@id\":\"https:\/\/fpombudsman.org\/#organization\",\"name\":\"Office of the Ombudsman for United Nations Funds and Programmes\",\"url\":\"https:\/\/fpombudsman.org\/\",\"logo\":{\"@type\":\"ImageObject\",\"inLanguage\":\"fr-FR\",\"@id\":\"https:\/\/fpombudsman.org\/#\/schema\/logo\/image\/\",\"url\":\"https:\/\/fpombudsman.org\/wp-content\/uploads\/2020\/11\/Banner.png\",\"contentUrl\":\"https:\/\/fpombudsman.org\/wp-content\/uploads\/2020\/11\/Banner.png\",\"width\":391,\"height\":95,\"caption\":\"Office of the Ombudsman for United Nations Funds and Programmes\"},\"image\":{\"@id\":\"https:\/\/fpombudsman.org\/#\/schema\/logo\/image\/\"}}]}<\/script>\n<!-- \/ Yoast SEO plugin. -->","yoast_head_json":{"title":"Veronica Luard - Office of the Ombudsman for United Nations Funds and Programmes","robots":{"index":"index","follow":"follow","max-snippet":"max-snippet:-1","max-image-preview":"max-image-preview:large","max-video-preview":"max-video-preview:-1"},"canonical":"https:\/\/fpombudsman.org\/fr\/history-2\/veronica-luard\/","og_locale":"fr_FR","og_type":"article","og_title":"Veronica Luard - Office of the Ombudsman for United Nations Funds and Programmes","og_description":"[vc_row][vc_column width=&#8221;1\/2&#8243;][vc_column_text] Ombudsman \u2013 2006-2010 Avant sa nomination au poste d\u2019Associ\u00e9 Ombudsperson du Bureau de l&#8217;Ombudsman commun, Veronica Luard servi comme Directeur des Ressources Humaines R\u00e9gional dans la r\u00e9gion Afrique orientale et australe, \u00e0 Nairobi, au Kenya. Elle a travaill\u00e9 dans diff\u00e9rents bureaux de l&#8217;UNICEF dans la gestion du programme et des op\u00e9rations. Elle a [&hellip;]","og_url":"https:\/\/fpombudsman.org\/fr\/history-2\/veronica-luard\/","og_site_name":"Office of the Ombudsman for United Nations Funds and Programmes","article_modified_time":"2015-08-06T14:10:05+00:00","twitter_card":"summary_large_image","twitter_misc":{"Dur\u00e9e de lecture estim\u00e9e":"1 minute"},"schema":{"@context":"https:\/\/schema.org","@graph":[{"@type":"WebPage","@id":"https:\/\/fpombudsman.org\/fr\/history-2\/veronica-luard\/","url":"https:\/\/fpombudsman.org\/fr\/history-2\/veronica-luard\/","name":"Veronica Luard - Office of the Ombudsman for United Nations Funds and Programmes","isPartOf":{"@id":"https:\/\/fpombudsman.org\/#website"},"datePublished":"2014-10-30T21:12:06+00:00","dateModified":"2015-08-06T14:10:05+00:00","breadcrumb":{"@id":"https:\/\/fpombudsman.org\/fr\/history-2\/veronica-luard\/#breadcrumb"},"inLanguage":"fr-FR","potentialAction":[{"@type":"ReadAction","target":["https:\/\/fpombudsman.org\/fr\/history-2\/veronica-luard\/"]}]},{"@type":"BreadcrumbList","@id":"https:\/\/fpombudsman.org\/fr\/history-2\/veronica-luard\/#breadcrumb","itemListElement":[{"@type":"ListItem","position":1,"name":"Home","item":"https:\/\/fpombudsman.org\/fr\/"},{"@type":"ListItem","position":2,"name":"Historique De Notre Bureau","item":"https:\/\/fpombudsman.org\/fr\/history-2\/"},{"@type":"ListItem","position":3,"name":"Veronica Luard"}]},{"@type":"WebSite","@id":"https:\/\/fpombudsman.org\/#website","url":"https:\/\/fpombudsman.org\/","name":"Office of the Ombudsman for United Nations Funds and Programmes","description":"Confidential - Impartial - Independent - Informal","publisher":{"@id":"https:\/\/fpombudsman.org\/#organization"},"potentialAction":[{"@type":"SearchAction","target":{"@type":"EntryPoint","urlTemplate":"https:\/\/fpombudsman.org\/?s={search_term_string}"},"query-input":{"@type":"PropertyValueSpecification","valueRequired":true,"valueName":"search_term_string"}}],"inLanguage":"fr-FR"},{"@type":"Organization","@id":"https:\/\/fpombudsman.org\/#organization","name":"Office of the Ombudsman for United Nations Funds and Programmes","url":"https:\/\/fpombudsman.org\/","logo":{"@type":"ImageObject","inLanguage":"fr-FR","@id":"https:\/\/fpombudsman.org\/#\/schema\/logo\/image\/","url":"https:\/\/fpombudsman.org\/wp-content\/uploads\/2020\/11\/Banner.png","contentUrl":"https:\/\/fpombudsman.org\/wp-content\/uploads\/2020\/11\/Banner.png","width":391,"height":95,"caption":"Office of the Ombudsman for United Nations Funds and Programmes"},"image":{"@id":"https:\/\/fpombudsman.org\/#\/schema\/logo\/image\/"}}]}},"_links":{"self":[{"href":"https:\/\/fpombudsman.org\/fr\/wp-json\/wp\/v2\/pages\/1121","targetHints":{"allow":["GET"]}}],"collection":[{"href":"https:\/\/fpombudsman.org\/fr\/wp-json\/wp\/v2\/pages"}],"about":[{"href":"https:\/\/fpombudsman.org\/fr\/wp-json\/wp\/v2\/types\/page"}],"author":[{"embeddable":true,"href":"https:\/\/fpombudsman.org\/fr\/wp-json\/wp\/v2\/users\/9"}],"replies":[{"embeddable":true,"href":"https:\/\/fpombudsman.org\/fr\/wp-json\/wp\/v2\/comments?post=1121"}],"version-history":[{"count":3,"href":"https:\/\/fpombudsman.org\/fr\/wp-json\/wp\/v2\/pages\/1121\/revisions"}],"predecessor-version":[{"id":1552,"href":"https:\/\/fpombudsman.org\/fr\/wp-json\/wp\/v2\/pages\/1121\/revisions\/1552"}],"up":[{"embeddable":true,"href":"https:\/\/fpombudsman.org\/fr\/wp-json\/wp\/v2\/pages\/1119"}],"wp:attachment":[{"href":"https:\/\/fpombudsman.org\/fr\/wp-json\/wp\/v2\/media?parent=1121"}],"curies":[{"name":"wp","href":"https:\/\/api.w.org\/{rel}","templated":true}]}}