
{"id":1119,"date":"2014-10-29T19:37:27","date_gmt":"2014-10-29T19:37:27","guid":{"rendered":"https:\/\/fpombudsman.org\/history-2\/"},"modified":"2017-07-24T19:35:33","modified_gmt":"2017-07-24T19:35:33","slug":"history-2","status":"publish","type":"page","link":"https:\/\/fpombudsman.org\/fr\/history-2\/","title":{"rendered":"Historique De Notre Bureau"},"content":{"rendered":"<div class=\"wpb-content-wrapper\"><p>[vc_row][vc_column width=&#8221;1\/1&#8243;][vc_column_text]<\/p>\n<p>&nbsp;<\/p>\n<table>\n<tbody>\n<tr bgcolor=\"#fccc59\">\n<td>2016<\/td>\n<td>Nouveaux termes de\u00a0<span style=\"text-decoration: underline;\">r\u00e9f\u00e9rence<\/span>\u00a0pour le bureau des services d&#8217;ombudsman et de m\u00e9diation des\u00a0<span style=\"text-decoration: underline;\">Nations Unies<\/span>\u00a0sont publi\u00e9s &#8211; ST\/SGB\/2016\/7<\/td>\n<\/tr>\n<tr>\n<td>2015<\/td>\n<td>\u00a0<a href=\"https:\/\/fpombudsman.org\/our-team\/alayne-frankson-wallace\/\">Alayne Frankson-Wallace<\/a>\u00a0et\u00a0<a href=\"https:\/\/fpombudsman.org\/our-team\/giuseppe-de-palo\/\">Giuseppe De Palo\u00a0\u00a0sont nomm\u00e9s comme les ombudsmans de Fonds et Programmes<\/a><\/td>\n<\/tr>\n<tr bgcolor=\"#fccc59\">\n<td>2012<\/td>\n<td>Le Bureau de l\u2019Ombudsman f\u00eate son dixi\u00e8me anniversaire.<\/td>\n<\/tr>\n<tr>\n<td>2011<\/td>\n<td>Le Bureau de l\u2019Ombudsman pour les fonds et programmes des Nations Unies commence \u00e0 offrir ses services \u00e0 ONU\u00a0Femmes.<\/td>\n<\/tr>\n<tr bgcolor=\"#fccc59\">\n<td>2010<\/td>\n<td><a href=\"https:\/\/fpombudsman.org\/fr\/our-team-2\/mame-diagne\/\">Mame Diagne\u00a0<\/a>et\u00a0<a href=\"https:\/\/fpombudsman.org\/fr\/our-team-2\/helmut-buss\/\">Helmut Buss<\/a>\u00a0sont nomm\u00e9s aux fonctions d\u2019Ombudsman pour les fonds et programmes des Nations Unies.<\/td>\n<\/tr>\n<tr>\n<td>2007<\/td>\n<td>L\u2019Assembl\u00e9e g\u00e9n\u00e9rale adopte la\u00a0<a href=\"http:\/\/www.un.org\/french\/documents\/view_doc.asp?symbol=A%2FRES%2F62%2F228&amp;Submit=Recherche&amp;Lang=F\">r\u00e9solution 62\/228<\/a>, dans laquelle elle renforce l\u2019Administration de la Justice, y compris le syst\u00e8me informel. Le Bureau de l\u2019Ombudsman et les Services de m\u00e9diation deviennent un Bureau unique, int\u00e9gr\u00e9 et d\u00e9centralis\u00e9 pour le Secr\u00e9tariat de l\u2019Organisation, l\u2019UNHCR et les fonds et programmes des Nations Unies.<\/td>\n<\/tr>\n<tr bgcolor=\"#fccc59\">\n<td>2006<\/td>\n<td>Les services du Bureau de l&#8217;Ombudsman commun sont \u00e9tendus \u00e0 l\u2019UNICEF, ce qui met fin au syst\u00e8me d\u2019Ombudsman volontaire de l\u2019UNICEF. La sph\u00e8re de comp\u00e9tence du Bureau inclut d\u00e9sormais le PNUD, le FNUAP, l\u2019UNOPS et l\u2019UNICEF.<\/td>\n<\/tr>\n<tr>\n<td>2006<\/td>\n<td>Le Groupe de la refonte du syst\u00e8me d\u2019administration de la justice de l\u2019Organisation des Nations Unies \u00e9nonce des recommandations sur les processus et les structures du syst\u00e8me de justice formel et informel (<a href=\"http:\/\/www.un.org\/french\/documents\/view_doc.asp?symbol=A%2F61%2F205&amp;Submit=Recherche&amp;Lang=F\">A\/61\/205<\/a>).<\/td>\n<\/tr>\n<tr bgcolor=\"#fccc59\">\n<td>2006-2010<\/td>\n<td><a href=\"https:\/\/fpombudsman.org\/fr\/history-2\/veronica-luard\/\">Veronica Luard<\/a>\u00a0est nomm\u00e9e \u00e0 la t\u00eate du Bureau de l\u2019Ombudsman commun.<\/td>\n<\/tr>\n<tr>\n<td>2002-2006<\/td>\n<td><a href=\"https:\/\/fpombudsman.org\/fr\/our-team-2\/james-lee\/\">James Lee<\/a>\u00a0est le premier \u00e0 exercer les fonctions d&#8217;Ombudsman commun du PNUD, du FNUAP et de l&#8217;UNOPS.<\/td>\n<\/tr>\n<tr bgcolor=\"#fccc59\">\n<td>2002<\/td>\n<td>Le Bureau de l&#8217;Ombudsman commun du PNUD, du FNUAP et de l&#8217;UNOPS entre en activit\u00e9, et remplace le Groupe m\u00e9diateur volontaire. L\u2019Administrateur annonce la cr\u00e9ation du bureau \u00e0 tout le personnel du PNUD\/FNUAP\/UNOPS par un courrier \u00e9lectronique mondial, auquel est joint le mandat. Dans le m\u00eame temps, l\u2019Assembl\u00e9e g\u00e9n\u00e9rale instaure l\u2019Ombudsman des Nations Unies et le Secr\u00e9taire g\u00e9n\u00e9ral \u00e9met une circulaire relative \u00e0 la nomination et au mandat de l\u2019Ombudsman (<a href=\"http:\/\/www.un.org\/french\/documents\/view_doc.asp?symbol=ST%2FSGB%2F2002%2F12&amp;Submit=Recherche&amp;Lang=F\">ST\/SGB\/2002\/12<\/a>).<\/td>\n<\/tr>\n<\/tbody>\n<\/table>\n<p>[\/vc_column_text][\/vc_column][\/vc_row][\/vc_column_text][\/vc_column][\/vc_row]<\/p>\n<\/div>","protected":false},"excerpt":{"rendered":"<p>[vc_row][vc_column width=&#8221;1\/1&#8243;][vc_column_text] &nbsp; 2016 Nouveaux termes de\u00a0r\u00e9f\u00e9rence\u00a0pour le bureau des services d&#8217;ombudsman et de m\u00e9diation des\u00a0Nations Unies\u00a0sont publi\u00e9s &#8211; ST\/SGB\/2016\/7 2015 \u00a0Alayne Frankson-Wallace\u00a0et\u00a0Giuseppe De Palo\u00a0\u00a0sont nomm\u00e9s comme les ombudsmans de Fonds et Programmes 2012 Le Bureau de l\u2019Ombudsman f\u00eate son dixi\u00e8me anniversaire. 2011 Le Bureau de l\u2019Ombudsman pour les fonds et programmes des Nations Unies [&hellip;]<\/p>\n","protected":false},"author":9,"featured_media":0,"parent":0,"menu_order":0,"comment_status":"open","ping_status":"open","template":"","meta":{"footnotes":""},"class_list":["post-1119","page","type-page","status-publish","hentry"],"yoast_head":"<!-- This site is optimized with the Yoast SEO plugin v24.1 - https:\/\/yoast.com\/wordpress\/plugins\/seo\/ -->\n<title>Historique De Notre Bureau - Office of the Ombudsman for United Nations Funds and Programmes<\/title>\n<meta name=\"robots\" content=\"index, follow, max-snippet:-1, max-image-preview:large, max-video-preview:-1\" \/>\n<link rel=\"canonical\" href=\"https:\/\/fpombudsman.org\/fr\/history-2\/\" \/>\n<meta property=\"og:locale\" content=\"fr_FR\" \/>\n<meta property=\"og:type\" content=\"article\" \/>\n<meta property=\"og:title\" content=\"Historique De Notre Bureau - Office of the Ombudsman for United Nations Funds and Programmes\" \/>\n<meta property=\"og:description\" content=\"[vc_row][vc_column width=&#8221;1\/1&#8243;][vc_column_text] &nbsp; 2016 Nouveaux termes de\u00a0r\u00e9f\u00e9rence\u00a0pour le bureau des services d&#8217;ombudsman et de m\u00e9diation des\u00a0Nations Unies\u00a0sont publi\u00e9s &#8211; ST\/SGB\/2016\/7 2015 \u00a0Alayne Frankson-Wallace\u00a0et\u00a0Giuseppe De Palo\u00a0\u00a0sont nomm\u00e9s comme les ombudsmans de Fonds et Programmes 2012 Le Bureau de l\u2019Ombudsman f\u00eate son dixi\u00e8me anniversaire. 2011 Le Bureau de l\u2019Ombudsman pour les fonds et programmes des Nations Unies [&hellip;]\" \/>\n<meta property=\"og:url\" content=\"https:\/\/fpombudsman.org\/fr\/history-2\/\" \/>\n<meta property=\"og:site_name\" content=\"Office of the Ombudsman for United Nations Funds and Programmes\" \/>\n<meta property=\"article:modified_time\" content=\"2017-07-24T19:35:33+00:00\" \/>\n<meta name=\"twitter:card\" content=\"summary_large_image\" \/>\n<meta name=\"twitter:label1\" content=\"Dur\u00e9e de lecture estim\u00e9e\" \/>\n\t<meta name=\"twitter:data1\" content=\"2 minutes\" \/>\n<script type=\"application\/ld+json\" class=\"yoast-schema-graph\">{\"@context\":\"https:\/\/schema.org\",\"@graph\":[{\"@type\":\"WebPage\",\"@id\":\"https:\/\/fpombudsman.org\/fr\/history-2\/\",\"url\":\"https:\/\/fpombudsman.org\/fr\/history-2\/\",\"name\":\"Historique De Notre Bureau - Office of the Ombudsman for United Nations Funds and Programmes\",\"isPartOf\":{\"@id\":\"https:\/\/fpombudsman.org\/#website\"},\"datePublished\":\"2014-10-29T19:37:27+00:00\",\"dateModified\":\"2017-07-24T19:35:33+00:00\",\"breadcrumb\":{\"@id\":\"https:\/\/fpombudsman.org\/fr\/history-2\/#breadcrumb\"},\"inLanguage\":\"fr-FR\",\"potentialAction\":[{\"@type\":\"ReadAction\",\"target\":[\"https:\/\/fpombudsman.org\/fr\/history-2\/\"]}]},{\"@type\":\"BreadcrumbList\",\"@id\":\"https:\/\/fpombudsman.org\/fr\/history-2\/#breadcrumb\",\"itemListElement\":[{\"@type\":\"ListItem\",\"position\":1,\"name\":\"Home\",\"item\":\"https:\/\/fpombudsman.org\/fr\/\"},{\"@type\":\"ListItem\",\"position\":2,\"name\":\"Historique De Notre Bureau\"}]},{\"@type\":\"WebSite\",\"@id\":\"https:\/\/fpombudsman.org\/#website\",\"url\":\"https:\/\/fpombudsman.org\/\",\"name\":\"Office of the Ombudsman for United Nations Funds and Programmes\",\"description\":\"Confidential - Impartial - Independent - Informal\",\"publisher\":{\"@id\":\"https:\/\/fpombudsman.org\/#organization\"},\"potentialAction\":[{\"@type\":\"SearchAction\",\"target\":{\"@type\":\"EntryPoint\",\"urlTemplate\":\"https:\/\/fpombudsman.org\/?s={search_term_string}\"},\"query-input\":{\"@type\":\"PropertyValueSpecification\",\"valueRequired\":true,\"valueName\":\"search_term_string\"}}],\"inLanguage\":\"fr-FR\"},{\"@type\":\"Organization\",\"@id\":\"https:\/\/fpombudsman.org\/#organization\",\"name\":\"Office of the Ombudsman for United Nations Funds and Programmes\",\"url\":\"https:\/\/fpombudsman.org\/\",\"logo\":{\"@type\":\"ImageObject\",\"inLanguage\":\"fr-FR\",\"@id\":\"https:\/\/fpombudsman.org\/#\/schema\/logo\/image\/\",\"url\":\"https:\/\/fpombudsman.org\/wp-content\/uploads\/2020\/11\/Banner.png\",\"contentUrl\":\"https:\/\/fpombudsman.org\/wp-content\/uploads\/2020\/11\/Banner.png\",\"width\":391,\"height\":95,\"caption\":\"Office of the Ombudsman for United Nations Funds and Programmes\"},\"image\":{\"@id\":\"https:\/\/fpombudsman.org\/#\/schema\/logo\/image\/\"}}]}<\/script>\n<!-- \/ Yoast SEO plugin. -->","yoast_head_json":{"title":"Historique De Notre Bureau - Office of the Ombudsman for United Nations Funds and Programmes","robots":{"index":"index","follow":"follow","max-snippet":"max-snippet:-1","max-image-preview":"max-image-preview:large","max-video-preview":"max-video-preview:-1"},"canonical":"https:\/\/fpombudsman.org\/fr\/history-2\/","og_locale":"fr_FR","og_type":"article","og_title":"Historique De Notre Bureau - Office of the Ombudsman for United Nations Funds and Programmes","og_description":"[vc_row][vc_column width=&#8221;1\/1&#8243;][vc_column_text] &nbsp; 2016 Nouveaux termes de\u00a0r\u00e9f\u00e9rence\u00a0pour le bureau des services d&#8217;ombudsman et de m\u00e9diation des\u00a0Nations Unies\u00a0sont publi\u00e9s &#8211; ST\/SGB\/2016\/7 2015 \u00a0Alayne Frankson-Wallace\u00a0et\u00a0Giuseppe De Palo\u00a0\u00a0sont nomm\u00e9s comme les ombudsmans de Fonds et Programmes 2012 Le Bureau de l\u2019Ombudsman f\u00eate son dixi\u00e8me anniversaire. 2011 Le Bureau de l\u2019Ombudsman pour les fonds et programmes des Nations Unies [&hellip;]","og_url":"https:\/\/fpombudsman.org\/fr\/history-2\/","og_site_name":"Office of the Ombudsman for United Nations Funds and Programmes","article_modified_time":"2017-07-24T19:35:33+00:00","twitter_card":"summary_large_image","twitter_misc":{"Dur\u00e9e de lecture estim\u00e9e":"2 minutes"},"schema":{"@context":"https:\/\/schema.org","@graph":[{"@type":"WebPage","@id":"https:\/\/fpombudsman.org\/fr\/history-2\/","url":"https:\/\/fpombudsman.org\/fr\/history-2\/","name":"Historique De Notre Bureau - Office of the Ombudsman for United Nations Funds and Programmes","isPartOf":{"@id":"https:\/\/fpombudsman.org\/#website"},"datePublished":"2014-10-29T19:37:27+00:00","dateModified":"2017-07-24T19:35:33+00:00","breadcrumb":{"@id":"https:\/\/fpombudsman.org\/fr\/history-2\/#breadcrumb"},"inLanguage":"fr-FR","potentialAction":[{"@type":"ReadAction","target":["https:\/\/fpombudsman.org\/fr\/history-2\/"]}]},{"@type":"BreadcrumbList","@id":"https:\/\/fpombudsman.org\/fr\/history-2\/#breadcrumb","itemListElement":[{"@type":"ListItem","position":1,"name":"Home","item":"https:\/\/fpombudsman.org\/fr\/"},{"@type":"ListItem","position":2,"name":"Historique De Notre Bureau"}]},{"@type":"WebSite","@id":"https:\/\/fpombudsman.org\/#website","url":"https:\/\/fpombudsman.org\/","name":"Office of the Ombudsman for United Nations Funds and Programmes","description":"Confidential - Impartial - Independent - Informal","publisher":{"@id":"https:\/\/fpombudsman.org\/#organization"},"potentialAction":[{"@type":"SearchAction","target":{"@type":"EntryPoint","urlTemplate":"https:\/\/fpombudsman.org\/?s={search_term_string}"},"query-input":{"@type":"PropertyValueSpecification","valueRequired":true,"valueName":"search_term_string"}}],"inLanguage":"fr-FR"},{"@type":"Organization","@id":"https:\/\/fpombudsman.org\/#organization","name":"Office of the Ombudsman for United Nations Funds and Programmes","url":"https:\/\/fpombudsman.org\/","logo":{"@type":"ImageObject","inLanguage":"fr-FR","@id":"https:\/\/fpombudsman.org\/#\/schema\/logo\/image\/","url":"https:\/\/fpombudsman.org\/wp-content\/uploads\/2020\/11\/Banner.png","contentUrl":"https:\/\/fpombudsman.org\/wp-content\/uploads\/2020\/11\/Banner.png","width":391,"height":95,"caption":"Office of the Ombudsman for United Nations Funds and Programmes"},"image":{"@id":"https:\/\/fpombudsman.org\/#\/schema\/logo\/image\/"}}]}},"_links":{"self":[{"href":"https:\/\/fpombudsman.org\/fr\/wp-json\/wp\/v2\/pages\/1119","targetHints":{"allow":["GET"]}}],"collection":[{"href":"https:\/\/fpombudsman.org\/fr\/wp-json\/wp\/v2\/pages"}],"about":[{"href":"https:\/\/fpombudsman.org\/fr\/wp-json\/wp\/v2\/types\/page"}],"author":[{"embeddable":true,"href":"https:\/\/fpombudsman.org\/fr\/wp-json\/wp\/v2\/users\/9"}],"replies":[{"embeddable":true,"href":"https:\/\/fpombudsman.org\/fr\/wp-json\/wp\/v2\/comments?post=1119"}],"version-history":[{"count":27,"href":"https:\/\/fpombudsman.org\/fr\/wp-json\/wp\/v2\/pages\/1119\/revisions"}],"predecessor-version":[{"id":2031,"href":"https:\/\/fpombudsman.org\/fr\/wp-json\/wp\/v2\/pages\/1119\/revisions\/2031"}],"wp:attachment":[{"href":"https:\/\/fpombudsman.org\/fr\/wp-json\/wp\/v2\/media?parent=1119"}],"curies":[{"name":"wp","href":"https:\/\/api.w.org\/{rel}","templated":true}]}}