
{"id":1105,"date":"2014-10-29T19:36:51","date_gmt":"2014-10-29T19:36:51","guid":{"rendered":"https:\/\/fpombudsman.org\/list-of-most-common-issues-that-contract-holders-have-raised-2\/"},"modified":"2015-08-06T14:17:11","modified_gmt":"2015-08-06T14:17:11","slug":"list-of-most-common-issues-that-contract-holders-have-raised-2","status":"publish","type":"page","link":"https:\/\/fpombudsman.org\/fr\/resources-2\/list-of-most-common-issues-that-contract-holders-have-raised-2\/","title":{"rendered":"Probl\u00e8mes Fr\u00e9quents"},"content":{"rendered":"<div class=\"wpb-content-wrapper\"><p>[vc_row][vc_column width=&#8221;1\/1&#8243;][vc_single_image image=&#8221;1291&#8243; border_color=&#8221;grey&#8221; img_link_target=&#8221;_self&#8221; img_size=&#8221;full&#8221; alignment=&#8221;center&#8221;][\/vc_column][\/vc_row][vc_row][vc_column width=&#8221;1\/1&#8243;][vc_column_text]<\/p>\n<h3>Exemples de probl\u00e8mes fr\u00e9quents soumis au Bureau de l\u2019Ombudsman\u00a0:<\/h3>\n<ul>\n<li>\n<ul>\n<li>Mon contrat a \u00e9t\u00e9 raccourci sans explications. Puis-je faire quelque chose pour r\u00e9soudre ce probl\u00e8me de mani\u00e8re informelle\u00a0?<\/li>\n<li>J\u2019ai travaill\u00e9 comme consultant et j\u2019ai soumis le rapport final mais je n\u2019ai jamais \u00e9t\u00e9 pay\u00e9. Je n\u2019ai pas pu obtenir de r\u00e9ponse du bureau \u00e0 propos du paiement en souffrance de mes frais de d\u00e9placement et de mes honoraires. Pouvez-vous m\u2019aider\u00a0?<\/li>\n<li>J\u2019ai \u00e9t\u00e9 Volontaire des Nations Unies sur ce site d\u2019affectation pendant de nombreuses ann\u00e9es et on m\u2019a dit que je ne pouvais pas faire acte de candidature pour un poste ici. Pouvez-vous m\u2019expliquer pourquoi?<\/li>\n<li>Je suis parti de l\u2019organisation et j\u2019ai contact\u00e9 le point focal des RH \u00e0 plusieurs reprises, mais on ne m\u2019a jamais dit quand je percevrai ma prime de rapatriement. Pouvez-vous m\u2019aider\u00a0?<\/li>\n<li>Mon poste a \u00e9t\u00e9 supprim\u00e9 et j\u2019aimerais vous demander des conseils concernant la fin de mon contrat et mes droits.<\/li>\n<li>Je suis an\u00e9anti et triste parce que mon superviseur me manque de respect et me harc\u00e8le tous les jours. J\u2019ai toujours travaill\u00e9 tr\u00e8s dur et je ne comprends pas ce qui se passe. Je refuse absolument de soulever ce probl\u00e8me aupr\u00e8s de mon superviseur \u00e0 ce stade, et je ne veux pas non plus que quelqu\u2019un le fasse pour moi. Mais j\u2019aimerais avoir la possibilit\u00e9 d\u2019en discuter avec un professionnel dans votre domaine afin de d\u00e9terminer si j\u2019ai raison de m\u2019inqui\u00e9ter. Dites-moi, s\u2019il vous pla\u00eet, si ce sera possible.<\/li>\n<li>J\u2019ai des questions \u00e0 poser sur la mani\u00e8re de traiter une situation de travail d\u00e9licate \u00e0 mon bureau. Puis-je vous parler\u00a0?<\/li>\n<li>Il y a dans mon \u00e9quipe une personne difficile, qui a de tr\u00e8s mauvais r\u00e9sultats ann\u00e9e apr\u00e8s ann\u00e9e. Je lui ai indiqu\u00e9 comment elle pouvait s\u2019am\u00e9liorer mais elle n\u2019a jamais suivi mes conseils. Que me sugg\u00e8reriez-vous\u00a0?<\/li>\n<li>J\u2019ai \u00e9t\u00e9 en cong\u00e9 maladie pendant une p\u00e9riode prolong\u00e9e et je ne parviens pas \u00e0 obtenir de r\u00e9ponse \u00e0 mes questions, que ce soit du service m\u00e9dical ou des RH.<\/li>\n<\/ul>\n<\/li>\n<\/ul>\n<p>[\/vc_column_text][\/vc_column][\/vc_row]<\/p>\n<\/div>","protected":false},"excerpt":{"rendered":"<p>[vc_row][vc_column width=&#8221;1\/1&#8243;][vc_single_image image=&#8221;1291&#8243; border_color=&#8221;grey&#8221; img_link_target=&#8221;_self&#8221; img_size=&#8221;full&#8221; alignment=&#8221;center&#8221;][\/vc_column][\/vc_row][vc_row][vc_column width=&#8221;1\/1&#8243;][vc_column_text] Exemples de probl\u00e8mes fr\u00e9quents soumis au Bureau de l\u2019Ombudsman\u00a0: Mon contrat a \u00e9t\u00e9 raccourci sans explications. Puis-je faire quelque chose pour r\u00e9soudre ce probl\u00e8me de mani\u00e8re informelle\u00a0? J\u2019ai travaill\u00e9 comme consultant et j\u2019ai soumis le rapport final mais je n\u2019ai jamais \u00e9t\u00e9 pay\u00e9. Je n\u2019ai pas pu [&hellip;]<\/p>\n","protected":false},"author":9,"featured_media":0,"parent":1149,"menu_order":0,"comment_status":"open","ping_status":"open","template":"","meta":{"footnotes":""},"class_list":["post-1105","page","type-page","status-publish","hentry"],"yoast_head":"<!-- This site is optimized with the Yoast SEO plugin v24.1 - https:\/\/yoast.com\/wordpress\/plugins\/seo\/ -->\n<title>Probl\u00e8mes Fr\u00e9quents - Office of the Ombudsman for United Nations Funds and Programmes<\/title>\n<meta name=\"robots\" content=\"index, follow, max-snippet:-1, max-image-preview:large, max-video-preview:-1\" \/>\n<link rel=\"canonical\" href=\"https:\/\/fpombudsman.org\/fr\/resources-2\/list-of-most-common-issues-that-contract-holders-have-raised-2\/\" \/>\n<meta property=\"og:locale\" content=\"fr_FR\" \/>\n<meta property=\"og:type\" content=\"article\" \/>\n<meta property=\"og:title\" content=\"Probl\u00e8mes Fr\u00e9quents - Office of the Ombudsman for United Nations Funds and Programmes\" \/>\n<meta property=\"og:description\" content=\"[vc_row][vc_column width=&#8221;1\/1&#8243;][vc_single_image image=&#8221;1291&#8243; border_color=&#8221;grey&#8221; img_link_target=&#8221;_self&#8221; img_size=&#8221;full&#8221; alignment=&#8221;center&#8221;][\/vc_column][\/vc_row][vc_row][vc_column width=&#8221;1\/1&#8243;][vc_column_text] Exemples de probl\u00e8mes fr\u00e9quents soumis au Bureau de l\u2019Ombudsman\u00a0: Mon contrat a \u00e9t\u00e9 raccourci sans explications. Puis-je faire quelque chose pour r\u00e9soudre ce probl\u00e8me de mani\u00e8re informelle\u00a0? J\u2019ai travaill\u00e9 comme consultant et j\u2019ai soumis le rapport final mais je n\u2019ai jamais \u00e9t\u00e9 pay\u00e9. Je n\u2019ai pas pu [&hellip;]\" \/>\n<meta property=\"og:url\" content=\"https:\/\/fpombudsman.org\/fr\/resources-2\/list-of-most-common-issues-that-contract-holders-have-raised-2\/\" \/>\n<meta property=\"og:site_name\" content=\"Office of the Ombudsman for United Nations Funds and Programmes\" \/>\n<meta property=\"article:modified_time\" content=\"2015-08-06T14:17:11+00:00\" \/>\n<meta name=\"twitter:card\" content=\"summary_large_image\" \/>\n<meta name=\"twitter:label1\" content=\"Dur\u00e9e de lecture estim\u00e9e\" \/>\n\t<meta name=\"twitter:data1\" content=\"2 minutes\" \/>\n<script type=\"application\/ld+json\" class=\"yoast-schema-graph\">{\"@context\":\"https:\/\/schema.org\",\"@graph\":[{\"@type\":\"WebPage\",\"@id\":\"https:\/\/fpombudsman.org\/fr\/resources-2\/list-of-most-common-issues-that-contract-holders-have-raised-2\/\",\"url\":\"https:\/\/fpombudsman.org\/fr\/resources-2\/list-of-most-common-issues-that-contract-holders-have-raised-2\/\",\"name\":\"Probl\u00e8mes Fr\u00e9quents - Office of the Ombudsman for United Nations Funds and Programmes\",\"isPartOf\":{\"@id\":\"https:\/\/fpombudsman.org\/#website\"},\"datePublished\":\"2014-10-29T19:36:51+00:00\",\"dateModified\":\"2015-08-06T14:17:11+00:00\",\"breadcrumb\":{\"@id\":\"https:\/\/fpombudsman.org\/fr\/resources-2\/list-of-most-common-issues-that-contract-holders-have-raised-2\/#breadcrumb\"},\"inLanguage\":\"fr-FR\",\"potentialAction\":[{\"@type\":\"ReadAction\",\"target\":[\"https:\/\/fpombudsman.org\/fr\/resources-2\/list-of-most-common-issues-that-contract-holders-have-raised-2\/\"]}]},{\"@type\":\"BreadcrumbList\",\"@id\":\"https:\/\/fpombudsman.org\/fr\/resources-2\/list-of-most-common-issues-that-contract-holders-have-raised-2\/#breadcrumb\",\"itemListElement\":[{\"@type\":\"ListItem\",\"position\":1,\"name\":\"Home\",\"item\":\"https:\/\/fpombudsman.org\/fr\/\"},{\"@type\":\"ListItem\",\"position\":2,\"name\":\"Ressources\",\"item\":\"https:\/\/fpombudsman.org\/fr\/resources-2\/\"},{\"@type\":\"ListItem\",\"position\":3,\"name\":\"Probl\u00e8mes Fr\u00e9quents\"}]},{\"@type\":\"WebSite\",\"@id\":\"https:\/\/fpombudsman.org\/#website\",\"url\":\"https:\/\/fpombudsman.org\/\",\"name\":\"Office of the Ombudsman for United Nations Funds and Programmes\",\"description\":\"Confidential - Impartial - Independent - Informal\",\"publisher\":{\"@id\":\"https:\/\/fpombudsman.org\/#organization\"},\"potentialAction\":[{\"@type\":\"SearchAction\",\"target\":{\"@type\":\"EntryPoint\",\"urlTemplate\":\"https:\/\/fpombudsman.org\/?s={search_term_string}\"},\"query-input\":{\"@type\":\"PropertyValueSpecification\",\"valueRequired\":true,\"valueName\":\"search_term_string\"}}],\"inLanguage\":\"fr-FR\"},{\"@type\":\"Organization\",\"@id\":\"https:\/\/fpombudsman.org\/#organization\",\"name\":\"Office of the Ombudsman for United Nations Funds and Programmes\",\"url\":\"https:\/\/fpombudsman.org\/\",\"logo\":{\"@type\":\"ImageObject\",\"inLanguage\":\"fr-FR\",\"@id\":\"https:\/\/fpombudsman.org\/#\/schema\/logo\/image\/\",\"url\":\"https:\/\/fpombudsman.org\/wp-content\/uploads\/2020\/11\/Banner.png\",\"contentUrl\":\"https:\/\/fpombudsman.org\/wp-content\/uploads\/2020\/11\/Banner.png\",\"width\":391,\"height\":95,\"caption\":\"Office of the Ombudsman for United Nations Funds and Programmes\"},\"image\":{\"@id\":\"https:\/\/fpombudsman.org\/#\/schema\/logo\/image\/\"}}]}<\/script>\n<!-- \/ Yoast SEO plugin. -->","yoast_head_json":{"title":"Probl\u00e8mes Fr\u00e9quents - Office of the Ombudsman for United Nations Funds and Programmes","robots":{"index":"index","follow":"follow","max-snippet":"max-snippet:-1","max-image-preview":"max-image-preview:large","max-video-preview":"max-video-preview:-1"},"canonical":"https:\/\/fpombudsman.org\/fr\/resources-2\/list-of-most-common-issues-that-contract-holders-have-raised-2\/","og_locale":"fr_FR","og_type":"article","og_title":"Probl\u00e8mes Fr\u00e9quents - Office of the Ombudsman for United Nations Funds and Programmes","og_description":"[vc_row][vc_column width=&#8221;1\/1&#8243;][vc_single_image image=&#8221;1291&#8243; border_color=&#8221;grey&#8221; img_link_target=&#8221;_self&#8221; img_size=&#8221;full&#8221; alignment=&#8221;center&#8221;][\/vc_column][\/vc_row][vc_row][vc_column width=&#8221;1\/1&#8243;][vc_column_text] Exemples de probl\u00e8mes fr\u00e9quents soumis au Bureau de l\u2019Ombudsman\u00a0: Mon contrat a \u00e9t\u00e9 raccourci sans explications. Puis-je faire quelque chose pour r\u00e9soudre ce probl\u00e8me de mani\u00e8re informelle\u00a0? J\u2019ai travaill\u00e9 comme consultant et j\u2019ai soumis le rapport final mais je n\u2019ai jamais \u00e9t\u00e9 pay\u00e9. Je n\u2019ai pas pu [&hellip;]","og_url":"https:\/\/fpombudsman.org\/fr\/resources-2\/list-of-most-common-issues-that-contract-holders-have-raised-2\/","og_site_name":"Office of the Ombudsman for United Nations Funds and Programmes","article_modified_time":"2015-08-06T14:17:11+00:00","twitter_card":"summary_large_image","twitter_misc":{"Dur\u00e9e de lecture estim\u00e9e":"2 minutes"},"schema":{"@context":"https:\/\/schema.org","@graph":[{"@type":"WebPage","@id":"https:\/\/fpombudsman.org\/fr\/resources-2\/list-of-most-common-issues-that-contract-holders-have-raised-2\/","url":"https:\/\/fpombudsman.org\/fr\/resources-2\/list-of-most-common-issues-that-contract-holders-have-raised-2\/","name":"Probl\u00e8mes Fr\u00e9quents - Office of the Ombudsman for United Nations Funds and Programmes","isPartOf":{"@id":"https:\/\/fpombudsman.org\/#website"},"datePublished":"2014-10-29T19:36:51+00:00","dateModified":"2015-08-06T14:17:11+00:00","breadcrumb":{"@id":"https:\/\/fpombudsman.org\/fr\/resources-2\/list-of-most-common-issues-that-contract-holders-have-raised-2\/#breadcrumb"},"inLanguage":"fr-FR","potentialAction":[{"@type":"ReadAction","target":["https:\/\/fpombudsman.org\/fr\/resources-2\/list-of-most-common-issues-that-contract-holders-have-raised-2\/"]}]},{"@type":"BreadcrumbList","@id":"https:\/\/fpombudsman.org\/fr\/resources-2\/list-of-most-common-issues-that-contract-holders-have-raised-2\/#breadcrumb","itemListElement":[{"@type":"ListItem","position":1,"name":"Home","item":"https:\/\/fpombudsman.org\/fr\/"},{"@type":"ListItem","position":2,"name":"Ressources","item":"https:\/\/fpombudsman.org\/fr\/resources-2\/"},{"@type":"ListItem","position":3,"name":"Probl\u00e8mes Fr\u00e9quents"}]},{"@type":"WebSite","@id":"https:\/\/fpombudsman.org\/#website","url":"https:\/\/fpombudsman.org\/","name":"Office of the Ombudsman for United Nations Funds and Programmes","description":"Confidential - Impartial - Independent - Informal","publisher":{"@id":"https:\/\/fpombudsman.org\/#organization"},"potentialAction":[{"@type":"SearchAction","target":{"@type":"EntryPoint","urlTemplate":"https:\/\/fpombudsman.org\/?s={search_term_string}"},"query-input":{"@type":"PropertyValueSpecification","valueRequired":true,"valueName":"search_term_string"}}],"inLanguage":"fr-FR"},{"@type":"Organization","@id":"https:\/\/fpombudsman.org\/#organization","name":"Office of the Ombudsman for United Nations Funds and Programmes","url":"https:\/\/fpombudsman.org\/","logo":{"@type":"ImageObject","inLanguage":"fr-FR","@id":"https:\/\/fpombudsman.org\/#\/schema\/logo\/image\/","url":"https:\/\/fpombudsman.org\/wp-content\/uploads\/2020\/11\/Banner.png","contentUrl":"https:\/\/fpombudsman.org\/wp-content\/uploads\/2020\/11\/Banner.png","width":391,"height":95,"caption":"Office of the Ombudsman for United Nations Funds and Programmes"},"image":{"@id":"https:\/\/fpombudsman.org\/#\/schema\/logo\/image\/"}}]}},"_links":{"self":[{"href":"https:\/\/fpombudsman.org\/fr\/wp-json\/wp\/v2\/pages\/1105","targetHints":{"allow":["GET"]}}],"collection":[{"href":"https:\/\/fpombudsman.org\/fr\/wp-json\/wp\/v2\/pages"}],"about":[{"href":"https:\/\/fpombudsman.org\/fr\/wp-json\/wp\/v2\/types\/page"}],"author":[{"embeddable":true,"href":"https:\/\/fpombudsman.org\/fr\/wp-json\/wp\/v2\/users\/9"}],"replies":[{"embeddable":true,"href":"https:\/\/fpombudsman.org\/fr\/wp-json\/wp\/v2\/comments?post=1105"}],"version-history":[{"count":6,"href":"https:\/\/fpombudsman.org\/fr\/wp-json\/wp\/v2\/pages\/1105\/revisions"}],"predecessor-version":[{"id":1622,"href":"https:\/\/fpombudsman.org\/fr\/wp-json\/wp\/v2\/pages\/1105\/revisions\/1622"}],"up":[{"embeddable":true,"href":"https:\/\/fpombudsman.org\/fr\/wp-json\/wp\/v2\/pages\/1149"}],"wp:attachment":[{"href":"https:\/\/fpombudsman.org\/fr\/wp-json\/wp\/v2\/media?parent=1105"}],"curies":[{"name":"wp","href":"https:\/\/api.w.org\/{rel}","templated":true}]}}