
{"id":3762,"date":"2021-02-08T18:14:16","date_gmt":"2021-02-08T18:14:16","guid":{"rendered":"https:\/\/fpombudsman.org\/?page_id=3762"},"modified":"2024-09-19T13:17:18","modified_gmt":"2024-09-19T13:17:18","slug":"panel-global-de-mediacion","status":"publish","type":"page","link":"https:\/\/fpombudsman.org\/es\/panel-global-de-mediacion\/","title":{"rendered":"Unidad de Mediaci\u00f3n\/ Panel Global de Mediaci\u00f3n"},"content":{"rendered":"<div class=\"wpb-content-wrapper\"><p>[vc_row css=&#8221;.vc_custom_1600970107797{margin-top: -12px !important;}&#8221;][vc_column][vc_column_text]<\/p>\n<p>Como parte de los esfuerzos para mejorar la cultura organizacional y las formas de responder a las quejas, la Oficina del Ombudsman para los Fondos y Programas de las Naciones Unidas est\u00e1 aumentando la capacidad de los servicios de mediaci\u00f3n a trav\u00e9s de su Unidad de Mediaci\u00f3n. Esta capacidad fortalecida permitir\u00e1 al personal de las cinco organizaciones de la ONU (PNUD, UNFPA, UNICEF, UNOPS y ONU Mujeres) plantear inquietudes y problemas de manera informal a un organismo independiente y confidencial, y que estos problemas se aborden de una manera m\u00e1s r\u00e1pida y menos intrusiva.<\/p>\n<p>La Unidad de Mediaci\u00f3n se compone de un equipo dedicado de profesionales en la mediaci\u00f3n que gestionan las actividades y los casos de mediaci\u00f3n para el PNUD, UNFPA, UNICEF, UNOPS y ONU Mujeres.<\/p>\n<p>Como parte de esta capacidad mejorada, la Oficina del Ombudsman ha desarrollado un Panel Global de Mediaci\u00f3n que consiste en mediadores externos aprobados por la Oficina del Ombudsman que mediar\u00e1n en disputas laborales que involucren a las cinco organizaciones de la ONU a medida que ocurran.<\/p>\n<p>Si est\u00e1 interesado en los recursos de mediaci\u00f3n, visite nuestro sitio web en at\u00a0<a href=\"https:\/\/fpombudsman.org\/what-we-do\/mediation\/\">fpombudsman.org\/what-we-do\/mediation<\/a><\/p>\n<p>No dude en comunicarse con la Unidad de Mediaci\u00f3n si tiene alguna pregunta sobre los servicios de mediaci\u00f3n:<\/p>\n<p><a class=\"mediator-link\" style=\"font-weight: 600; color: #ff9100;\" href=\"https:\/\/fpombudsman.org\/our-team\/mushegh-manukyan\/\">Mushegh Manukyan,<\/a> Especialista en Mediaci\u00f3n y Gerente de la Unidad de Mediaci\u00f3n<br \/>\n<a class=\"mediator-link\" style=\"font-weight: 600; color: #ff9100;\" href=\"https:\/\/fpombudsman.org\/our-team\/gergely-varga\/\">Gergely Varga,<\/a> Oficial de Mediaci\u00f3n y de Resoluci\u00f3n de Conflictos<\/p>\n<p>Unidad de Mediaci\u00f3n de la Oficina del Ombudsman para los Fondos y Programas de las Naciones Unidas<br \/>\n304 East 45th Street<br \/>\n6th Floor, Room FF-671<br \/>\nNew York, NY 10017<br \/>\nUSA<\/p>\n<p><strong>Tel\u00e9fono:<\/strong>\u00a0+1 646 781 4083<br \/>\n<strong>Fax:<\/strong>\u00a0+1 212 906 6281<br \/>\n<strong>Email:<\/strong>\u00a0<a href=\"mailto:%20mediation@fpombudsman.org\">mediation@fpombudsman.org<\/a>[\/vc_column_text][\/vc_column][\/vc_row][vc_row][vc_column][vc_separator][vc_column_text]<\/p>\n<h1 class=\"p1\">Programs and Updates<\/h1>\n<p>[\/vc_column_text][vc_column_text]The Mediation Unit has launched a series of 1.5-hour training events titled \u201c<strong>A Conversation with the Mediator<\/strong>\u201d, aimed at bringing mediation closer to the field despite the pandemic.<\/p>\n<p>Not only does \u201c<strong>A Conversation with the Mediator<\/strong>\u201d include a mediation training session for all personnel (regardless of contract modality) in selected country offices of the five agencies the Office of the Ombudsman serves but it will also allow participants to book a time slot with a mediator to explore the suitability of mediation for concerns they may have. Where possible, the program will provide a unique opportunity to staff to meet <a href=\"https:\/\/fpombudsman.org\/es\/panel-global-de-mediacion\/#globalMediationPanel\">the members of the Global Mediation Panel<\/a>\u00a0 based in their countries. No registration is needed for the participation in the training part of the program. However, if you\u2019d like to speak to one of our mediators after the training session, please register <a href=\"https:\/\/www.surveymonkey.com\/r\/FP7TFZP\">here<\/a> to book one of the four limited slots available for an intake confidential conversation with <a href=\"https:\/\/fpombudsman.org\/our-team\/mushegh-manukyan\/\">Mushegh Manukyan<\/a> and <a href=\"https:\/\/fpombudsman.org\/our-team\/maria-migoya-fernandez\/\">Maria Migoya Fernadndez<\/a>, or when available, with the members of the Global Mediation Panel.<\/p>\n<p>The agenda of the sessions is attached <a href=\"https:\/\/fpombudsman.org\/wp-content\/uploads\/2021\/05\/Mediator-Program-Final-1.pdf\" target=\"_blank\" rel=\"noopener\">here<\/a>, which will be regularly updated when all details are agreed with the country offices of the five organizations. If you have any question, please do not hesitate to reach out to the Mediation Unit.<\/p>\n<p>You can find the flyer of the program <a href=\"https:\/\/fpombudsman.org\/wp-content\/uploads\/2021\/03\/Conversation-with-the-Mediator-Flyer.pdf\" target=\"_blank\" rel=\"noopener\">here<\/a>.[\/vc_column_text][\/vc_column][\/vc_row]<\/p>\n<\/p>\n<p>[vc_row][vc_column][vc_empty_space height=&#8221;25px&#8221;][vc_column_text]To view the profiles of the Mediators of the Global Mediation Panel, please register below using your official email account. If you have any questions regarding the Global Mediation Panel mediators or encounter difficulties when accessing the page, please contact the Mediation Unit.[\/vc_column_text][\/vc_column][\/vc_row]<\/p>\n<p>\n\n<p>[vc_row][vc_column][vc_separator][vc_column_text el_id=&#8221;globalMediationPanel&#8221;]<\/p>\n<h1 class=\"p1\">Global Mediation Panel<\/h1>\n<p>[\/vc_column_text][\/vc_column][\/vc_row]<\/p>\n<\/p>\n<p>[vc_row css=&#8221;.vc_custom_1604938911782{padding-bottom: 50px !important;background: #ffffff url(https:\/\/fpombudsman.org\/wp-content\/uploads\/2020\/11\/Mediator_BG.png?id=3387) !important;background-position: center !important;background-repeat: no-repeat !important;background-size: cover !important;}&#8221; el_id=&#8221;loginFormRow&#8221;][vc_column][vc_empty_space height=&#8221;25px&#8221;][vc_column_text]\n<div class=\"um um-login um-3311\">\n\t<div class=\"um-form\">\n\t\t<form method=\"post\" action=\"\" autocomplete=\"off\">\n\t\t\t<div class=\"um-row _um_row_1 mediator-login-form\" style=\"padding: 0px 0px 0px 0px;margin: 0px 0px 30px 0px;border-width: 0px 0px 0px 0px;border-style: solid;border-radius: 0px;\"><div class=\"um-col-1\"><div  class=\"um-field um-field-block  um-field-block um-field-type_block\" data-key=\"um_block_3311_4\"><div class=\"login-warn\">Please login to view the Mediator Profiles<\/div><\/div><div  id=\"um_field_3311_user_email\" class=\"um-field um-field-text  um-field-user_email um-field-text um-field-type_text\" data-key=\"user_email\"><div class=\"um-field-label\"><label for=\"user_email-3311\">Direcci\u00f3n de correo electr\u00f3nico<span class=\"um-req\" title=\"Obligatorio\">*<\/span><\/label><div class=\"um-clear\"><\/div><\/div><div class=\"um-field-area\"><input  autocomplete=\"off\" class=\"um-form-field valid \" type=\"text\" name=\"user_email-3311\" id=\"user_email-3311\" value=\"\" placeholder=\"\" data-validate=\"unique_email\" data-key=\"user_email\"  aria-invalid=\"false\" \/>\n\n\t\t\t\t\t\t<\/div><\/div><div  id=\"um_field_3311_user_password\" class=\"um-field um-field-password  um-field-user_password um-field-password um-field-type_password\" data-key=\"user_password\"><div class=\"um-field-label\"><label for=\"user_password-3311\">Contrase\u00f1a<span class=\"um-req\" title=\"Obligatorio\">*<\/span><\/label><div class=\"um-clear\"><\/div><\/div><div class=\"um-field-area\"><input class=\"um-form-field valid \" type=\"password\" name=\"user_password-3311\" id=\"user_password-3311\" value=\"\" placeholder=\"\" data-validate=\"\" data-key=\"user_password\"  aria-invalid=\"false\" \/>\n\n\t\t\t\t\t\t\t<\/div><\/div><\/div><\/div>\t<input type=\"hidden\" name=\"form_id\" id=\"form_id_3311\" value=\"3311\" \/>\n\t\t<p class=\"um_request_name\">\n\t\t<label for=\"um_request_3311\">Only fill in if you are not human<\/label>\n\t\t<input type=\"hidden\" name=\"um_request\" id=\"um_request_3311\" class=\"input\" value=\"\" size=\"25\" autocomplete=\"off\" \/>\n\t<\/p>\n\t<input type=\"hidden\" name=\"redirect_to\" id=\"redirect_to\" value=\"https:\/\/fpombudsman.org\/global-mediation-panel\/\" \/><input type=\"hidden\" id=\"_wpnonce\" name=\"_wpnonce\" value=\"d755161a2e\" \/><input type=\"hidden\" name=\"_wp_http_referer\" value=\"\/es\/wp-json\/wp\/v2\/pages\/3762\" \/>\n<div class=\"um-field\">\n\t<div class=\"g-recaptcha\" id=\"um-3311\" data-type=\"image\" data-size=\"normal\" data-theme=\"light\" data-sitekey=\"6LcRxd4ZAAAAAJgW6oI_khZKAYl2M8eL3FA449U1\"><\/div>\n<\/div>\n\n\n<script type=\"text\/javascript\">\n\t\n\t\tvar onloadCallback = function () {\n\t\t\tjQuery('.g-recaptcha').each( function (i) {\n\t\t\t\tgrecaptcha.render( jQuery(this).attr('id'), {\n\t\t\t\t\t'sitekey': jQuery(this).attr('data-sitekey'),\n\t\t\t\t\t'theme': jQuery(this).attr('data-theme')\n\t\t\t\t});\n\t\t\t});\n\t\t};\n\n\t\tfunction um_recaptcha_refresh() {\n\t\t\tjQuery('.g-recaptcha').html('');\n\t\t\tgrecaptcha.reset();\n\t\t\tonloadCallback();\n\t\t}\n\n\t<\/script>\n\n\t<div class=\"um-col-alt\">\n\n\t\t\n\t\t\t<div class=\"um-left um-half\">\n\t\t\t\t<input type=\"submit\" value=\"Acceder\" class=\"um-button\" id=\"um-submit-btn\" \/>\n\t\t\t<\/div>\n\t\t\t<div class=\"um-right um-half\">\n\t\t\t\t<a href=\"https:\/\/fpombudsman.org\/register\/\" class=\"um-button um-alt\">\n\t\t\t\t\tRegistro\t\t\t\t<\/a>\n\t\t\t<\/div>\n\n\t\t\n\t\t<div class=\"um-clear\"><\/div>\n\n\t<\/div>\n\n\t\n\t<div class=\"um-col-alt-b\">\n\t\t<a href=\"https:\/\/fpombudsman.org\/password-reset\/\" class=\"um-link-alt\">\n\t\t\t\u00bfHas olvidado tu contrase\u00f1a?\t\t<\/a>\n\t<\/div>\n\n\t\t\t<\/form>\n\t<\/div>\n<\/div>\n<style>\n\t\t\t.um-3311.um {\n\t\t\tmax-width: 400px;\n\t\t}\n\t\t<\/style>\n[\/vc_column_text][\/vc_column][\/vc_row]<\/p>\n<p>\n\n\n<\/div>","protected":false},"excerpt":{"rendered":"<p>[vc_row css=&#8221;.vc_custom_1600970107797{margin-top: -12px !important;}&#8221;][vc_column][vc_column_text] Como parte de los esfuerzos para mejorar la cultura organizacional y las formas de responder a las quejas, la Oficina del Ombudsman para los Fondos y Programas de las Naciones Unidas est\u00e1 aumentando la capacidad de los servicios de mediaci\u00f3n a trav\u00e9s de su Unidad de Mediaci\u00f3n. Esta capacidad fortalecida permitir\u00e1 [&hellip;]<\/p>\n","protected":false},"author":9,"featured_media":0,"parent":0,"menu_order":0,"comment_status":"closed","ping_status":"closed","template":"","meta":{"footnotes":""},"class_list":["post-3762","page","type-page","status-publish","hentry"],"yoast_head":"<!-- This site is optimized with the Yoast SEO plugin v24.1 - https:\/\/yoast.com\/wordpress\/plugins\/seo\/ -->\n<title>Unidad de Mediaci\u00f3n\/ Panel Global de Mediaci\u00f3n - Office of the Ombudsman for United Nations Funds and Programmes<\/title>\n<meta name=\"robots\" content=\"index, follow, max-snippet:-1, max-image-preview:large, max-video-preview:-1\" \/>\n<link rel=\"canonical\" href=\"https:\/\/fpombudsman.org\/es\/panel-global-de-mediacion\/\" \/>\n<meta property=\"og:locale\" content=\"es_ES\" \/>\n<meta property=\"og:type\" content=\"article\" \/>\n<meta property=\"og:title\" content=\"Unidad de Mediaci\u00f3n\/ Panel Global de Mediaci\u00f3n - Office of the Ombudsman for United Nations Funds and Programmes\" \/>\n<meta property=\"og:description\" content=\"[vc_row css=&#8221;.vc_custom_1600970107797{margin-top: -12px !important;}&#8221;][vc_column][vc_column_text] Como parte de los esfuerzos para mejorar la cultura organizacional y las formas de responder a las quejas, la Oficina del Ombudsman para los Fondos y Programas de las Naciones Unidas est\u00e1 aumentando la capacidad de los servicios de mediaci\u00f3n a trav\u00e9s de su Unidad de Mediaci\u00f3n. Esta capacidad fortalecida permitir\u00e1 [&hellip;]\" \/>\n<meta property=\"og:url\" content=\"https:\/\/fpombudsman.org\/es\/panel-global-de-mediacion\/\" \/>\n<meta property=\"og:site_name\" content=\"Office of the Ombudsman for United Nations Funds and Programmes\" \/>\n<meta property=\"article:modified_time\" content=\"2024-09-19T13:17:18+00:00\" \/>\n<meta name=\"twitter:card\" content=\"summary_large_image\" \/>\n<meta name=\"twitter:label1\" content=\"Tiempo de lectura\" \/>\n\t<meta name=\"twitter:data1\" content=\"9 minutos\" \/>\n<script type=\"application\/ld+json\" class=\"yoast-schema-graph\">{\"@context\":\"https:\/\/schema.org\",\"@graph\":[{\"@type\":\"WebPage\",\"@id\":\"https:\/\/fpombudsman.org\/es\/panel-global-de-mediacion\/\",\"url\":\"https:\/\/fpombudsman.org\/es\/panel-global-de-mediacion\/\",\"name\":\"Unidad de Mediaci\u00f3n\/ Panel Global de Mediaci\u00f3n - Office of the Ombudsman for United Nations Funds and Programmes\",\"isPartOf\":{\"@id\":\"https:\/\/fpombudsman.org\/#website\"},\"datePublished\":\"2021-02-08T18:14:16+00:00\",\"dateModified\":\"2024-09-19T13:17:18+00:00\",\"breadcrumb\":{\"@id\":\"https:\/\/fpombudsman.org\/es\/panel-global-de-mediacion\/#breadcrumb\"},\"inLanguage\":\"es\",\"potentialAction\":[{\"@type\":\"ReadAction\",\"target\":[\"https:\/\/fpombudsman.org\/es\/panel-global-de-mediacion\/\"]}]},{\"@type\":\"BreadcrumbList\",\"@id\":\"https:\/\/fpombudsman.org\/es\/panel-global-de-mediacion\/#breadcrumb\",\"itemListElement\":[{\"@type\":\"ListItem\",\"position\":1,\"name\":\"Home\",\"item\":\"https:\/\/fpombudsman.org\/es\/\"},{\"@type\":\"ListItem\",\"position\":2,\"name\":\"Unidad de Mediaci\u00f3n\/ Panel Global de Mediaci\u00f3n\"}]},{\"@type\":\"WebSite\",\"@id\":\"https:\/\/fpombudsman.org\/#website\",\"url\":\"https:\/\/fpombudsman.org\/\",\"name\":\"Office of the Ombudsman for United Nations Funds and Programmes\",\"description\":\"Confidential - Impartial - Independent - Informal\",\"publisher\":{\"@id\":\"https:\/\/fpombudsman.org\/#organization\"},\"potentialAction\":[{\"@type\":\"SearchAction\",\"target\":{\"@type\":\"EntryPoint\",\"urlTemplate\":\"https:\/\/fpombudsman.org\/?s={search_term_string}\"},\"query-input\":{\"@type\":\"PropertyValueSpecification\",\"valueRequired\":true,\"valueName\":\"search_term_string\"}}],\"inLanguage\":\"es\"},{\"@type\":\"Organization\",\"@id\":\"https:\/\/fpombudsman.org\/#organization\",\"name\":\"Office of the Ombudsman for United Nations Funds and Programmes\",\"url\":\"https:\/\/fpombudsman.org\/\",\"logo\":{\"@type\":\"ImageObject\",\"inLanguage\":\"es\",\"@id\":\"https:\/\/fpombudsman.org\/#\/schema\/logo\/image\/\",\"url\":\"https:\/\/fpombudsman.org\/wp-content\/uploads\/2020\/11\/Banner.png\",\"contentUrl\":\"https:\/\/fpombudsman.org\/wp-content\/uploads\/2020\/11\/Banner.png\",\"width\":391,\"height\":95,\"caption\":\"Office of the Ombudsman for United Nations Funds and Programmes\"},\"image\":{\"@id\":\"https:\/\/fpombudsman.org\/#\/schema\/logo\/image\/\"}}]}<\/script>\n<!-- \/ Yoast SEO plugin. -->","yoast_head_json":{"title":"Unidad de Mediaci\u00f3n\/ Panel Global de Mediaci\u00f3n - Office of the Ombudsman for United Nations Funds and Programmes","robots":{"index":"index","follow":"follow","max-snippet":"max-snippet:-1","max-image-preview":"max-image-preview:large","max-video-preview":"max-video-preview:-1"},"canonical":"https:\/\/fpombudsman.org\/es\/panel-global-de-mediacion\/","og_locale":"es_ES","og_type":"article","og_title":"Unidad de Mediaci\u00f3n\/ Panel Global de Mediaci\u00f3n - Office of the Ombudsman for United Nations Funds and Programmes","og_description":"[vc_row css=&#8221;.vc_custom_1600970107797{margin-top: -12px !important;}&#8221;][vc_column][vc_column_text] Como parte de los esfuerzos para mejorar la cultura organizacional y las formas de responder a las quejas, la Oficina del Ombudsman para los Fondos y Programas de las Naciones Unidas est\u00e1 aumentando la capacidad de los servicios de mediaci\u00f3n a trav\u00e9s de su Unidad de Mediaci\u00f3n. Esta capacidad fortalecida permitir\u00e1 [&hellip;]","og_url":"https:\/\/fpombudsman.org\/es\/panel-global-de-mediacion\/","og_site_name":"Office of the Ombudsman for United Nations Funds and Programmes","article_modified_time":"2024-09-19T13:17:18+00:00","twitter_card":"summary_large_image","twitter_misc":{"Tiempo de lectura":"9 minutos"},"schema":{"@context":"https:\/\/schema.org","@graph":[{"@type":"WebPage","@id":"https:\/\/fpombudsman.org\/es\/panel-global-de-mediacion\/","url":"https:\/\/fpombudsman.org\/es\/panel-global-de-mediacion\/","name":"Unidad de Mediaci\u00f3n\/ Panel Global de Mediaci\u00f3n - Office of the Ombudsman for United Nations Funds and Programmes","isPartOf":{"@id":"https:\/\/fpombudsman.org\/#website"},"datePublished":"2021-02-08T18:14:16+00:00","dateModified":"2024-09-19T13:17:18+00:00","breadcrumb":{"@id":"https:\/\/fpombudsman.org\/es\/panel-global-de-mediacion\/#breadcrumb"},"inLanguage":"es","potentialAction":[{"@type":"ReadAction","target":["https:\/\/fpombudsman.org\/es\/panel-global-de-mediacion\/"]}]},{"@type":"BreadcrumbList","@id":"https:\/\/fpombudsman.org\/es\/panel-global-de-mediacion\/#breadcrumb","itemListElement":[{"@type":"ListItem","position":1,"name":"Home","item":"https:\/\/fpombudsman.org\/es\/"},{"@type":"ListItem","position":2,"name":"Unidad de Mediaci\u00f3n\/ Panel Global de Mediaci\u00f3n"}]},{"@type":"WebSite","@id":"https:\/\/fpombudsman.org\/#website","url":"https:\/\/fpombudsman.org\/","name":"Office of the Ombudsman for United Nations Funds and Programmes","description":"Confidential - Impartial - Independent - Informal","publisher":{"@id":"https:\/\/fpombudsman.org\/#organization"},"potentialAction":[{"@type":"SearchAction","target":{"@type":"EntryPoint","urlTemplate":"https:\/\/fpombudsman.org\/?s={search_term_string}"},"query-input":{"@type":"PropertyValueSpecification","valueRequired":true,"valueName":"search_term_string"}}],"inLanguage":"es"},{"@type":"Organization","@id":"https:\/\/fpombudsman.org\/#organization","name":"Office of the Ombudsman for United Nations Funds and Programmes","url":"https:\/\/fpombudsman.org\/","logo":{"@type":"ImageObject","inLanguage":"es","@id":"https:\/\/fpombudsman.org\/#\/schema\/logo\/image\/","url":"https:\/\/fpombudsman.org\/wp-content\/uploads\/2020\/11\/Banner.png","contentUrl":"https:\/\/fpombudsman.org\/wp-content\/uploads\/2020\/11\/Banner.png","width":391,"height":95,"caption":"Office of the Ombudsman for United Nations Funds and Programmes"},"image":{"@id":"https:\/\/fpombudsman.org\/#\/schema\/logo\/image\/"}}]}},"_links":{"self":[{"href":"https:\/\/fpombudsman.org\/es\/wp-json\/wp\/v2\/pages\/3762","targetHints":{"allow":["GET"]}}],"collection":[{"href":"https:\/\/fpombudsman.org\/es\/wp-json\/wp\/v2\/pages"}],"about":[{"href":"https:\/\/fpombudsman.org\/es\/wp-json\/wp\/v2\/types\/page"}],"author":[{"embeddable":true,"href":"https:\/\/fpombudsman.org\/es\/wp-json\/wp\/v2\/users\/9"}],"replies":[{"embeddable":true,"href":"https:\/\/fpombudsman.org\/es\/wp-json\/wp\/v2\/comments?post=3762"}],"version-history":[{"count":11,"href":"https:\/\/fpombudsman.org\/es\/wp-json\/wp\/v2\/pages\/3762\/revisions"}],"predecessor-version":[{"id":5416,"href":"https:\/\/fpombudsman.org\/es\/wp-json\/wp\/v2\/pages\/3762\/revisions\/5416"}],"wp:attachment":[{"href":"https:\/\/fpombudsman.org\/es\/wp-json\/wp\/v2\/media?parent=3762"}],"curies":[{"name":"wp","href":"https:\/\/api.w.org\/{rel}","templated":true}]}}