
{"id":3052,"date":"2018-04-16T13:50:31","date_gmt":"2018-04-16T13:50:31","guid":{"rendered":"https:\/\/fpombudsman.org\/training-2\/"},"modified":"2020-11-06T20:27:37","modified_gmt":"2020-11-06T20:27:37","slug":"training","status":"publish","type":"page","link":"https:\/\/fpombudsman.org\/es\/training\/","title":{"rendered":"Training"},"content":{"rendered":"<div class=\"wpb-content-wrapper\"><p>[vc_row][vc_column][vc_column_text]Adem\u00e1s de nuestra serie de<strong> <a href=\"https:\/\/fpombudsman.org\/wp-content\/uploads\/2020\/11\/Webinar-Series-description-Spanish.pdf\">seminarios web peri\u00f3dicos<\/a><\/strong>, haga clic aqu\u00ed: Summer-Webinars-2020-Calendar,<strong> <a href=\"https:\/\/fpombudsman.org\/wp-content\/uploads\/2020\/11\/2020-Fall-Webinar-Series-Topic-Spanish.pdf\">Fall-Webinars-2020-Calendar<\/a>,<\/strong> la Oficina del Ombudsman se complace en presentar su plan de estudios de capacitaci\u00f3n que incluye algunas adiciones nuevas con el objetivo de ayudar a todo el personal a perfeccionar sus habilidades para el manejo de conflictos.<\/p>\n<p>Nuestras capacitaciones se enfocan ampliamente en varios aspectos de la comunicaci\u00f3n y est\u00e1n dise\u00f1adas para satisfacer las necesidades de todos, en diferentes marcos de tiempo.<\/p>\n<p>El m\u00e1s popular de nuestros cursos es un taller de medio d\u00eda sobre <span style=\"color: #666699;\">&#8220;<strong><span style=\"color: #3366ff;\">Conversaciones desafiantes en el trabajo (y m\u00e1s all\u00e1)<\/span><\/strong>&#8220;<\/span>. Las personas a menudo tienden a abstenerse de participar en conversaciones dif\u00edciles, lo que resulta en problemas que simplemente se agrandan. Este taller se enfoca en enfoques pr\u00e1cticos de aspectos clave de la comunicaci\u00f3n y preocupaciones humanas fundamentales, brind\u00e1ndole la oportunidad de aprender formas poderosas de convertir conversaciones desafiantes en productivas, ya sean profesionales o personales.<\/p>\n<p><a href=\"https:\/\/fpombudsman.org\/wp-content\/uploads\/2020\/11\/UNDP-USA-11-265.jpg\"><img loading=\"lazy\" decoding=\"async\" class=\"size-medium wp-image-3339\" src=\"https:\/\/fpombudsman.org\/wp-content\/uploads\/2020\/11\/UNDP-USA-11-265-300x200.jpg\" alt=\"\" width=\"300\" height=\"200\" srcset=\"https:\/\/fpombudsman.org\/wp-content\/uploads\/2020\/11\/UNDP-USA-11-265-300x200.jpg 300w, https:\/\/fpombudsman.org\/wp-content\/uploads\/2020\/11\/UNDP-USA-11-265.jpg 400w\" sizes=\"auto, (max-width: 300px) 100vw, 300px\" \/><\/a><\/p>\n<p><a href=\"https:\/\/fpombudsman.org\/wp-content\/uploads\/2020\/11\/UNDP-USA-11-239.jpg\"><img loading=\"lazy\" decoding=\"async\" class=\"size-medium wp-image-3344 alignright\" src=\"https:\/\/fpombudsman.org\/wp-content\/uploads\/2020\/11\/UNDP-USA-11-239-300x200.jpg\" alt=\"\" width=\"300\" height=\"200\" srcset=\"https:\/\/fpombudsman.org\/wp-content\/uploads\/2020\/11\/UNDP-USA-11-239-300x200.jpg 300w, https:\/\/fpombudsman.org\/wp-content\/uploads\/2020\/11\/UNDP-USA-11-239.jpg 400w\" sizes=\"auto, (max-width: 300px) 100vw, 300px\" \/><\/a><\/p>\n<p>Una adici\u00f3n reciente a nuestro plan de estudios incluye un programa de un d\u00eda sobre &#8220;<strong><span style=\"color: #3366ff;\">Civilidad y respeto en el trabajo<\/span><\/strong>&#8221; que proporciona una introducci\u00f3n al modelo de &#8220;Comunicaci\u00f3n no violenta&#8221; y explora aspectos de la inteligencia social y emocional. Aprender\u00e1 a practicar la compasi\u00f3n y la empat\u00eda en conversaciones cargadas de emociones para ser m\u00e1s eficaz en la prevenci\u00f3n y resoluci\u00f3n de conflictos.<\/p>\n<p>Otro programa de un d\u00eda, &#8220;<strong><span style=\"color: #3366ff;\">Mediaci\u00f3n: la elecci\u00f3n correcta en el momento adecuado<\/span><\/strong>&#8221; ha sido dise\u00f1ado para proporcionar ejemplos concretos de: el proceso de mediaci\u00f3n y c\u00f3mo funciona, c\u00f3mo prepararse para la mediaci\u00f3n y qu\u00e9 esperar durante el proceso. Tambi\u00e9n le ayudar\u00e1 a comprender mejor su papel como parte de la mediaci\u00f3n.<\/p>\n<p>Adem\u00e1s, hemos introducido un entrenamiento de manejo de conflictos de dos d\u00edas que se divide en cuatro sesiones de medio d\u00eda que se pueden tomar de forma consecutiva o en diferentes momentos. Se enfoca en aprender diferentes mecanismos de resoluci\u00f3n de conflictos y su aplicaci\u00f3n en un contexto laboral. Uno de los objetivos clave de la capacitaci\u00f3n es ayudar al personal a desarrollar las competencias b\u00e1sicas de mediaci\u00f3n, y recomendamos encarecidamente esta capacitaci\u00f3n a quienes tienen una funci\u00f3n de supervisi\u00f3n.<\/p>\n<p>Tambi\u00e9n tenemos una capacitaci\u00f3n de un d\u00eda sobre <strong><span style=\"color: #3366ff;\">Negociaci\u00f3n &#8211; Conceptos y t\u00e9cnicas clave.<\/span><\/strong><\/p>\n<p>Finalmente, tenemos una capacitaci\u00f3n en l\u00ednea sobre manejo de conflictos titulada: Manejo efectivo de conflictos en el lugar de trabajo de la ONU. Innovador y \u00fanico (pronto disponible tambi\u00e9n en franc\u00e9s y espa\u00f1ol) explica de forma interactiva c\u00f3mo todos podemos prevenir y gestionar los conflictos de forma m\u00e1s eficaz, y a qu\u00e9 recursos pueden acceder el personal y la direcci\u00f3n adem\u00e1s de los de la Oficina del Defensor del Pueblo.[\/vc_column_text][\/vc_column][\/vc_row][vc_row][vc_column][vc_separator color=&#8221;orange&#8221;][vc_column_text][\/vc_column_text][\/vc_column][\/vc_row]<\/p>\n<\/div>","protected":false},"excerpt":{"rendered":"<p>[vc_row][vc_column][vc_column_text]Adem\u00e1s de nuestra serie de seminarios web peri\u00f3dicos, haga clic aqu\u00ed: Summer-Webinars-2020-Calendar, Fall-Webinars-2020-Calendar, la Oficina del Ombudsman se complace en presentar su plan de estudios de capacitaci\u00f3n que incluye algunas adiciones nuevas con el objetivo de ayudar a todo el personal a perfeccionar sus habilidades para el manejo de conflictos. Nuestras capacitaciones se enfocan ampliamente [&hellip;]<\/p>\n","protected":false},"author":20,"featured_media":0,"parent":0,"menu_order":0,"comment_status":"open","ping_status":"open","template":"","meta":{"footnotes":""},"class_list":["post-3052","page","type-page","status-publish","hentry"],"yoast_head":"<!-- This site is optimized with the Yoast SEO plugin v24.1 - https:\/\/yoast.com\/wordpress\/plugins\/seo\/ -->\n<title>Training - Office of the Ombudsman for United Nations Funds and Programmes<\/title>\n<meta name=\"robots\" content=\"index, follow, max-snippet:-1, max-image-preview:large, max-video-preview:-1\" \/>\n<link rel=\"canonical\" href=\"https:\/\/fpombudsman.org\/es\/training\/\" \/>\n<meta property=\"og:locale\" content=\"es_ES\" \/>\n<meta property=\"og:type\" content=\"article\" \/>\n<meta property=\"og:title\" content=\"Training - Office of the Ombudsman for United Nations Funds and Programmes\" \/>\n<meta property=\"og:description\" content=\"[vc_row][vc_column][vc_column_text]Adem\u00e1s de nuestra serie de seminarios web peri\u00f3dicos, haga clic aqu\u00ed: Summer-Webinars-2020-Calendar, Fall-Webinars-2020-Calendar, la Oficina del Ombudsman se complace en presentar su plan de estudios de capacitaci\u00f3n que incluye algunas adiciones nuevas con el objetivo de ayudar a todo el personal a perfeccionar sus habilidades para el manejo de conflictos. Nuestras capacitaciones se enfocan ampliamente [&hellip;]\" \/>\n<meta property=\"og:url\" content=\"https:\/\/fpombudsman.org\/es\/training\/\" \/>\n<meta property=\"og:site_name\" content=\"Office of the Ombudsman for United Nations Funds and Programmes\" \/>\n<meta property=\"article:modified_time\" content=\"2020-11-06T20:27:37+00:00\" \/>\n<meta property=\"og:image\" content=\"https:\/\/fpombudsman.org\/wp-content\/uploads\/2020\/11\/UNDP-USA-11-265-300x200.jpg\" \/>\n<meta name=\"twitter:card\" content=\"summary_large_image\" \/>\n<meta name=\"twitter:label1\" content=\"Tiempo de lectura\" \/>\n\t<meta name=\"twitter:data1\" content=\"3 minutos\" \/>\n<script type=\"application\/ld+json\" class=\"yoast-schema-graph\">{\"@context\":\"https:\/\/schema.org\",\"@graph\":[{\"@type\":\"WebPage\",\"@id\":\"https:\/\/fpombudsman.org\/es\/training\/\",\"url\":\"https:\/\/fpombudsman.org\/es\/training\/\",\"name\":\"Training - Office of the Ombudsman for United Nations Funds and Programmes\",\"isPartOf\":{\"@id\":\"https:\/\/fpombudsman.org\/#website\"},\"primaryImageOfPage\":{\"@id\":\"https:\/\/fpombudsman.org\/es\/training\/#primaryimage\"},\"image\":{\"@id\":\"https:\/\/fpombudsman.org\/es\/training\/#primaryimage\"},\"thumbnailUrl\":\"https:\/\/fpombudsman.org\/wp-content\/uploads\/2020\/11\/UNDP-USA-11-265-300x200.jpg\",\"datePublished\":\"2018-04-16T13:50:31+00:00\",\"dateModified\":\"2020-11-06T20:27:37+00:00\",\"breadcrumb\":{\"@id\":\"https:\/\/fpombudsman.org\/es\/training\/#breadcrumb\"},\"inLanguage\":\"es\",\"potentialAction\":[{\"@type\":\"ReadAction\",\"target\":[\"https:\/\/fpombudsman.org\/es\/training\/\"]}]},{\"@type\":\"ImageObject\",\"inLanguage\":\"es\",\"@id\":\"https:\/\/fpombudsman.org\/es\/training\/#primaryimage\",\"url\":\"https:\/\/fpombudsman.org\/wp-content\/uploads\/2020\/11\/UNDP-USA-11-265-300x200.jpg\",\"contentUrl\":\"https:\/\/fpombudsman.org\/wp-content\/uploads\/2020\/11\/UNDP-USA-11-265-300x200.jpg\"},{\"@type\":\"BreadcrumbList\",\"@id\":\"https:\/\/fpombudsman.org\/es\/training\/#breadcrumb\",\"itemListElement\":[{\"@type\":\"ListItem\",\"position\":1,\"name\":\"Home\",\"item\":\"https:\/\/fpombudsman.org\/es\/\"},{\"@type\":\"ListItem\",\"position\":2,\"name\":\"Training\"}]},{\"@type\":\"WebSite\",\"@id\":\"https:\/\/fpombudsman.org\/#website\",\"url\":\"https:\/\/fpombudsman.org\/\",\"name\":\"Office of the Ombudsman for United Nations Funds and Programmes\",\"description\":\"Confidential - Impartial - Independent - Informal\",\"publisher\":{\"@id\":\"https:\/\/fpombudsman.org\/#organization\"},\"potentialAction\":[{\"@type\":\"SearchAction\",\"target\":{\"@type\":\"EntryPoint\",\"urlTemplate\":\"https:\/\/fpombudsman.org\/?s={search_term_string}\"},\"query-input\":{\"@type\":\"PropertyValueSpecification\",\"valueRequired\":true,\"valueName\":\"search_term_string\"}}],\"inLanguage\":\"es\"},{\"@type\":\"Organization\",\"@id\":\"https:\/\/fpombudsman.org\/#organization\",\"name\":\"Office of the Ombudsman for United Nations Funds and Programmes\",\"url\":\"https:\/\/fpombudsman.org\/\",\"logo\":{\"@type\":\"ImageObject\",\"inLanguage\":\"es\",\"@id\":\"https:\/\/fpombudsman.org\/#\/schema\/logo\/image\/\",\"url\":\"https:\/\/fpombudsman.org\/wp-content\/uploads\/2020\/11\/Banner.png\",\"contentUrl\":\"https:\/\/fpombudsman.org\/wp-content\/uploads\/2020\/11\/Banner.png\",\"width\":391,\"height\":95,\"caption\":\"Office of the Ombudsman for United Nations Funds and Programmes\"},\"image\":{\"@id\":\"https:\/\/fpombudsman.org\/#\/schema\/logo\/image\/\"}}]}<\/script>\n<!-- \/ Yoast SEO plugin. -->","yoast_head_json":{"title":"Training - Office of the Ombudsman for United Nations Funds and Programmes","robots":{"index":"index","follow":"follow","max-snippet":"max-snippet:-1","max-image-preview":"max-image-preview:large","max-video-preview":"max-video-preview:-1"},"canonical":"https:\/\/fpombudsman.org\/es\/training\/","og_locale":"es_ES","og_type":"article","og_title":"Training - Office of the Ombudsman for United Nations Funds and Programmes","og_description":"[vc_row][vc_column][vc_column_text]Adem\u00e1s de nuestra serie de seminarios web peri\u00f3dicos, haga clic aqu\u00ed: Summer-Webinars-2020-Calendar, Fall-Webinars-2020-Calendar, la Oficina del Ombudsman se complace en presentar su plan de estudios de capacitaci\u00f3n que incluye algunas adiciones nuevas con el objetivo de ayudar a todo el personal a perfeccionar sus habilidades para el manejo de conflictos. Nuestras capacitaciones se enfocan ampliamente [&hellip;]","og_url":"https:\/\/fpombudsman.org\/es\/training\/","og_site_name":"Office of the Ombudsman for United Nations Funds and Programmes","article_modified_time":"2020-11-06T20:27:37+00:00","og_image":[{"url":"https:\/\/fpombudsman.org\/wp-content\/uploads\/2020\/11\/UNDP-USA-11-265-300x200.jpg","type":"","width":"","height":""}],"twitter_card":"summary_large_image","twitter_misc":{"Tiempo de lectura":"3 minutos"},"schema":{"@context":"https:\/\/schema.org","@graph":[{"@type":"WebPage","@id":"https:\/\/fpombudsman.org\/es\/training\/","url":"https:\/\/fpombudsman.org\/es\/training\/","name":"Training - Office of the Ombudsman for United Nations Funds and Programmes","isPartOf":{"@id":"https:\/\/fpombudsman.org\/#website"},"primaryImageOfPage":{"@id":"https:\/\/fpombudsman.org\/es\/training\/#primaryimage"},"image":{"@id":"https:\/\/fpombudsman.org\/es\/training\/#primaryimage"},"thumbnailUrl":"https:\/\/fpombudsman.org\/wp-content\/uploads\/2020\/11\/UNDP-USA-11-265-300x200.jpg","datePublished":"2018-04-16T13:50:31+00:00","dateModified":"2020-11-06T20:27:37+00:00","breadcrumb":{"@id":"https:\/\/fpombudsman.org\/es\/training\/#breadcrumb"},"inLanguage":"es","potentialAction":[{"@type":"ReadAction","target":["https:\/\/fpombudsman.org\/es\/training\/"]}]},{"@type":"ImageObject","inLanguage":"es","@id":"https:\/\/fpombudsman.org\/es\/training\/#primaryimage","url":"https:\/\/fpombudsman.org\/wp-content\/uploads\/2020\/11\/UNDP-USA-11-265-300x200.jpg","contentUrl":"https:\/\/fpombudsman.org\/wp-content\/uploads\/2020\/11\/UNDP-USA-11-265-300x200.jpg"},{"@type":"BreadcrumbList","@id":"https:\/\/fpombudsman.org\/es\/training\/#breadcrumb","itemListElement":[{"@type":"ListItem","position":1,"name":"Home","item":"https:\/\/fpombudsman.org\/es\/"},{"@type":"ListItem","position":2,"name":"Training"}]},{"@type":"WebSite","@id":"https:\/\/fpombudsman.org\/#website","url":"https:\/\/fpombudsman.org\/","name":"Office of the Ombudsman for United Nations Funds and Programmes","description":"Confidential - Impartial - Independent - Informal","publisher":{"@id":"https:\/\/fpombudsman.org\/#organization"},"potentialAction":[{"@type":"SearchAction","target":{"@type":"EntryPoint","urlTemplate":"https:\/\/fpombudsman.org\/?s={search_term_string}"},"query-input":{"@type":"PropertyValueSpecification","valueRequired":true,"valueName":"search_term_string"}}],"inLanguage":"es"},{"@type":"Organization","@id":"https:\/\/fpombudsman.org\/#organization","name":"Office of the Ombudsman for United Nations Funds and Programmes","url":"https:\/\/fpombudsman.org\/","logo":{"@type":"ImageObject","inLanguage":"es","@id":"https:\/\/fpombudsman.org\/#\/schema\/logo\/image\/","url":"https:\/\/fpombudsman.org\/wp-content\/uploads\/2020\/11\/Banner.png","contentUrl":"https:\/\/fpombudsman.org\/wp-content\/uploads\/2020\/11\/Banner.png","width":391,"height":95,"caption":"Office of the Ombudsman for United Nations Funds and Programmes"},"image":{"@id":"https:\/\/fpombudsman.org\/#\/schema\/logo\/image\/"}}]}},"_links":{"self":[{"href":"https:\/\/fpombudsman.org\/es\/wp-json\/wp\/v2\/pages\/3052","targetHints":{"allow":["GET"]}}],"collection":[{"href":"https:\/\/fpombudsman.org\/es\/wp-json\/wp\/v2\/pages"}],"about":[{"href":"https:\/\/fpombudsman.org\/es\/wp-json\/wp\/v2\/types\/page"}],"author":[{"embeddable":true,"href":"https:\/\/fpombudsman.org\/es\/wp-json\/wp\/v2\/users\/20"}],"replies":[{"embeddable":true,"href":"https:\/\/fpombudsman.org\/es\/wp-json\/wp\/v2\/comments?post=3052"}],"version-history":[{"count":14,"href":"https:\/\/fpombudsman.org\/es\/wp-json\/wp\/v2\/pages\/3052\/revisions"}],"predecessor-version":[{"id":3351,"href":"https:\/\/fpombudsman.org\/es\/wp-json\/wp\/v2\/pages\/3052\/revisions\/3351"}],"wp:attachment":[{"href":"https:\/\/fpombudsman.org\/es\/wp-json\/wp\/v2\/media?parent=3052"}],"curies":[{"name":"wp","href":"https:\/\/api.w.org\/{rel}","templated":true}]}}