
{"id":1170,"date":"2014-10-29T17:59:28","date_gmt":"2014-10-29T17:59:28","guid":{"rendered":"https:\/\/fpombudsman.org\/what-we-do-2\/"},"modified":"2015-08-06T14:31:39","modified_gmt":"2015-08-06T14:31:39","slug":"what-we-do-3","status":"publish","type":"page","link":"https:\/\/fpombudsman.org\/es\/what-we-do-3\/","title":{"rendered":"\u00bfQu\u00e9 Es Un Ombudsman?"},"content":{"rendered":"<div class=\"wpb-content-wrapper\"><p>[vc_row][vc_column width=&#8221;1\/1&#8243;][vc_column_text]En Naciones Unidas, un Ombudsman ayuda al personal a resolver controversias en el trabajo de una manera informal y confidencial con el objetivo de mantener un ambiente de trabajo armonioso. Un Ombudsman no aboga por ninguna de las partes en una controversia. La palabra om-buds-man es de origen sueco e hist\u00f3ricamente se refiere a un representante o agente de la justicia. En Naciones Unidas, el t\u00e9rmino designa a una tercera parte informal que ayuda a velar porque todos los miembros de la fuerza laboral reciban un trato equitativo y se haga justicia.<\/p>\n<p>El sistema del Ombudsman es un procedimiento informal de reclamaciones establecido dentro del PNUD, FNUAP, UNICEF, UNOPS y ONU-Mujeres, donde un Ombudsman analiza controversias de cualquier naturaleza derivadas del empleo en dichas organizaciones y sus Fondos y Programas relacionados. Las personas se pueden comunicar con el Ombudsman en cualquier momento para obtener ayuda sobre cualquier problema laboral donde podr\u00eda ser \u00fatil contar con una perspectiva externa a los canales formales.<\/p>\n<p>El objetivo de la intervenci\u00f3n del Ombudsman en un conflicto es la conciliaci\u00f3n y la b\u00fasqueda de soluciones mutuamente aceptables a trav\u00e9s de medios informales. El proceso es confidencial y se lleva a cabo en forma independiente y neutral. El Ombudsman act\u00faa pensando en los intereses comunes de la persona y de la organizaci\u00f3n empleadora sobre problemas que surjan en el empleo. Es un defensor del debido proceso y el trato justo de todos los titulares de contratos dentro del PNUD, FNUAP, UNICEF, UNOPS y ONU-Mujeres.<\/p>\n<p>Nadie que lleve un asunto a conocimiento del Ombudsman o proporcione informaci\u00f3n al Ombudsman debe ser objeto de represalias a causa de tal acci\u00f3n.<\/p>\n<p>El Ombudsman est\u00e1 protegido de cualquier obligaci\u00f3n de declarar como testigo en un proceso formal en el Tribunal Contencioso Administrativo de Naciones Unidas y en el Tribunal de Apelaciones de Naciones Unidas.[\/vc_column_text][\/vc_column][\/vc_row]<\/p>\n<\/div>","protected":false},"excerpt":{"rendered":"<p>[vc_row][vc_column width=&#8221;1\/1&#8243;][vc_column_text]En Naciones Unidas, un Ombudsman ayuda al personal a resolver controversias en el trabajo de una manera informal y confidencial con el objetivo de mantener un ambiente de trabajo armonioso. Un Ombudsman no aboga por ninguna de las partes en una controversia. La palabra om-buds-man es de origen sueco e hist\u00f3ricamente se refiere a [&hellip;]<\/p>\n","protected":false},"author":9,"featured_media":0,"parent":0,"menu_order":0,"comment_status":"open","ping_status":"open","template":"","meta":{"footnotes":""},"class_list":["post-1170","page","type-page","status-publish","hentry"],"yoast_head":"<!-- This site is optimized with the Yoast SEO plugin v24.1 - https:\/\/yoast.com\/wordpress\/plugins\/seo\/ -->\n<title>\u00bfQu\u00e9 Es Un Ombudsman? - Office of the Ombudsman for United Nations Funds and Programmes<\/title>\n<meta name=\"robots\" content=\"index, follow, max-snippet:-1, max-image-preview:large, max-video-preview:-1\" \/>\n<link rel=\"canonical\" href=\"https:\/\/fpombudsman.org\/es\/what-we-do-3\/\" \/>\n<meta property=\"og:locale\" content=\"es_ES\" \/>\n<meta property=\"og:type\" content=\"article\" \/>\n<meta property=\"og:title\" content=\"\u00bfQu\u00e9 Es Un Ombudsman? - Office of the Ombudsman for United Nations Funds and Programmes\" \/>\n<meta property=\"og:description\" content=\"[vc_row][vc_column width=&#8221;1\/1&#8243;][vc_column_text]En Naciones Unidas, un Ombudsman ayuda al personal a resolver controversias en el trabajo de una manera informal y confidencial con el objetivo de mantener un ambiente de trabajo armonioso. Un Ombudsman no aboga por ninguna de las partes en una controversia. La palabra om-buds-man es de origen sueco e hist\u00f3ricamente se refiere a [&hellip;]\" \/>\n<meta property=\"og:url\" content=\"https:\/\/fpombudsman.org\/es\/what-we-do-3\/\" \/>\n<meta property=\"og:site_name\" content=\"Office of the Ombudsman for United Nations Funds and Programmes\" \/>\n<meta property=\"article:modified_time\" content=\"2015-08-06T14:31:39+00:00\" \/>\n<meta name=\"twitter:card\" content=\"summary_large_image\" \/>\n<meta name=\"twitter:label1\" content=\"Tiempo de lectura\" \/>\n\t<meta name=\"twitter:data1\" content=\"2 minutos\" \/>\n<script type=\"application\/ld+json\" class=\"yoast-schema-graph\">{\"@context\":\"https:\/\/schema.org\",\"@graph\":[{\"@type\":\"WebPage\",\"@id\":\"https:\/\/fpombudsman.org\/es\/what-we-do-3\/\",\"url\":\"https:\/\/fpombudsman.org\/es\/what-we-do-3\/\",\"name\":\"\u00bfQu\u00e9 Es Un Ombudsman? - Office of the Ombudsman for United Nations Funds and Programmes\",\"isPartOf\":{\"@id\":\"https:\/\/fpombudsman.org\/#website\"},\"datePublished\":\"2014-10-29T17:59:28+00:00\",\"dateModified\":\"2015-08-06T14:31:39+00:00\",\"breadcrumb\":{\"@id\":\"https:\/\/fpombudsman.org\/es\/what-we-do-3\/#breadcrumb\"},\"inLanguage\":\"es\",\"potentialAction\":[{\"@type\":\"ReadAction\",\"target\":[\"https:\/\/fpombudsman.org\/es\/what-we-do-3\/\"]}]},{\"@type\":\"BreadcrumbList\",\"@id\":\"https:\/\/fpombudsman.org\/es\/what-we-do-3\/#breadcrumb\",\"itemListElement\":[{\"@type\":\"ListItem\",\"position\":1,\"name\":\"Home\",\"item\":\"https:\/\/fpombudsman.org\/es\/\"},{\"@type\":\"ListItem\",\"position\":2,\"name\":\"\u00bfQu\u00e9 Es Un Ombudsman?\"}]},{\"@type\":\"WebSite\",\"@id\":\"https:\/\/fpombudsman.org\/#website\",\"url\":\"https:\/\/fpombudsman.org\/\",\"name\":\"Office of the Ombudsman for United Nations Funds and Programmes\",\"description\":\"Confidential - Impartial - Independent - Informal\",\"publisher\":{\"@id\":\"https:\/\/fpombudsman.org\/#organization\"},\"potentialAction\":[{\"@type\":\"SearchAction\",\"target\":{\"@type\":\"EntryPoint\",\"urlTemplate\":\"https:\/\/fpombudsman.org\/?s={search_term_string}\"},\"query-input\":{\"@type\":\"PropertyValueSpecification\",\"valueRequired\":true,\"valueName\":\"search_term_string\"}}],\"inLanguage\":\"es\"},{\"@type\":\"Organization\",\"@id\":\"https:\/\/fpombudsman.org\/#organization\",\"name\":\"Office of the Ombudsman for United Nations Funds and Programmes\",\"url\":\"https:\/\/fpombudsman.org\/\",\"logo\":{\"@type\":\"ImageObject\",\"inLanguage\":\"es\",\"@id\":\"https:\/\/fpombudsman.org\/#\/schema\/logo\/image\/\",\"url\":\"https:\/\/fpombudsman.org\/wp-content\/uploads\/2020\/11\/Banner.png\",\"contentUrl\":\"https:\/\/fpombudsman.org\/wp-content\/uploads\/2020\/11\/Banner.png\",\"width\":391,\"height\":95,\"caption\":\"Office of the Ombudsman for United Nations Funds and Programmes\"},\"image\":{\"@id\":\"https:\/\/fpombudsman.org\/#\/schema\/logo\/image\/\"}}]}<\/script>\n<!-- \/ Yoast SEO plugin. -->","yoast_head_json":{"title":"\u00bfQu\u00e9 Es Un Ombudsman? - Office of the Ombudsman for United Nations Funds and Programmes","robots":{"index":"index","follow":"follow","max-snippet":"max-snippet:-1","max-image-preview":"max-image-preview:large","max-video-preview":"max-video-preview:-1"},"canonical":"https:\/\/fpombudsman.org\/es\/what-we-do-3\/","og_locale":"es_ES","og_type":"article","og_title":"\u00bfQu\u00e9 Es Un Ombudsman? - Office of the Ombudsman for United Nations Funds and Programmes","og_description":"[vc_row][vc_column width=&#8221;1\/1&#8243;][vc_column_text]En Naciones Unidas, un Ombudsman ayuda al personal a resolver controversias en el trabajo de una manera informal y confidencial con el objetivo de mantener un ambiente de trabajo armonioso. Un Ombudsman no aboga por ninguna de las partes en una controversia. La palabra om-buds-man es de origen sueco e hist\u00f3ricamente se refiere a [&hellip;]","og_url":"https:\/\/fpombudsman.org\/es\/what-we-do-3\/","og_site_name":"Office of the Ombudsman for United Nations Funds and Programmes","article_modified_time":"2015-08-06T14:31:39+00:00","twitter_card":"summary_large_image","twitter_misc":{"Tiempo de lectura":"2 minutos"},"schema":{"@context":"https:\/\/schema.org","@graph":[{"@type":"WebPage","@id":"https:\/\/fpombudsman.org\/es\/what-we-do-3\/","url":"https:\/\/fpombudsman.org\/es\/what-we-do-3\/","name":"\u00bfQu\u00e9 Es Un Ombudsman? - Office of the Ombudsman for United Nations Funds and Programmes","isPartOf":{"@id":"https:\/\/fpombudsman.org\/#website"},"datePublished":"2014-10-29T17:59:28+00:00","dateModified":"2015-08-06T14:31:39+00:00","breadcrumb":{"@id":"https:\/\/fpombudsman.org\/es\/what-we-do-3\/#breadcrumb"},"inLanguage":"es","potentialAction":[{"@type":"ReadAction","target":["https:\/\/fpombudsman.org\/es\/what-we-do-3\/"]}]},{"@type":"BreadcrumbList","@id":"https:\/\/fpombudsman.org\/es\/what-we-do-3\/#breadcrumb","itemListElement":[{"@type":"ListItem","position":1,"name":"Home","item":"https:\/\/fpombudsman.org\/es\/"},{"@type":"ListItem","position":2,"name":"\u00bfQu\u00e9 Es Un Ombudsman?"}]},{"@type":"WebSite","@id":"https:\/\/fpombudsman.org\/#website","url":"https:\/\/fpombudsman.org\/","name":"Office of the Ombudsman for United Nations Funds and Programmes","description":"Confidential - Impartial - Independent - Informal","publisher":{"@id":"https:\/\/fpombudsman.org\/#organization"},"potentialAction":[{"@type":"SearchAction","target":{"@type":"EntryPoint","urlTemplate":"https:\/\/fpombudsman.org\/?s={search_term_string}"},"query-input":{"@type":"PropertyValueSpecification","valueRequired":true,"valueName":"search_term_string"}}],"inLanguage":"es"},{"@type":"Organization","@id":"https:\/\/fpombudsman.org\/#organization","name":"Office of the Ombudsman for United Nations Funds and Programmes","url":"https:\/\/fpombudsman.org\/","logo":{"@type":"ImageObject","inLanguage":"es","@id":"https:\/\/fpombudsman.org\/#\/schema\/logo\/image\/","url":"https:\/\/fpombudsman.org\/wp-content\/uploads\/2020\/11\/Banner.png","contentUrl":"https:\/\/fpombudsman.org\/wp-content\/uploads\/2020\/11\/Banner.png","width":391,"height":95,"caption":"Office of the Ombudsman for United Nations Funds and Programmes"},"image":{"@id":"https:\/\/fpombudsman.org\/#\/schema\/logo\/image\/"}}]}},"_links":{"self":[{"href":"https:\/\/fpombudsman.org\/es\/wp-json\/wp\/v2\/pages\/1170","targetHints":{"allow":["GET"]}}],"collection":[{"href":"https:\/\/fpombudsman.org\/es\/wp-json\/wp\/v2\/pages"}],"about":[{"href":"https:\/\/fpombudsman.org\/es\/wp-json\/wp\/v2\/types\/page"}],"author":[{"embeddable":true,"href":"https:\/\/fpombudsman.org\/es\/wp-json\/wp\/v2\/users\/9"}],"replies":[{"embeddable":true,"href":"https:\/\/fpombudsman.org\/es\/wp-json\/wp\/v2\/comments?post=1170"}],"version-history":[{"count":4,"href":"https:\/\/fpombudsman.org\/es\/wp-json\/wp\/v2\/pages\/1170\/revisions"}],"predecessor-version":[{"id":1403,"href":"https:\/\/fpombudsman.org\/es\/wp-json\/wp\/v2\/pages\/1170\/revisions\/1403"}],"wp:attachment":[{"href":"https:\/\/fpombudsman.org\/es\/wp-json\/wp\/v2\/media?parent=1170"}],"curies":[{"name":"wp","href":"https:\/\/api.w.org\/{rel}","templated":true}]}}