
{"id":1168,"date":"2014-10-29T19:36:10","date_gmt":"2014-10-29T19:36:10","guid":{"rendered":"https:\/\/fpombudsman.org\/what-are-our-principles-2\/"},"modified":"2015-08-06T14:31:25","modified_gmt":"2015-08-06T14:31:25","slug":"what-are-our-principles-3","status":"publish","type":"page","link":"https:\/\/fpombudsman.org\/es\/what-are-our-principles-3\/","title":{"rendered":"\u00bfCu\u00e1les Son Nuestros Principios?"},"content":{"rendered":"<div class=\"wpb-content-wrapper\"><p>[vc_row][vc_column width=&#8221;1\/2&#8243;][vc_column_text]<\/p>\n<h2>Confidencialidad<\/h2>\n<p>La Oficina del Ombudsman toma todas las precauciones necesarias para proteger la identidad del titular del contrato mientras trabaja en un caso; sin embargo, en especial en casos complicados, en ocasiones es necesario comprometer a todas las partes en un intento por buscar en conjunto una soluci\u00f3n. En estas instancias, el Ombudsman analizar\u00e1 con el visitante la mejor forma de avanzar cuando no sea factible mantener el anonimato.\u00a0 Al analizar las opciones, el Ombudsman las presentar\u00e1 en la forma m\u00e1s objetiva posible.<\/p>\n<p>[\/vc_column_text][\/vc_column][vc_column width=&#8221;1\/2&#8243;][vc_single_image image=&#8221;554&#8243; border_color=&#8221;grey&#8221; img_link_target=&#8221;_self&#8221; img_size=&#8221;medium&#8221; alignment=&#8221;right&#8221;][\/vc_column][\/vc_row][vc_row][vc_column width=&#8221;1\/1&#8243;][vc_column_text]<\/p>\n<p>En cualquier caso, el Ombudsman nunca mencionar\u00e1 el nombre del titular del contrato sin su aprobaci\u00f3n. En este sentido, en las conversaciones preliminares se llega a un acuerdo respecto de si el titular del contrato autoriza al Ombudsman a hacer las consultas en su nombre.<\/p>\n<p>La confidencialidad funciona en ambos sentidos: tambi\u00e9n se espera que quienes visitan la Oficina del Ombudsman adhieran a la estricta confidencialidad y mantengan ese criterio en sus conversaciones y otro tipo de comunicaci\u00f3n con el Ombudsman.<\/p>\n<p>Se ha se\u00f1alado que solo hay una excepci\u00f3n al privilegio de este principio: \u201cCuando parezca existir un riesgo inminente de perjuicio grave\u201d.<\/p>\n<h2>Imparcialidad y neutralidad<\/h2>\n<p>Un Ombudsman no puede convertirse en defensor de ninguna de las partes en un conflicto y tampoco est\u00e1 en condiciones de encontrar culpables, sino de garantizar que se siga el debido proceso. Si el Ombudsman considera que no ha prevalecido la justicia en un caso determinado, presentar\u00e1 sus recomendaciones al \u00f3rgano ejecutivo. Un Ombudsman no toma una decisi\u00f3n ni elabora pol\u00edticas, sino que se esfuerza por encontrar una soluci\u00f3n justa a la controversia planteada.<\/p>\n<h2>Independencia<\/h2>\n<p>La Oficina del Ombudsman es independiente en su estructura y funcionamiento de otros oficiales y organismos institucionales. El Ombudsman rinde cuentas de la labor de la Oficina a las organizaciones a trav\u00e9s del informe anual. Tambi\u00e9n sostiene reuniones informales con los Directores Ejecutivos de las organizaciones.<\/p>\n<h2>Informalidad<\/h2>\n<p>El Ombudsman no participa en ning\u00fan procedimiento formal adjudicativo u administrativo de los Fondos y Programas relacionados con controversias o inquietudes laborales.[\/vc_column_text][\/vc_column][\/vc_row]<\/p>\n<\/div>","protected":false},"excerpt":{"rendered":"<p>[vc_row][vc_column width=&#8221;1\/2&#8243;][vc_column_text] Confidencialidad La Oficina del Ombudsman toma todas las precauciones necesarias para proteger la identidad del titular del contrato mientras trabaja en un caso; sin embargo, en especial en casos complicados, en ocasiones es necesario comprometer a todas las partes en un intento por buscar en conjunto una soluci\u00f3n. En estas instancias, el Ombudsman [&hellip;]<\/p>\n","protected":false},"author":9,"featured_media":0,"parent":0,"menu_order":0,"comment_status":"open","ping_status":"open","template":"","meta":{"footnotes":""},"class_list":["post-1168","page","type-page","status-publish","hentry"],"yoast_head":"<!-- This site is optimized with the Yoast SEO plugin v24.1 - https:\/\/yoast.com\/wordpress\/plugins\/seo\/ -->\n<title>\u00bfCu\u00e1les Son Nuestros Principios? - Office of the Ombudsman for United Nations Funds and Programmes<\/title>\n<meta name=\"robots\" content=\"index, follow, max-snippet:-1, max-image-preview:large, max-video-preview:-1\" \/>\n<link rel=\"canonical\" href=\"https:\/\/fpombudsman.org\/es\/what-are-our-principles-3\/\" \/>\n<meta property=\"og:locale\" content=\"es_ES\" \/>\n<meta property=\"og:type\" content=\"article\" \/>\n<meta property=\"og:title\" content=\"\u00bfCu\u00e1les Son Nuestros Principios? - Office of the Ombudsman for United Nations Funds and Programmes\" \/>\n<meta property=\"og:description\" content=\"[vc_row][vc_column width=&#8221;1\/2&#8243;][vc_column_text] Confidencialidad La Oficina del Ombudsman toma todas las precauciones necesarias para proteger la identidad del titular del contrato mientras trabaja en un caso; sin embargo, en especial en casos complicados, en ocasiones es necesario comprometer a todas las partes en un intento por buscar en conjunto una soluci\u00f3n. En estas instancias, el Ombudsman [&hellip;]\" \/>\n<meta property=\"og:url\" content=\"https:\/\/fpombudsman.org\/es\/what-are-our-principles-3\/\" \/>\n<meta property=\"og:site_name\" content=\"Office of the Ombudsman for United Nations Funds and Programmes\" \/>\n<meta property=\"article:modified_time\" content=\"2015-08-06T14:31:25+00:00\" \/>\n<meta name=\"twitter:card\" content=\"summary_large_image\" \/>\n<meta name=\"twitter:label1\" content=\"Tiempo de lectura\" \/>\n\t<meta name=\"twitter:data1\" content=\"2 minutos\" \/>\n<script type=\"application\/ld+json\" class=\"yoast-schema-graph\">{\"@context\":\"https:\/\/schema.org\",\"@graph\":[{\"@type\":\"WebPage\",\"@id\":\"https:\/\/fpombudsman.org\/es\/what-are-our-principles-3\/\",\"url\":\"https:\/\/fpombudsman.org\/es\/what-are-our-principles-3\/\",\"name\":\"\u00bfCu\u00e1les Son Nuestros Principios? - Office of the Ombudsman for United Nations Funds and Programmes\",\"isPartOf\":{\"@id\":\"https:\/\/fpombudsman.org\/#website\"},\"datePublished\":\"2014-10-29T19:36:10+00:00\",\"dateModified\":\"2015-08-06T14:31:25+00:00\",\"breadcrumb\":{\"@id\":\"https:\/\/fpombudsman.org\/es\/what-are-our-principles-3\/#breadcrumb\"},\"inLanguage\":\"es\",\"potentialAction\":[{\"@type\":\"ReadAction\",\"target\":[\"https:\/\/fpombudsman.org\/es\/what-are-our-principles-3\/\"]}]},{\"@type\":\"BreadcrumbList\",\"@id\":\"https:\/\/fpombudsman.org\/es\/what-are-our-principles-3\/#breadcrumb\",\"itemListElement\":[{\"@type\":\"ListItem\",\"position\":1,\"name\":\"Home\",\"item\":\"https:\/\/fpombudsman.org\/es\/\"},{\"@type\":\"ListItem\",\"position\":2,\"name\":\"\u00bfCu\u00e1les Son Nuestros Principios?\"}]},{\"@type\":\"WebSite\",\"@id\":\"https:\/\/fpombudsman.org\/#website\",\"url\":\"https:\/\/fpombudsman.org\/\",\"name\":\"Office of the Ombudsman for United Nations Funds and Programmes\",\"description\":\"Confidential - Impartial - Independent - Informal\",\"publisher\":{\"@id\":\"https:\/\/fpombudsman.org\/#organization\"},\"potentialAction\":[{\"@type\":\"SearchAction\",\"target\":{\"@type\":\"EntryPoint\",\"urlTemplate\":\"https:\/\/fpombudsman.org\/?s={search_term_string}\"},\"query-input\":{\"@type\":\"PropertyValueSpecification\",\"valueRequired\":true,\"valueName\":\"search_term_string\"}}],\"inLanguage\":\"es\"},{\"@type\":\"Organization\",\"@id\":\"https:\/\/fpombudsman.org\/#organization\",\"name\":\"Office of the Ombudsman for United Nations Funds and Programmes\",\"url\":\"https:\/\/fpombudsman.org\/\",\"logo\":{\"@type\":\"ImageObject\",\"inLanguage\":\"es\",\"@id\":\"https:\/\/fpombudsman.org\/#\/schema\/logo\/image\/\",\"url\":\"https:\/\/fpombudsman.org\/wp-content\/uploads\/2020\/11\/Banner.png\",\"contentUrl\":\"https:\/\/fpombudsman.org\/wp-content\/uploads\/2020\/11\/Banner.png\",\"width\":391,\"height\":95,\"caption\":\"Office of the Ombudsman for United Nations Funds and Programmes\"},\"image\":{\"@id\":\"https:\/\/fpombudsman.org\/#\/schema\/logo\/image\/\"}}]}<\/script>\n<!-- \/ Yoast SEO plugin. -->","yoast_head_json":{"title":"\u00bfCu\u00e1les Son Nuestros Principios? - Office of the Ombudsman for United Nations Funds and Programmes","robots":{"index":"index","follow":"follow","max-snippet":"max-snippet:-1","max-image-preview":"max-image-preview:large","max-video-preview":"max-video-preview:-1"},"canonical":"https:\/\/fpombudsman.org\/es\/what-are-our-principles-3\/","og_locale":"es_ES","og_type":"article","og_title":"\u00bfCu\u00e1les Son Nuestros Principios? - Office of the Ombudsman for United Nations Funds and Programmes","og_description":"[vc_row][vc_column width=&#8221;1\/2&#8243;][vc_column_text] Confidencialidad La Oficina del Ombudsman toma todas las precauciones necesarias para proteger la identidad del titular del contrato mientras trabaja en un caso; sin embargo, en especial en casos complicados, en ocasiones es necesario comprometer a todas las partes en un intento por buscar en conjunto una soluci\u00f3n. En estas instancias, el Ombudsman [&hellip;]","og_url":"https:\/\/fpombudsman.org\/es\/what-are-our-principles-3\/","og_site_name":"Office of the Ombudsman for United Nations Funds and Programmes","article_modified_time":"2015-08-06T14:31:25+00:00","twitter_card":"summary_large_image","twitter_misc":{"Tiempo de lectura":"2 minutos"},"schema":{"@context":"https:\/\/schema.org","@graph":[{"@type":"WebPage","@id":"https:\/\/fpombudsman.org\/es\/what-are-our-principles-3\/","url":"https:\/\/fpombudsman.org\/es\/what-are-our-principles-3\/","name":"\u00bfCu\u00e1les Son Nuestros Principios? - Office of the Ombudsman for United Nations Funds and Programmes","isPartOf":{"@id":"https:\/\/fpombudsman.org\/#website"},"datePublished":"2014-10-29T19:36:10+00:00","dateModified":"2015-08-06T14:31:25+00:00","breadcrumb":{"@id":"https:\/\/fpombudsman.org\/es\/what-are-our-principles-3\/#breadcrumb"},"inLanguage":"es","potentialAction":[{"@type":"ReadAction","target":["https:\/\/fpombudsman.org\/es\/what-are-our-principles-3\/"]}]},{"@type":"BreadcrumbList","@id":"https:\/\/fpombudsman.org\/es\/what-are-our-principles-3\/#breadcrumb","itemListElement":[{"@type":"ListItem","position":1,"name":"Home","item":"https:\/\/fpombudsman.org\/es\/"},{"@type":"ListItem","position":2,"name":"\u00bfCu\u00e1les Son Nuestros Principios?"}]},{"@type":"WebSite","@id":"https:\/\/fpombudsman.org\/#website","url":"https:\/\/fpombudsman.org\/","name":"Office of the Ombudsman for United Nations Funds and Programmes","description":"Confidential - Impartial - Independent - Informal","publisher":{"@id":"https:\/\/fpombudsman.org\/#organization"},"potentialAction":[{"@type":"SearchAction","target":{"@type":"EntryPoint","urlTemplate":"https:\/\/fpombudsman.org\/?s={search_term_string}"},"query-input":{"@type":"PropertyValueSpecification","valueRequired":true,"valueName":"search_term_string"}}],"inLanguage":"es"},{"@type":"Organization","@id":"https:\/\/fpombudsman.org\/#organization","name":"Office of the Ombudsman for United Nations Funds and Programmes","url":"https:\/\/fpombudsman.org\/","logo":{"@type":"ImageObject","inLanguage":"es","@id":"https:\/\/fpombudsman.org\/#\/schema\/logo\/image\/","url":"https:\/\/fpombudsman.org\/wp-content\/uploads\/2020\/11\/Banner.png","contentUrl":"https:\/\/fpombudsman.org\/wp-content\/uploads\/2020\/11\/Banner.png","width":391,"height":95,"caption":"Office of the Ombudsman for United Nations Funds and Programmes"},"image":{"@id":"https:\/\/fpombudsman.org\/#\/schema\/logo\/image\/"}}]}},"_links":{"self":[{"href":"https:\/\/fpombudsman.org\/es\/wp-json\/wp\/v2\/pages\/1168","targetHints":{"allow":["GET"]}}],"collection":[{"href":"https:\/\/fpombudsman.org\/es\/wp-json\/wp\/v2\/pages"}],"about":[{"href":"https:\/\/fpombudsman.org\/es\/wp-json\/wp\/v2\/types\/page"}],"author":[{"embeddable":true,"href":"https:\/\/fpombudsman.org\/es\/wp-json\/wp\/v2\/users\/9"}],"replies":[{"embeddable":true,"href":"https:\/\/fpombudsman.org\/es\/wp-json\/wp\/v2\/comments?post=1168"}],"version-history":[{"count":6,"href":"https:\/\/fpombudsman.org\/es\/wp-json\/wp\/v2\/pages\/1168\/revisions"}],"predecessor-version":[{"id":1411,"href":"https:\/\/fpombudsman.org\/es\/wp-json\/wp\/v2\/pages\/1168\/revisions\/1411"}],"wp:attachment":[{"href":"https:\/\/fpombudsman.org\/es\/wp-json\/wp\/v2\/media?parent=1168"}],"curies":[{"name":"wp","href":"https:\/\/api.w.org\/{rel}","templated":true}]}}