
{"id":1162,"date":"2014-10-29T17:39:34","date_gmt":"2014-10-29T17:39:34","guid":{"rendered":"https:\/\/fpombudsman.org\/staff-voices-2\/"},"modified":"2015-08-06T14:31:12","modified_gmt":"2015-08-06T14:31:12","slug":"staff-voices-3","status":"publish","type":"page","link":"https:\/\/fpombudsman.org\/es\/staff-voices-3\/","title":{"rendered":"Testimonios Del Personal"},"content":{"rendered":"<div class=\"wpb-content-wrapper\"><p>[vc_row][vc_column width=&#8221;1\/1&#8243;][vc_single_image image=&#8221;479&#8243; border_color=&#8221;grey&#8221; img_link_target=&#8221;_self&#8221; style=&#8221;vc_box_border&#8221; img_size=&#8221;large&#8221;][\/vc_column][\/vc_row][vc_row][vc_column width=&#8221;1\/1&#8243;]<div class='unoo_carousel' aspectWidth='697' aspectHeight='150' isToForceContentHeight='false' isToRandomize='false' style='height:150px' autoPlayInterval='0'><div class='canvas'><div class='wheel'><div class='slide'><div class='content'>[vc_column_text css=&#8221;.vc_custom_1417617783119{margin-top: 0px !important;}&#8221;]\n<p style=\"margin-top: 0px;\">\u201cOn behalf of my colleagues, please accept our sincere thanks and appreciation for the great job and result that have been achieved in securing the rights of our colleagues. This case was pending for several years in spite of the repeated efforts to solve it, it remained pending, until you put the marvelous touches to solve it and take the corrective action to return back the rights. I am so proud of your efforts in dealing with the cases that were assigned to you during our hard time, the continuous and effective support that you have rendered to us, which included your visit and constant follow-ups.\u201d<\/p>\n[\/vc_column_text]<\/div><\/div><div class='slide'><div class='content'>[vc_column_text]\n<p style=\"margin-top: 0px;\">\u201cAfter I spoke to you I felt mentally and emotionally more at ease and equipped to look at what I can do to feel more positive.\u201d<\/p>\n[\/vc_column_text]<\/div><\/div><div class='slide'><div class='content'>[vc_column_text]\n<p style=\"margin-top: 0px;\">\u201cThank you very much for talking with me today, and a few weeks ago, about questions I had regarding a problematic RCA (Results Competency Assessment). I am grateful for the time you took to clarify general RCA issues, for the serious consideration you gave the matter I raised, for understanding a complicated situation quickly, and for your counsel. I thank you, too, for giving me the kind of advice that would not lead to a confrontational spiral regarding the issue.\u201d<\/p>\n[\/vc_column_text]<\/div><\/div><div class='slide'><div class='content'>[vc_column_text]\n<p style=\"margin-top: 0px;\">\u201cMuchas gracias por su muestra de profesionalismo, y haberse tomado el tiempo de escucharme.\u201d<\/p>\n[\/vc_column_text]<\/div><\/div><div class='slide'><div class='content'>[vc_column_text]\n<p style=\"margin-top: 0px;\">\u201cI wanted to write to thank you for the exemplary assistance that I received resolving this issue successfully. Your colleague was a pleasure to deal with \u2013 very quick to focus in on the key problems, contact the relevant parties and find an effective and equitable solution. Despite the circumstances, it was one of the most uplifting and professional interactions I had with the UN administration during my time with the organization.\u201d<\/p>\n[\/vc_column_text]<\/div><\/div><div class='slide'><div class='content'>[vc_column_text]\n<p style=\"margin-top: 0px;\">\u201cIt seems that the road is clear and that my life can go on. I thank you so much for all your support and patience with me. I will continue to improve on my competencies, communication and teamwork.\u201d<\/p>\n[\/vc_column_text]<\/div><\/div><div class='slide'><div class='content'>[vc_column_text]\n<p style=\"margin-top: 0px;\">\u201cJe tiens \u00e0 vous remercier infiniment pour la promptitude avec laquelle vous avez r\u00e9agi \u00e0 cette demande. Tout \u00e9change de correspondence vous sera transmis, pour vous permettre de mieux comprendre ma situation. Merci infiniment de votre appui.\u201d<\/p>\n[\/vc_column_text]<\/div><\/div><div class='slide'><div class='content'>[vc_column_text]\n<p style=\"margin-top: 0px;\">&#8220;Estoy muy contenta que gracias a su mediaci\u00f3n lograremos uno, ser felices en nuestro trabajo y dos, estar dispuestos a &#8216;walk the extra mile&#8217;.\u201d<\/p>\n[\/vc_column_text]<\/div><\/div><div class='slide'><div class='content'>[vc_column_text]\n<p style=\"margin-top: 0px;\">\u201cThe Staff Association would like to thank you sincerely for offering to mediate on our behalf. Your assurance has given us relief and hope. Find attached a briefing on events and actions taken to date after devaluations were effected in the country.\u201d<\/p>\n[\/vc_column_text]<\/div><\/div><div class='slide'><div class='content'>[vc_column_text]\u201cReconociendo el gran apoyo y soporte que ha sido usted para nosotros, nos ha dado mucha esperanza y fuerza, de verdad y de todo coraz\u00f3n estamos muy y m\u00e1s que agradecidos con su entrega y dedicaci\u00f3n a nuestra solicitud.\u201d[\/vc_column_text]<\/div><\/div><div class='slide'><div class='content'>[vc_column_text]\n<p style=\"margin-top: 0px;\">\u201cYour advice to me at that time was priceless, just to stay cool and focus on my work. Thank you for that.\u201d<\/p>\n[\/vc_column_text]<\/div><\/div><div class='slide'><div class='content'>[vc_column_text]\n<p style=\"margin-top: 0px;\">\u201cI hope that my case will create an opportunity to help you guide other staff to avoid such a problem in the future.\u201d<\/p>\n[\/vc_column_text]<\/div><\/div><div class='slide'><div class='content'>[vc_column_text]\n<p style=\"margin-top: 0px;\">\u201cI will keep you posted, and reach out to you if I need more advice. You have been a HUGE help, and I am grateful you were an available source to discuss the matter with in detail and not feeling like there would be any repercussions.\u201d<\/p>\n[\/vc_column_text]<\/div><\/div><\/div><\/div><div class='arrow leftArrow'><\/div><div class='arrow rightArrow'><\/div><\/div>[\/vc_column][\/vc_row][vc_row][vc_column width=&#8221;1\/1&#8243;][vc_column_text]<\/p>\n<h2>Testimonials<\/h2>\n<table id=\"testemonials\">\n<tbody>\n<tr>\n<td class=\"pic\"><a href=\"https:\/\/fpombudsman.org.s195742.gridserver.com\/wp-content\/uploads\/2014\/10\/silh13.png\"><img loading=\"lazy\" decoding=\"async\" class=\"alignnone size-full wp-image-222\" src=\"https:\/\/fpombudsman.org.s195742.gridserver.com\/wp-content\/uploads\/2014\/10\/silh13.png\" alt=\"silh13\" width=\"204\" height=\"254\" \/><\/a><\/td>\n<td>\u201cYou are considered fully for what you are\u201d<a href=\"https:\/\/fpombudsman.org.s195742.gridserver.com\/wp-content\/uploads\/2014\/10\/\u201cYou\u2019re-considered-fully-for-what-you-are\u201d.m4a\"><span style=\"color: #ffffff;\">xx<\/span><span style=\"color: #ffffff;\">xx<\/span><span style=\"color: #ffffff;\">xx<\/span><span style=\"color: #ffffff;\">xx<\/span><span style=\"color: #ffffff;\">xx<\/span><span style=\"color: #ffffff;\">xxxxxxxxxxxxxxxxxxxxxxxx<\/span><\/a><\/td>\n<td><a href=\"https:\/\/fpombudsman.org.s195742.gridserver.com\/wp-content\/uploads\/2015\/01\/You-are-considered-fully-for-what-you-are.mp4\"><span style=\"color: #3366ff; text-decoration: underline;\"><span style=\"text-decoration: underline;\">Play Audio file<\/span><\/span><\/a>\u00a0(ingles)<\/td>\n<\/tr>\n<\/tbody>\n<\/table>\n<table id=\"testemonials\">\n<tbody>\n<tr>\n<td class=\"pic\"><img loading=\"lazy\" decoding=\"async\" class=\"alignnone size-full wp-image-219\" src=\"https:\/\/fpombudsman.org.s195742.gridserver.com\/wp-content\/uploads\/2014\/10\/silh10.png\" alt=\"silh10\" width=\"204\" height=\"254\" \/><\/td>\n<td>\u201cThe Ombudsman turned out to be a blessing\u201d<span style=\"color: #ffffff;\">xx<\/span><span style=\"color: #ffffff;\">x<\/span><span style=\"text-decoration: underline;\"><span style=\"color: #ffffff; text-decoration: underline;\">x<\/span><span style=\"color: #ffffff; text-decoration: underline;\">xx<\/span><span style=\"color: #ffffff; text-decoration: underline;\">xx<\/span><span style=\"color: #ffffff; text-decoration: underline;\">xx<\/span><span style=\"color: #ffffff; text-decoration: underline;\">xx<\/span><span style=\"color: #ffffff; text-decoration: underline;\">xx<\/span><span style=\"color: #ffffff; text-decoration: underline;\">xx<\/span><span style=\"color: #ffffff; text-decoration: underline;\">xxxxxxxxxx<\/span><span style=\"color: #ffffff; text-decoration: underline;\">xx<\/span><\/span><\/td>\n<td><a href=\"https:\/\/fpombudsman.org.s195742.gridserver.com\/wp-content\/uploads\/2015\/01\/The-Ombudsman-turned-out-to-be-a-blessing.mp4\"><span style=\"text-decoration: underline;\">\u0093<span style=\"color: #3366ff;\">Play Audio file<\/span><\/span><\/a>\u00a0(ingles)<\/td>\n<\/tr>\n<\/tbody>\n<\/table>\n<table id=\"testemonials\">\n<tbody>\n<tr>\n<td class=\"pic\"><a href=\"https:\/\/fpombudsman.org.s195742.gridserver.com\/wp-content\/uploads\/2014\/10\/silh12.png\"><img loading=\"lazy\" decoding=\"async\" class=\"alignnone size-full wp-image-221\" src=\"https:\/\/fpombudsman.org.s195742.gridserver.com\/wp-content\/uploads\/2014\/10\/silh12.png\" alt=\"silh12\" width=\"204\" height=\"254\" \/><\/a><\/td>\n<td>\u201cI want to encourage those colleagues who\u00a0have gone through similar challenges\u201d<\/td>\n<td><a href=\"https:\/\/fpombudsman.org.s195742.gridserver.com\/wp-content\/uploads\/2015\/01\/I-want-to-encourage-those-colleagues-who-have-gone-through-similar-challenges.mp4\"><span style=\"color: #3366ff; text-decoration: underline;\">Play Audio file<\/span><\/a>\u00a0(ingles)<\/td>\n<\/tr>\n<\/tbody>\n<\/table>\n<p>[\/vc_column_text][\/vc_column][\/vc_row][vc_row][vc_column width=&#8221;1\/1&#8243;][vc_message color=&#8221;alert-warning&#8221; style=&#8221;outlined&#8221;]<strong>Por razones de confidencialidad, todas las opiniones NO provienen de visitantes reales.<\/strong>[\/vc_message][\/vc_column][\/vc_row]<\/p>\n<\/div>","protected":false},"excerpt":{"rendered":"<p>[vc_row][vc_column width=&#8221;1\/1&#8243;][vc_single_image image=&#8221;479&#8243; border_color=&#8221;grey&#8221; img_link_target=&#8221;_self&#8221; style=&#8221;vc_box_border&#8221; img_size=&#8221;large&#8221;][\/vc_column][\/vc_row][vc_row][vc_column width=&#8221;1\/1&#8243;][\/vc_column][\/vc_row][vc_row][vc_column width=&#8221;1\/1&#8243;][vc_column_text] Testimonials \u201cYou are considered fully for what you are\u201dxxxxxxxxxxxxxxxxxxxxxxxxxxxxxxxxxx Play Audio file\u00a0(ingles) \u201cThe Ombudsman turned out to be a blessing\u201dxxxxxxxxxxxxxxxxxxxxxxxxxxxx \u0093Play Audio file\u00a0(ingles) \u201cI want to encourage those colleagues who\u00a0have gone through similar challenges\u201d Play Audio file\u00a0(ingles) [\/vc_column_text][\/vc_column][\/vc_row][vc_row][vc_column width=&#8221;1\/1&#8243;][vc_message color=&#8221;alert-warning&#8221; style=&#8221;outlined&#8221;]Por razones de confidencialidad, todas las [&hellip;]<\/p>\n","protected":false},"author":9,"featured_media":0,"parent":0,"menu_order":0,"comment_status":"open","ping_status":"open","template":"","meta":{"footnotes":""},"class_list":["post-1162","page","type-page","status-publish","hentry"],"yoast_head":"<!-- This site is optimized with the Yoast SEO plugin v24.1 - https:\/\/yoast.com\/wordpress\/plugins\/seo\/ -->\n<title>Testimonios Del Personal - Office of the Ombudsman for United Nations Funds and Programmes<\/title>\n<meta name=\"robots\" content=\"index, follow, max-snippet:-1, max-image-preview:large, max-video-preview:-1\" \/>\n<link rel=\"canonical\" href=\"https:\/\/fpombudsman.org\/es\/staff-voices-3\/\" \/>\n<meta property=\"og:locale\" content=\"es_ES\" \/>\n<meta property=\"og:type\" content=\"article\" \/>\n<meta property=\"og:title\" content=\"Testimonios Del Personal - Office of the Ombudsman for United Nations Funds and Programmes\" \/>\n<meta property=\"og:description\" content=\"[vc_row][vc_column width=&#8221;1\/1&#8243;][vc_single_image image=&#8221;479&#8243; border_color=&#8221;grey&#8221; img_link_target=&#8221;_self&#8221; style=&#8221;vc_box_border&#8221; img_size=&#8221;large&#8221;][\/vc_column][\/vc_row][vc_row][vc_column width=&#8221;1\/1&#8243;][\/vc_column][\/vc_row][vc_row][vc_column width=&#8221;1\/1&#8243;][vc_column_text] Testimonials \u201cYou are considered fully for what you are\u201dxxxxxxxxxxxxxxxxxxxxxxxxxxxxxxxxxx Play Audio file\u00a0(ingles) \u201cThe Ombudsman turned out to be a blessing\u201dxxxxxxxxxxxxxxxxxxxxxxxxxxxx \u0093Play Audio file\u00a0(ingles) \u201cI want to encourage those colleagues who\u00a0have gone through similar challenges\u201d Play Audio file\u00a0(ingles) [\/vc_column_text][\/vc_column][\/vc_row][vc_row][vc_column width=&#8221;1\/1&#8243;][vc_message color=&#8221;alert-warning&#8221; style=&#8221;outlined&#8221;]Por razones de confidencialidad, todas las [&hellip;]\" \/>\n<meta property=\"og:url\" content=\"https:\/\/fpombudsman.org\/es\/staff-voices-3\/\" \/>\n<meta property=\"og:site_name\" content=\"Office of the Ombudsman for United Nations Funds and Programmes\" \/>\n<meta property=\"article:modified_time\" content=\"2015-08-06T14:31:12+00:00\" \/>\n<meta property=\"og:image\" content=\"https:\/\/fpombudsman.org.s195742.gridserver.com\/wp-content\/uploads\/2014\/10\/silh13.png\" \/>\n<meta name=\"twitter:card\" content=\"summary_large_image\" \/>\n<meta name=\"twitter:label1\" content=\"Tiempo de lectura\" \/>\n\t<meta name=\"twitter:data1\" content=\"4 minutos\" \/>\n<script type=\"application\/ld+json\" class=\"yoast-schema-graph\">{\"@context\":\"https:\/\/schema.org\",\"@graph\":[{\"@type\":\"WebPage\",\"@id\":\"https:\/\/fpombudsman.org\/es\/staff-voices-3\/\",\"url\":\"https:\/\/fpombudsman.org\/es\/staff-voices-3\/\",\"name\":\"Testimonios Del Personal - Office of the Ombudsman for United Nations Funds and Programmes\",\"isPartOf\":{\"@id\":\"https:\/\/fpombudsman.org\/#website\"},\"primaryImageOfPage\":{\"@id\":\"https:\/\/fpombudsman.org\/es\/staff-voices-3\/#primaryimage\"},\"image\":{\"@id\":\"https:\/\/fpombudsman.org\/es\/staff-voices-3\/#primaryimage\"},\"thumbnailUrl\":\"https:\/\/fpombudsman.org.s195742.gridserver.com\/wp-content\/uploads\/2014\/10\/silh13.png\",\"datePublished\":\"2014-10-29T17:39:34+00:00\",\"dateModified\":\"2015-08-06T14:31:12+00:00\",\"breadcrumb\":{\"@id\":\"https:\/\/fpombudsman.org\/es\/staff-voices-3\/#breadcrumb\"},\"inLanguage\":\"es\",\"potentialAction\":[{\"@type\":\"ReadAction\",\"target\":[\"https:\/\/fpombudsman.org\/es\/staff-voices-3\/\"]}]},{\"@type\":\"ImageObject\",\"inLanguage\":\"es\",\"@id\":\"https:\/\/fpombudsman.org\/es\/staff-voices-3\/#primaryimage\",\"url\":\"https:\/\/fpombudsman.org.s195742.gridserver.com\/wp-content\/uploads\/2014\/10\/silh13.png\",\"contentUrl\":\"https:\/\/fpombudsman.org.s195742.gridserver.com\/wp-content\/uploads\/2014\/10\/silh13.png\"},{\"@type\":\"BreadcrumbList\",\"@id\":\"https:\/\/fpombudsman.org\/es\/staff-voices-3\/#breadcrumb\",\"itemListElement\":[{\"@type\":\"ListItem\",\"position\":1,\"name\":\"Home\",\"item\":\"https:\/\/fpombudsman.org\/es\/\"},{\"@type\":\"ListItem\",\"position\":2,\"name\":\"Testimonios Del Personal\"}]},{\"@type\":\"WebSite\",\"@id\":\"https:\/\/fpombudsman.org\/#website\",\"url\":\"https:\/\/fpombudsman.org\/\",\"name\":\"Office of the Ombudsman for United Nations Funds and Programmes\",\"description\":\"Confidential - Impartial - Independent - Informal\",\"publisher\":{\"@id\":\"https:\/\/fpombudsman.org\/#organization\"},\"potentialAction\":[{\"@type\":\"SearchAction\",\"target\":{\"@type\":\"EntryPoint\",\"urlTemplate\":\"https:\/\/fpombudsman.org\/?s={search_term_string}\"},\"query-input\":{\"@type\":\"PropertyValueSpecification\",\"valueRequired\":true,\"valueName\":\"search_term_string\"}}],\"inLanguage\":\"es\"},{\"@type\":\"Organization\",\"@id\":\"https:\/\/fpombudsman.org\/#organization\",\"name\":\"Office of the Ombudsman for United Nations Funds and Programmes\",\"url\":\"https:\/\/fpombudsman.org\/\",\"logo\":{\"@type\":\"ImageObject\",\"inLanguage\":\"es\",\"@id\":\"https:\/\/fpombudsman.org\/#\/schema\/logo\/image\/\",\"url\":\"https:\/\/fpombudsman.org\/wp-content\/uploads\/2020\/11\/Banner.png\",\"contentUrl\":\"https:\/\/fpombudsman.org\/wp-content\/uploads\/2020\/11\/Banner.png\",\"width\":391,\"height\":95,\"caption\":\"Office of the Ombudsman for United Nations Funds and Programmes\"},\"image\":{\"@id\":\"https:\/\/fpombudsman.org\/#\/schema\/logo\/image\/\"}}]}<\/script>\n<!-- \/ Yoast SEO plugin. -->","yoast_head_json":{"title":"Testimonios Del Personal - Office of the Ombudsman for United Nations Funds and Programmes","robots":{"index":"index","follow":"follow","max-snippet":"max-snippet:-1","max-image-preview":"max-image-preview:large","max-video-preview":"max-video-preview:-1"},"canonical":"https:\/\/fpombudsman.org\/es\/staff-voices-3\/","og_locale":"es_ES","og_type":"article","og_title":"Testimonios Del Personal - Office of the Ombudsman for United Nations Funds and Programmes","og_description":"[vc_row][vc_column width=&#8221;1\/1&#8243;][vc_single_image image=&#8221;479&#8243; border_color=&#8221;grey&#8221; img_link_target=&#8221;_self&#8221; style=&#8221;vc_box_border&#8221; img_size=&#8221;large&#8221;][\/vc_column][\/vc_row][vc_row][vc_column width=&#8221;1\/1&#8243;][\/vc_column][\/vc_row][vc_row][vc_column width=&#8221;1\/1&#8243;][vc_column_text] Testimonials \u201cYou are considered fully for what you are\u201dxxxxxxxxxxxxxxxxxxxxxxxxxxxxxxxxxx Play Audio file\u00a0(ingles) \u201cThe Ombudsman turned out to be a blessing\u201dxxxxxxxxxxxxxxxxxxxxxxxxxxxx \u0093Play Audio file\u00a0(ingles) \u201cI want to encourage those colleagues who\u00a0have gone through similar challenges\u201d Play Audio file\u00a0(ingles) [\/vc_column_text][\/vc_column][\/vc_row][vc_row][vc_column width=&#8221;1\/1&#8243;][vc_message color=&#8221;alert-warning&#8221; style=&#8221;outlined&#8221;]Por razones de confidencialidad, todas las [&hellip;]","og_url":"https:\/\/fpombudsman.org\/es\/staff-voices-3\/","og_site_name":"Office of the Ombudsman for United Nations Funds and Programmes","article_modified_time":"2015-08-06T14:31:12+00:00","og_image":[{"url":"https:\/\/fpombudsman.org.s195742.gridserver.com\/wp-content\/uploads\/2014\/10\/silh13.png","type":"","width":"","height":""}],"twitter_card":"summary_large_image","twitter_misc":{"Tiempo de lectura":"4 minutos"},"schema":{"@context":"https:\/\/schema.org","@graph":[{"@type":"WebPage","@id":"https:\/\/fpombudsman.org\/es\/staff-voices-3\/","url":"https:\/\/fpombudsman.org\/es\/staff-voices-3\/","name":"Testimonios Del Personal - Office of the Ombudsman for United Nations Funds and Programmes","isPartOf":{"@id":"https:\/\/fpombudsman.org\/#website"},"primaryImageOfPage":{"@id":"https:\/\/fpombudsman.org\/es\/staff-voices-3\/#primaryimage"},"image":{"@id":"https:\/\/fpombudsman.org\/es\/staff-voices-3\/#primaryimage"},"thumbnailUrl":"https:\/\/fpombudsman.org.s195742.gridserver.com\/wp-content\/uploads\/2014\/10\/silh13.png","datePublished":"2014-10-29T17:39:34+00:00","dateModified":"2015-08-06T14:31:12+00:00","breadcrumb":{"@id":"https:\/\/fpombudsman.org\/es\/staff-voices-3\/#breadcrumb"},"inLanguage":"es","potentialAction":[{"@type":"ReadAction","target":["https:\/\/fpombudsman.org\/es\/staff-voices-3\/"]}]},{"@type":"ImageObject","inLanguage":"es","@id":"https:\/\/fpombudsman.org\/es\/staff-voices-3\/#primaryimage","url":"https:\/\/fpombudsman.org.s195742.gridserver.com\/wp-content\/uploads\/2014\/10\/silh13.png","contentUrl":"https:\/\/fpombudsman.org.s195742.gridserver.com\/wp-content\/uploads\/2014\/10\/silh13.png"},{"@type":"BreadcrumbList","@id":"https:\/\/fpombudsman.org\/es\/staff-voices-3\/#breadcrumb","itemListElement":[{"@type":"ListItem","position":1,"name":"Home","item":"https:\/\/fpombudsman.org\/es\/"},{"@type":"ListItem","position":2,"name":"Testimonios Del Personal"}]},{"@type":"WebSite","@id":"https:\/\/fpombudsman.org\/#website","url":"https:\/\/fpombudsman.org\/","name":"Office of the Ombudsman for United Nations Funds and Programmes","description":"Confidential - Impartial - Independent - Informal","publisher":{"@id":"https:\/\/fpombudsman.org\/#organization"},"potentialAction":[{"@type":"SearchAction","target":{"@type":"EntryPoint","urlTemplate":"https:\/\/fpombudsman.org\/?s={search_term_string}"},"query-input":{"@type":"PropertyValueSpecification","valueRequired":true,"valueName":"search_term_string"}}],"inLanguage":"es"},{"@type":"Organization","@id":"https:\/\/fpombudsman.org\/#organization","name":"Office of the Ombudsman for United Nations Funds and Programmes","url":"https:\/\/fpombudsman.org\/","logo":{"@type":"ImageObject","inLanguage":"es","@id":"https:\/\/fpombudsman.org\/#\/schema\/logo\/image\/","url":"https:\/\/fpombudsman.org\/wp-content\/uploads\/2020\/11\/Banner.png","contentUrl":"https:\/\/fpombudsman.org\/wp-content\/uploads\/2020\/11\/Banner.png","width":391,"height":95,"caption":"Office of the Ombudsman for United Nations Funds and Programmes"},"image":{"@id":"https:\/\/fpombudsman.org\/#\/schema\/logo\/image\/"}}]}},"_links":{"self":[{"href":"https:\/\/fpombudsman.org\/es\/wp-json\/wp\/v2\/pages\/1162","targetHints":{"allow":["GET"]}}],"collection":[{"href":"https:\/\/fpombudsman.org\/es\/wp-json\/wp\/v2\/pages"}],"about":[{"href":"https:\/\/fpombudsman.org\/es\/wp-json\/wp\/v2\/types\/page"}],"author":[{"embeddable":true,"href":"https:\/\/fpombudsman.org\/es\/wp-json\/wp\/v2\/users\/9"}],"replies":[{"embeddable":true,"href":"https:\/\/fpombudsman.org\/es\/wp-json\/wp\/v2\/comments?post=1162"}],"version-history":[{"count":4,"href":"https:\/\/fpombudsman.org\/es\/wp-json\/wp\/v2\/pages\/1162\/revisions"}],"predecessor-version":[{"id":1267,"href":"https:\/\/fpombudsman.org\/es\/wp-json\/wp\/v2\/pages\/1162\/revisions\/1267"}],"wp:attachment":[{"href":"https:\/\/fpombudsman.org\/es\/wp-json\/wp\/v2\/media?parent=1162"}],"curies":[{"name":"wp","href":"https:\/\/api.w.org\/{rel}","templated":true}]}}