
{"id":1144,"date":"2014-10-30T21:11:43","date_gmt":"2014-10-30T21:11:43","guid":{"rendered":"https:\/\/fpombudsman.org\/our-team\/mame-diagne\/"},"modified":"2015-08-06T14:23:18","modified_gmt":"2015-08-06T14:23:18","slug":"mame-diagne","status":"publish","type":"page","link":"https:\/\/fpombudsman.org\/es\/history\/mame-diagne\/","title":{"rendered":"Mame Diagne"},"content":{"rendered":"<div class=\"wpb-content-wrapper\"><p>[vc_row][vc_column width=&#8221;1\/4&#8243;][vc_single_image image=&#8221;104&#8243; border_color=&#8221;grey&#8221; img_link_target=&#8221;_self&#8221;][\/vc_column][vc_column width=&#8221;3\/4&#8243;][vc_column_text]<\/p>\n<h3>Ombudsman<\/h3>\n<p>Antes de su nombramiento como Ombudsman de los Fondos y Programas, Mame Diagne fue Directora Regional de Recursos Humanos para UNICEF en la regi\u00f3n de Asia oriental y el Pac\u00edfico, con sede en Bangkok, Tailandia, durante casi cuatro a\u00f1os. Es oriunda de Senegal.<\/p>\n<p>Tiene m\u00e1s de 25 a\u00f1os de experiencia trabajando en varias Oficinas de UNICEF en las \u00e1reas de gesti\u00f3n de Operaciones y Recursos Humanos en seis de las siete regiones en las que opera UNICEF, espec\u00edficamente \u00c1frica, Asia, Europa, Oriente Medio y la sede de Nueva York.<\/p>\n<p>Mame Diagne ha trabajado como Jefa de Recursos Humanos en Dhaka, Bangladesh y como Directora de Recursos Humanos de Emergencia en la Oficina de Programas de Emergencias (EMOPS) en Nueva York como parte del equipo de respuesta r\u00e1pida que atiende operaciones de emergencia a nivel mundial en las Oficinas de UNICEF en los pa\u00edses. Fue Directora de Operaciones en emergencias complejas, como los casos de Rwanda e Irak, y sirvi\u00f3 en la Oficina de los Territorios Palestinos.<\/p>\n<p>La se\u00f1ora Diagne conoce a cabalidad las pol\u00edticas y los reglamentos del personal de Naciones Unidas. Aporta un profundo conocimiento y comprensi\u00f3n de la gesti\u00f3n de los recursos humanos, adem\u00e1s de su experiencia en gesti\u00f3n de desaf\u00edos y conflictos a nivel nacional, regional y mundial.<\/p>\n<p>Posee una maestr\u00eda en Direcci\u00f3n de Recursos Humanos de la Universidad de Manchester, Reino Unido, y es miembro de la Asociaci\u00f3n Internacional de Ombudsman (IOA).[\/vc_column_text][\/vc_column][\/vc_row]<\/p>\n<\/div>","protected":false},"excerpt":{"rendered":"<p>[vc_row][vc_column width=&#8221;1\/4&#8243;][vc_single_image image=&#8221;104&#8243; border_color=&#8221;grey&#8221; img_link_target=&#8221;_self&#8221;][\/vc_column][vc_column width=&#8221;3\/4&#8243;][vc_column_text] Ombudsman Antes de su nombramiento como Ombudsman de los Fondos y Programas, Mame Diagne fue Directora Regional de Recursos Humanos para UNICEF en la regi\u00f3n de Asia oriental y el Pac\u00edfico, con sede en Bangkok, Tailandia, durante casi cuatro a\u00f1os. Es oriunda de Senegal. Tiene m\u00e1s de 25 a\u00f1os [&hellip;]<\/p>\n","protected":false},"author":9,"featured_media":0,"parent":1120,"menu_order":0,"comment_status":"open","ping_status":"open","template":"","meta":{"footnotes":""},"class_list":["post-1144","page","type-page","status-publish","hentry"],"yoast_head":"<!-- This site is optimized with the Yoast SEO plugin v24.1 - https:\/\/yoast.com\/wordpress\/plugins\/seo\/ -->\n<title>Mame Diagne - Office of the Ombudsman for United Nations Funds and Programmes<\/title>\n<meta name=\"robots\" content=\"index, follow, max-snippet:-1, max-image-preview:large, max-video-preview:-1\" \/>\n<link rel=\"canonical\" href=\"https:\/\/fpombudsman.org\/es\/history\/mame-diagne\/\" \/>\n<meta property=\"og:locale\" content=\"es_ES\" \/>\n<meta property=\"og:type\" content=\"article\" \/>\n<meta property=\"og:title\" content=\"Mame Diagne - Office of the Ombudsman for United Nations Funds and Programmes\" \/>\n<meta property=\"og:description\" content=\"[vc_row][vc_column width=&#8221;1\/4&#8243;][vc_single_image image=&#8221;104&#8243; border_color=&#8221;grey&#8221; img_link_target=&#8221;_self&#8221;][\/vc_column][vc_column width=&#8221;3\/4&#8243;][vc_column_text] Ombudsman Antes de su nombramiento como Ombudsman de los Fondos y Programas, Mame Diagne fue Directora Regional de Recursos Humanos para UNICEF en la regi\u00f3n de Asia oriental y el Pac\u00edfico, con sede en Bangkok, Tailandia, durante casi cuatro a\u00f1os. Es oriunda de Senegal. Tiene m\u00e1s de 25 a\u00f1os [&hellip;]\" \/>\n<meta property=\"og:url\" content=\"https:\/\/fpombudsman.org\/es\/history\/mame-diagne\/\" \/>\n<meta property=\"og:site_name\" content=\"Office of the Ombudsman for United Nations Funds and Programmes\" \/>\n<meta property=\"article:modified_time\" content=\"2015-08-06T14:23:18+00:00\" \/>\n<meta name=\"twitter:card\" content=\"summary_large_image\" \/>\n<meta name=\"twitter:label1\" content=\"Tiempo de lectura\" \/>\n\t<meta name=\"twitter:data1\" content=\"1 minuto\" \/>\n<script type=\"application\/ld+json\" class=\"yoast-schema-graph\">{\"@context\":\"https:\/\/schema.org\",\"@graph\":[{\"@type\":\"WebPage\",\"@id\":\"https:\/\/fpombudsman.org\/es\/history\/mame-diagne\/\",\"url\":\"https:\/\/fpombudsman.org\/es\/history\/mame-diagne\/\",\"name\":\"Mame Diagne - Office of the Ombudsman for United Nations Funds and Programmes\",\"isPartOf\":{\"@id\":\"https:\/\/fpombudsman.org\/#website\"},\"datePublished\":\"2014-10-30T21:11:43+00:00\",\"dateModified\":\"2015-08-06T14:23:18+00:00\",\"breadcrumb\":{\"@id\":\"https:\/\/fpombudsman.org\/es\/history\/mame-diagne\/#breadcrumb\"},\"inLanguage\":\"es\",\"potentialAction\":[{\"@type\":\"ReadAction\",\"target\":[\"https:\/\/fpombudsman.org\/es\/history\/mame-diagne\/\"]}]},{\"@type\":\"BreadcrumbList\",\"@id\":\"https:\/\/fpombudsman.org\/es\/history\/mame-diagne\/#breadcrumb\",\"itemListElement\":[{\"@type\":\"ListItem\",\"position\":1,\"name\":\"Home\",\"item\":\"https:\/\/fpombudsman.org\/es\/\"},{\"@type\":\"ListItem\",\"position\":2,\"name\":\"History of Our Office\",\"item\":\"https:\/\/fpombudsman.org\/es\/history\/\"},{\"@type\":\"ListItem\",\"position\":3,\"name\":\"Mame Diagne\"}]},{\"@type\":\"WebSite\",\"@id\":\"https:\/\/fpombudsman.org\/#website\",\"url\":\"https:\/\/fpombudsman.org\/\",\"name\":\"Office of the Ombudsman for United Nations Funds and Programmes\",\"description\":\"Confidential - Impartial - Independent - Informal\",\"publisher\":{\"@id\":\"https:\/\/fpombudsman.org\/#organization\"},\"potentialAction\":[{\"@type\":\"SearchAction\",\"target\":{\"@type\":\"EntryPoint\",\"urlTemplate\":\"https:\/\/fpombudsman.org\/?s={search_term_string}\"},\"query-input\":{\"@type\":\"PropertyValueSpecification\",\"valueRequired\":true,\"valueName\":\"search_term_string\"}}],\"inLanguage\":\"es\"},{\"@type\":\"Organization\",\"@id\":\"https:\/\/fpombudsman.org\/#organization\",\"name\":\"Office of the Ombudsman for United Nations Funds and Programmes\",\"url\":\"https:\/\/fpombudsman.org\/\",\"logo\":{\"@type\":\"ImageObject\",\"inLanguage\":\"es\",\"@id\":\"https:\/\/fpombudsman.org\/#\/schema\/logo\/image\/\",\"url\":\"https:\/\/fpombudsman.org\/wp-content\/uploads\/2020\/11\/Banner.png\",\"contentUrl\":\"https:\/\/fpombudsman.org\/wp-content\/uploads\/2020\/11\/Banner.png\",\"width\":391,\"height\":95,\"caption\":\"Office of the Ombudsman for United Nations Funds and Programmes\"},\"image\":{\"@id\":\"https:\/\/fpombudsman.org\/#\/schema\/logo\/image\/\"}}]}<\/script>\n<!-- \/ Yoast SEO plugin. -->","yoast_head_json":{"title":"Mame Diagne - Office of the Ombudsman for United Nations Funds and Programmes","robots":{"index":"index","follow":"follow","max-snippet":"max-snippet:-1","max-image-preview":"max-image-preview:large","max-video-preview":"max-video-preview:-1"},"canonical":"https:\/\/fpombudsman.org\/es\/history\/mame-diagne\/","og_locale":"es_ES","og_type":"article","og_title":"Mame Diagne - Office of the Ombudsman for United Nations Funds and Programmes","og_description":"[vc_row][vc_column width=&#8221;1\/4&#8243;][vc_single_image image=&#8221;104&#8243; border_color=&#8221;grey&#8221; img_link_target=&#8221;_self&#8221;][\/vc_column][vc_column width=&#8221;3\/4&#8243;][vc_column_text] Ombudsman Antes de su nombramiento como Ombudsman de los Fondos y Programas, Mame Diagne fue Directora Regional de Recursos Humanos para UNICEF en la regi\u00f3n de Asia oriental y el Pac\u00edfico, con sede en Bangkok, Tailandia, durante casi cuatro a\u00f1os. Es oriunda de Senegal. Tiene m\u00e1s de 25 a\u00f1os [&hellip;]","og_url":"https:\/\/fpombudsman.org\/es\/history\/mame-diagne\/","og_site_name":"Office of the Ombudsman for United Nations Funds and Programmes","article_modified_time":"2015-08-06T14:23:18+00:00","twitter_card":"summary_large_image","twitter_misc":{"Tiempo de lectura":"1 minuto"},"schema":{"@context":"https:\/\/schema.org","@graph":[{"@type":"WebPage","@id":"https:\/\/fpombudsman.org\/es\/history\/mame-diagne\/","url":"https:\/\/fpombudsman.org\/es\/history\/mame-diagne\/","name":"Mame Diagne - Office of the Ombudsman for United Nations Funds and Programmes","isPartOf":{"@id":"https:\/\/fpombudsman.org\/#website"},"datePublished":"2014-10-30T21:11:43+00:00","dateModified":"2015-08-06T14:23:18+00:00","breadcrumb":{"@id":"https:\/\/fpombudsman.org\/es\/history\/mame-diagne\/#breadcrumb"},"inLanguage":"es","potentialAction":[{"@type":"ReadAction","target":["https:\/\/fpombudsman.org\/es\/history\/mame-diagne\/"]}]},{"@type":"BreadcrumbList","@id":"https:\/\/fpombudsman.org\/es\/history\/mame-diagne\/#breadcrumb","itemListElement":[{"@type":"ListItem","position":1,"name":"Home","item":"https:\/\/fpombudsman.org\/es\/"},{"@type":"ListItem","position":2,"name":"History of Our Office","item":"https:\/\/fpombudsman.org\/es\/history\/"},{"@type":"ListItem","position":3,"name":"Mame Diagne"}]},{"@type":"WebSite","@id":"https:\/\/fpombudsman.org\/#website","url":"https:\/\/fpombudsman.org\/","name":"Office of the Ombudsman for United Nations Funds and Programmes","description":"Confidential - Impartial - Independent - Informal","publisher":{"@id":"https:\/\/fpombudsman.org\/#organization"},"potentialAction":[{"@type":"SearchAction","target":{"@type":"EntryPoint","urlTemplate":"https:\/\/fpombudsman.org\/?s={search_term_string}"},"query-input":{"@type":"PropertyValueSpecification","valueRequired":true,"valueName":"search_term_string"}}],"inLanguage":"es"},{"@type":"Organization","@id":"https:\/\/fpombudsman.org\/#organization","name":"Office of the Ombudsman for United Nations Funds and Programmes","url":"https:\/\/fpombudsman.org\/","logo":{"@type":"ImageObject","inLanguage":"es","@id":"https:\/\/fpombudsman.org\/#\/schema\/logo\/image\/","url":"https:\/\/fpombudsman.org\/wp-content\/uploads\/2020\/11\/Banner.png","contentUrl":"https:\/\/fpombudsman.org\/wp-content\/uploads\/2020\/11\/Banner.png","width":391,"height":95,"caption":"Office of the Ombudsman for United Nations Funds and Programmes"},"image":{"@id":"https:\/\/fpombudsman.org\/#\/schema\/logo\/image\/"}}]}},"_links":{"self":[{"href":"https:\/\/fpombudsman.org\/es\/wp-json\/wp\/v2\/pages\/1144","targetHints":{"allow":["GET"]}}],"collection":[{"href":"https:\/\/fpombudsman.org\/es\/wp-json\/wp\/v2\/pages"}],"about":[{"href":"https:\/\/fpombudsman.org\/es\/wp-json\/wp\/v2\/types\/page"}],"author":[{"embeddable":true,"href":"https:\/\/fpombudsman.org\/es\/wp-json\/wp\/v2\/users\/9"}],"replies":[{"embeddable":true,"href":"https:\/\/fpombudsman.org\/es\/wp-json\/wp\/v2\/comments?post=1144"}],"version-history":[{"count":3,"href":"https:\/\/fpombudsman.org\/es\/wp-json\/wp\/v2\/pages\/1144\/revisions"}],"predecessor-version":[{"id":1253,"href":"https:\/\/fpombudsman.org\/es\/wp-json\/wp\/v2\/pages\/1144\/revisions\/1253"}],"up":[{"embeddable":true,"href":"https:\/\/fpombudsman.org\/es\/wp-json\/wp\/v2\/pages\/1120"}],"wp:attachment":[{"href":"https:\/\/fpombudsman.org\/es\/wp-json\/wp\/v2\/media?parent=1144"}],"curies":[{"name":"wp","href":"https:\/\/api.w.org\/{rel}","templated":true}]}}