
{"id":1134,"date":"2014-10-30T21:10:43","date_gmt":"2014-10-30T21:10:43","guid":{"rendered":"https:\/\/fpombudsman.org\/our-team\/helmut-buss\/"},"modified":"2015-08-06T14:21:53","modified_gmt":"2015-08-06T14:21:53","slug":"helmut-buss","status":"publish","type":"page","link":"https:\/\/fpombudsman.org\/es\/history\/helmut-buss\/","title":{"rendered":"Helmut Buss"},"content":{"rendered":"<div class=\"wpb-content-wrapper\"><p>[vc_row][vc_column width=&#8221;1\/4&#8243;][vc_single_image image=&#8221;99&#8243; border_color=&#8221;grey&#8221; img_link_target=&#8221;_self&#8221;][\/vc_column][vc_column width=&#8221;3\/4&#8243;][vc_column_text]<\/p>\n<h3>Ombudsman<\/h3>\n<p>Antes de ser nombrado Ombudsman para los Fondos y Programas, Helmut Buss trabaj\u00f3 como abogado. Se incorpor\u00f3 a ACNUR hace m\u00e1s de 20 a\u00f1os, donde asumi\u00f3 diversas funciones tanto en la sede como en terreno.<\/p>\n<p>Luego de su asignaci\u00f3n en terreno como Oficial Adjunto de Protecci\u00f3n en la Oficina regional de ACNUR en Dakar, Senegal, asumi\u00f3 las funciones de Oficial jur\u00eddico, Jefe de Unidad y Coordinador Regional de Capacitaci\u00f3n en la sede de ACNUR en Ginebra. Posteriormente, se desempe\u00f1\u00f3 como Representante de ACNUR en Bishkek, Kirguist\u00e1n, antes de regresar a Ginebra para unirse al Servicio de Recaudaci\u00f3n de Fondos de ACNUR. Estuvo a cargo de la Secci\u00f3n de Asuntos Jur\u00eddicos de ACNUR desde 2003 hasta su nombramiento como Ombudsman.<\/p>\n<p>El se\u00f1or Buss aporta al cargo sus vastos conocimientos en gesti\u00f3n y soluci\u00f3n informal de conflictos, tanto en sus funciones de Asesor Jur\u00eddico como con su experiencia en mediaci\u00f3n. Posee una Maestr\u00eda en Mediaci\u00f3n del Institut Universitaire Kurt Boesch (IUKB) en Sion, Suiza, e investig\u00f3 profundamente sobre el control de los costos del conflicto. &#8220;Medir y reducir el costo de los conflictos en el trabajo en ACNUR&#8221; es el t\u00edtulo de su tesis. Es miembro de la Asociaci\u00f3n Internacional de Ombudsman (IOA), donde ha participado en varias actividades de capacitaci\u00f3n. Se certific\u00f3 como ombudsman en la IOA y como mediador en el Centre for Effective Dispute Resolution (CEDR).<\/p>\n<p>El se\u00f1or Buss es Licenciado en Derecho de la Universidad de Hamburgo y posee un MBA de la Open University Business School de Reino Unido. Es oriundo de Alemania, est\u00e1 casado y tiene dos hijas.[\/vc_column_text][\/vc_column][\/vc_row]<\/p>\n<\/div>","protected":false},"excerpt":{"rendered":"<p>[vc_row][vc_column width=&#8221;1\/4&#8243;][vc_single_image image=&#8221;99&#8243; border_color=&#8221;grey&#8221; img_link_target=&#8221;_self&#8221;][\/vc_column][vc_column width=&#8221;3\/4&#8243;][vc_column_text] Ombudsman Antes de ser nombrado Ombudsman para los Fondos y Programas, Helmut Buss trabaj\u00f3 como abogado. Se incorpor\u00f3 a ACNUR hace m\u00e1s de 20 a\u00f1os, donde asumi\u00f3 diversas funciones tanto en la sede como en terreno. Luego de su asignaci\u00f3n en terreno como Oficial Adjunto de Protecci\u00f3n en la [&hellip;]<\/p>\n","protected":false},"author":9,"featured_media":0,"parent":1120,"menu_order":0,"comment_status":"open","ping_status":"open","template":"","meta":{"footnotes":""},"class_list":["post-1134","page","type-page","status-publish","hentry"],"yoast_head":"<!-- This site is optimized with the Yoast SEO plugin v24.1 - https:\/\/yoast.com\/wordpress\/plugins\/seo\/ -->\n<title>Helmut Buss - Office of the Ombudsman for United Nations Funds and Programmes<\/title>\n<meta name=\"robots\" content=\"index, follow, max-snippet:-1, max-image-preview:large, max-video-preview:-1\" \/>\n<link rel=\"canonical\" href=\"https:\/\/fpombudsman.org\/es\/history\/helmut-buss\/\" \/>\n<meta property=\"og:locale\" content=\"es_ES\" \/>\n<meta property=\"og:type\" content=\"article\" \/>\n<meta property=\"og:title\" content=\"Helmut Buss - Office of the Ombudsman for United Nations Funds and Programmes\" \/>\n<meta property=\"og:description\" content=\"[vc_row][vc_column width=&#8221;1\/4&#8243;][vc_single_image image=&#8221;99&#8243; border_color=&#8221;grey&#8221; img_link_target=&#8221;_self&#8221;][\/vc_column][vc_column width=&#8221;3\/4&#8243;][vc_column_text] Ombudsman Antes de ser nombrado Ombudsman para los Fondos y Programas, Helmut Buss trabaj\u00f3 como abogado. Se incorpor\u00f3 a ACNUR hace m\u00e1s de 20 a\u00f1os, donde asumi\u00f3 diversas funciones tanto en la sede como en terreno. Luego de su asignaci\u00f3n en terreno como Oficial Adjunto de Protecci\u00f3n en la [&hellip;]\" \/>\n<meta property=\"og:url\" content=\"https:\/\/fpombudsman.org\/es\/history\/helmut-buss\/\" \/>\n<meta property=\"og:site_name\" content=\"Office of the Ombudsman for United Nations Funds and Programmes\" \/>\n<meta property=\"article:modified_time\" content=\"2015-08-06T14:21:53+00:00\" \/>\n<meta name=\"twitter:card\" content=\"summary_large_image\" \/>\n<meta name=\"twitter:label1\" content=\"Tiempo de lectura\" \/>\n\t<meta name=\"twitter:data1\" content=\"2 minutos\" \/>\n<script type=\"application\/ld+json\" class=\"yoast-schema-graph\">{\"@context\":\"https:\/\/schema.org\",\"@graph\":[{\"@type\":\"WebPage\",\"@id\":\"https:\/\/fpombudsman.org\/es\/history\/helmut-buss\/\",\"url\":\"https:\/\/fpombudsman.org\/es\/history\/helmut-buss\/\",\"name\":\"Helmut Buss - Office of the Ombudsman for United Nations Funds and Programmes\",\"isPartOf\":{\"@id\":\"https:\/\/fpombudsman.org\/#website\"},\"datePublished\":\"2014-10-30T21:10:43+00:00\",\"dateModified\":\"2015-08-06T14:21:53+00:00\",\"breadcrumb\":{\"@id\":\"https:\/\/fpombudsman.org\/es\/history\/helmut-buss\/#breadcrumb\"},\"inLanguage\":\"es\",\"potentialAction\":[{\"@type\":\"ReadAction\",\"target\":[\"https:\/\/fpombudsman.org\/es\/history\/helmut-buss\/\"]}]},{\"@type\":\"BreadcrumbList\",\"@id\":\"https:\/\/fpombudsman.org\/es\/history\/helmut-buss\/#breadcrumb\",\"itemListElement\":[{\"@type\":\"ListItem\",\"position\":1,\"name\":\"Home\",\"item\":\"https:\/\/fpombudsman.org\/es\/\"},{\"@type\":\"ListItem\",\"position\":2,\"name\":\"History of Our Office\",\"item\":\"https:\/\/fpombudsman.org\/es\/history\/\"},{\"@type\":\"ListItem\",\"position\":3,\"name\":\"Helmut Buss\"}]},{\"@type\":\"WebSite\",\"@id\":\"https:\/\/fpombudsman.org\/#website\",\"url\":\"https:\/\/fpombudsman.org\/\",\"name\":\"Office of the Ombudsman for United Nations Funds and Programmes\",\"description\":\"Confidential - Impartial - Independent - Informal\",\"publisher\":{\"@id\":\"https:\/\/fpombudsman.org\/#organization\"},\"potentialAction\":[{\"@type\":\"SearchAction\",\"target\":{\"@type\":\"EntryPoint\",\"urlTemplate\":\"https:\/\/fpombudsman.org\/?s={search_term_string}\"},\"query-input\":{\"@type\":\"PropertyValueSpecification\",\"valueRequired\":true,\"valueName\":\"search_term_string\"}}],\"inLanguage\":\"es\"},{\"@type\":\"Organization\",\"@id\":\"https:\/\/fpombudsman.org\/#organization\",\"name\":\"Office of the Ombudsman for United Nations Funds and Programmes\",\"url\":\"https:\/\/fpombudsman.org\/\",\"logo\":{\"@type\":\"ImageObject\",\"inLanguage\":\"es\",\"@id\":\"https:\/\/fpombudsman.org\/#\/schema\/logo\/image\/\",\"url\":\"https:\/\/fpombudsman.org\/wp-content\/uploads\/2020\/11\/Banner.png\",\"contentUrl\":\"https:\/\/fpombudsman.org\/wp-content\/uploads\/2020\/11\/Banner.png\",\"width\":391,\"height\":95,\"caption\":\"Office of the Ombudsman for United Nations Funds and Programmes\"},\"image\":{\"@id\":\"https:\/\/fpombudsman.org\/#\/schema\/logo\/image\/\"}}]}<\/script>\n<!-- \/ Yoast SEO plugin. -->","yoast_head_json":{"title":"Helmut Buss - Office of the Ombudsman for United Nations Funds and Programmes","robots":{"index":"index","follow":"follow","max-snippet":"max-snippet:-1","max-image-preview":"max-image-preview:large","max-video-preview":"max-video-preview:-1"},"canonical":"https:\/\/fpombudsman.org\/es\/history\/helmut-buss\/","og_locale":"es_ES","og_type":"article","og_title":"Helmut Buss - Office of the Ombudsman for United Nations Funds and Programmes","og_description":"[vc_row][vc_column width=&#8221;1\/4&#8243;][vc_single_image image=&#8221;99&#8243; border_color=&#8221;grey&#8221; img_link_target=&#8221;_self&#8221;][\/vc_column][vc_column width=&#8221;3\/4&#8243;][vc_column_text] Ombudsman Antes de ser nombrado Ombudsman para los Fondos y Programas, Helmut Buss trabaj\u00f3 como abogado. Se incorpor\u00f3 a ACNUR hace m\u00e1s de 20 a\u00f1os, donde asumi\u00f3 diversas funciones tanto en la sede como en terreno. Luego de su asignaci\u00f3n en terreno como Oficial Adjunto de Protecci\u00f3n en la [&hellip;]","og_url":"https:\/\/fpombudsman.org\/es\/history\/helmut-buss\/","og_site_name":"Office of the Ombudsman for United Nations Funds and Programmes","article_modified_time":"2015-08-06T14:21:53+00:00","twitter_card":"summary_large_image","twitter_misc":{"Tiempo de lectura":"2 minutos"},"schema":{"@context":"https:\/\/schema.org","@graph":[{"@type":"WebPage","@id":"https:\/\/fpombudsman.org\/es\/history\/helmut-buss\/","url":"https:\/\/fpombudsman.org\/es\/history\/helmut-buss\/","name":"Helmut Buss - Office of the Ombudsman for United Nations Funds and Programmes","isPartOf":{"@id":"https:\/\/fpombudsman.org\/#website"},"datePublished":"2014-10-30T21:10:43+00:00","dateModified":"2015-08-06T14:21:53+00:00","breadcrumb":{"@id":"https:\/\/fpombudsman.org\/es\/history\/helmut-buss\/#breadcrumb"},"inLanguage":"es","potentialAction":[{"@type":"ReadAction","target":["https:\/\/fpombudsman.org\/es\/history\/helmut-buss\/"]}]},{"@type":"BreadcrumbList","@id":"https:\/\/fpombudsman.org\/es\/history\/helmut-buss\/#breadcrumb","itemListElement":[{"@type":"ListItem","position":1,"name":"Home","item":"https:\/\/fpombudsman.org\/es\/"},{"@type":"ListItem","position":2,"name":"History of Our Office","item":"https:\/\/fpombudsman.org\/es\/history\/"},{"@type":"ListItem","position":3,"name":"Helmut Buss"}]},{"@type":"WebSite","@id":"https:\/\/fpombudsman.org\/#website","url":"https:\/\/fpombudsman.org\/","name":"Office of the Ombudsman for United Nations Funds and Programmes","description":"Confidential - Impartial - Independent - Informal","publisher":{"@id":"https:\/\/fpombudsman.org\/#organization"},"potentialAction":[{"@type":"SearchAction","target":{"@type":"EntryPoint","urlTemplate":"https:\/\/fpombudsman.org\/?s={search_term_string}"},"query-input":{"@type":"PropertyValueSpecification","valueRequired":true,"valueName":"search_term_string"}}],"inLanguage":"es"},{"@type":"Organization","@id":"https:\/\/fpombudsman.org\/#organization","name":"Office of the Ombudsman for United Nations Funds and Programmes","url":"https:\/\/fpombudsman.org\/","logo":{"@type":"ImageObject","inLanguage":"es","@id":"https:\/\/fpombudsman.org\/#\/schema\/logo\/image\/","url":"https:\/\/fpombudsman.org\/wp-content\/uploads\/2020\/11\/Banner.png","contentUrl":"https:\/\/fpombudsman.org\/wp-content\/uploads\/2020\/11\/Banner.png","width":391,"height":95,"caption":"Office of the Ombudsman for United Nations Funds and Programmes"},"image":{"@id":"https:\/\/fpombudsman.org\/#\/schema\/logo\/image\/"}}]}},"_links":{"self":[{"href":"https:\/\/fpombudsman.org\/es\/wp-json\/wp\/v2\/pages\/1134","targetHints":{"allow":["GET"]}}],"collection":[{"href":"https:\/\/fpombudsman.org\/es\/wp-json\/wp\/v2\/pages"}],"about":[{"href":"https:\/\/fpombudsman.org\/es\/wp-json\/wp\/v2\/types\/page"}],"author":[{"embeddable":true,"href":"https:\/\/fpombudsman.org\/es\/wp-json\/wp\/v2\/users\/9"}],"replies":[{"embeddable":true,"href":"https:\/\/fpombudsman.org\/es\/wp-json\/wp\/v2\/comments?post=1134"}],"version-history":[{"count":2,"href":"https:\/\/fpombudsman.org\/es\/wp-json\/wp\/v2\/pages\/1134\/revisions"}],"predecessor-version":[{"id":1254,"href":"https:\/\/fpombudsman.org\/es\/wp-json\/wp\/v2\/pages\/1134\/revisions\/1254"}],"up":[{"embeddable":true,"href":"https:\/\/fpombudsman.org\/es\/wp-json\/wp\/v2\/pages\/1120"}],"wp:attachment":[{"href":"https:\/\/fpombudsman.org\/es\/wp-json\/wp\/v2\/media?parent=1134"}],"curies":[{"name":"wp","href":"https:\/\/api.w.org\/{rel}","templated":true}]}}