
{"id":1122,"date":"2014-10-30T21:12:06","date_gmt":"2014-10-30T21:12:06","guid":{"rendered":"https:\/\/fpombudsman.org\/history\/veronica-luard\/"},"modified":"2015-08-06T14:19:50","modified_gmt":"2015-08-06T14:19:50","slug":"veronica-luard","status":"publish","type":"page","link":"https:\/\/fpombudsman.org\/es\/history\/veronica-luard\/","title":{"rendered":"Veronica Luard"},"content":{"rendered":"<div class=\"wpb-content-wrapper\"><p>[vc_row][vc_column width=&#8221;1\/2&#8243;][vc_column_text]<\/p>\n<h3>Ombudsman \u2013 2006-2010<\/h3>\n<p>Antes de su nombramiento como Associate Ombudsperson de la Oficina del Ombudsman Conjunto, Veronica Luard sirvi\u00f3 como Director de Recursos Humanos Regional para UNICEF en la regi\u00f3n \u00c1frica Oriental y Meridional en Nairobi, Kenia.<\/p>\n<p>Ha trabajado en diversas oficinas de UNICEF en la Gesti\u00f3n de programas y Operaciones. Inici\u00f3 su carrera profesional como Oficial de Programas Adjunto en Maputo, Mozambique.[\/vc_column_text][\/vc_column][vc_column width=&#8221;1\/2&#8243;][vc_single_image image=&#8221;890&#8243; alignment=&#8221;right&#8221; border_color=&#8221;grey&#8221; img_link_target=&#8221;_self&#8221; img_size=&#8221;full&#8221;][\/vc_column][\/vc_row][vc_row][vc_column width=&#8221;1\/1&#8243;][vc_column_text]<\/p>\n<p>Luego sirvi\u00f3 como Oficial de Programas en varios pa\u00edses: Senegal donde era responsable del desarrollo y gesti\u00f3n de programas asistidas por UNICEF en Cabo Verde y Guinea Bissau, Burkina Faso, y Costa de Marfil.<\/p>\n<p>Sra. Luard es oriunda de Guyana. Posee una licenciatura en Artes Liberales la Universidad de Columbia de New York, un MSc en Relaciones Internacionales de la Universidad de las Indias Occidentales, y una Maestr\u00eda en Administraci\u00f3n P\u00fablica de la Universidad de Harvard.<\/p>\n<p>On octubre 1994, Sra. Luard comenz\u00f3 de trabajar en la Secci\u00f3n de Formaci\u00f3n del Personal en la Sede de Nueva York, donde sirvi\u00f3 hasta que ella tom\u00f3 el puesto de Oficial Superior de Recursos Humanos en la Divisi\u00f3n de Recursos Humanos.<\/p>\n<p>Veronica Luard tambi\u00e9n posee la certificaci\u00f3n profesional de la\u00a0<a href=\"http:\/\/www.ombudsassociation.org\/Home.aspx\" target=\"_blank\">Asociaci\u00f3n Internacional de Ombudsman<\/a>.[\/vc_column_text][\/vc_column][\/vc_row]<\/p>\n<\/div>","protected":false},"excerpt":{"rendered":"<p>[vc_row][vc_column width=&#8221;1\/2&#8243;][vc_column_text] Ombudsman \u2013 2006-2010 Antes de su nombramiento como Associate Ombudsperson de la Oficina del Ombudsman Conjunto, Veronica Luard sirvi\u00f3 como Director de Recursos Humanos Regional para UNICEF en la regi\u00f3n \u00c1frica Oriental y Meridional en Nairobi, Kenia. Ha trabajado en diversas oficinas de UNICEF en la Gesti\u00f3n de programas y Operaciones. Inici\u00f3 su [&hellip;]<\/p>\n","protected":false},"author":9,"featured_media":0,"parent":1120,"menu_order":0,"comment_status":"open","ping_status":"open","template":"","meta":{"footnotes":""},"class_list":["post-1122","page","type-page","status-publish","hentry"],"yoast_head":"<!-- This site is optimized with the Yoast SEO plugin v24.1 - https:\/\/yoast.com\/wordpress\/plugins\/seo\/ -->\n<title>Veronica Luard - Office of the Ombudsman for United Nations Funds and Programmes<\/title>\n<meta name=\"robots\" content=\"index, follow, max-snippet:-1, max-image-preview:large, max-video-preview:-1\" \/>\n<link rel=\"canonical\" href=\"https:\/\/fpombudsman.org\/es\/history\/veronica-luard\/\" \/>\n<meta property=\"og:locale\" content=\"es_ES\" \/>\n<meta property=\"og:type\" content=\"article\" \/>\n<meta property=\"og:title\" content=\"Veronica Luard - Office of the Ombudsman for United Nations Funds and Programmes\" \/>\n<meta property=\"og:description\" content=\"[vc_row][vc_column width=&#8221;1\/2&#8243;][vc_column_text] Ombudsman \u2013 2006-2010 Antes de su nombramiento como Associate Ombudsperson de la Oficina del Ombudsman Conjunto, Veronica Luard sirvi\u00f3 como Director de Recursos Humanos Regional para UNICEF en la regi\u00f3n \u00c1frica Oriental y Meridional en Nairobi, Kenia. Ha trabajado en diversas oficinas de UNICEF en la Gesti\u00f3n de programas y Operaciones. Inici\u00f3 su [&hellip;]\" \/>\n<meta property=\"og:url\" content=\"https:\/\/fpombudsman.org\/es\/history\/veronica-luard\/\" \/>\n<meta property=\"og:site_name\" content=\"Office of the Ombudsman for United Nations Funds and Programmes\" \/>\n<meta property=\"article:modified_time\" content=\"2015-08-06T14:19:50+00:00\" \/>\n<meta name=\"twitter:card\" content=\"summary_large_image\" \/>\n<meta name=\"twitter:label1\" content=\"Tiempo de lectura\" \/>\n\t<meta name=\"twitter:data1\" content=\"1 minuto\" \/>\n<script type=\"application\/ld+json\" class=\"yoast-schema-graph\">{\"@context\":\"https:\/\/schema.org\",\"@graph\":[{\"@type\":\"WebPage\",\"@id\":\"https:\/\/fpombudsman.org\/es\/history\/veronica-luard\/\",\"url\":\"https:\/\/fpombudsman.org\/es\/history\/veronica-luard\/\",\"name\":\"Veronica Luard - Office of the Ombudsman for United Nations Funds and Programmes\",\"isPartOf\":{\"@id\":\"https:\/\/fpombudsman.org\/#website\"},\"datePublished\":\"2014-10-30T21:12:06+00:00\",\"dateModified\":\"2015-08-06T14:19:50+00:00\",\"breadcrumb\":{\"@id\":\"https:\/\/fpombudsman.org\/es\/history\/veronica-luard\/#breadcrumb\"},\"inLanguage\":\"es\",\"potentialAction\":[{\"@type\":\"ReadAction\",\"target\":[\"https:\/\/fpombudsman.org\/es\/history\/veronica-luard\/\"]}]},{\"@type\":\"BreadcrumbList\",\"@id\":\"https:\/\/fpombudsman.org\/es\/history\/veronica-luard\/#breadcrumb\",\"itemListElement\":[{\"@type\":\"ListItem\",\"position\":1,\"name\":\"Home\",\"item\":\"https:\/\/fpombudsman.org\/es\/\"},{\"@type\":\"ListItem\",\"position\":2,\"name\":\"History of Our Office\",\"item\":\"https:\/\/fpombudsman.org\/es\/history\/\"},{\"@type\":\"ListItem\",\"position\":3,\"name\":\"Veronica Luard\"}]},{\"@type\":\"WebSite\",\"@id\":\"https:\/\/fpombudsman.org\/#website\",\"url\":\"https:\/\/fpombudsman.org\/\",\"name\":\"Office of the Ombudsman for United Nations Funds and Programmes\",\"description\":\"Confidential - Impartial - Independent - Informal\",\"publisher\":{\"@id\":\"https:\/\/fpombudsman.org\/#organization\"},\"potentialAction\":[{\"@type\":\"SearchAction\",\"target\":{\"@type\":\"EntryPoint\",\"urlTemplate\":\"https:\/\/fpombudsman.org\/?s={search_term_string}\"},\"query-input\":{\"@type\":\"PropertyValueSpecification\",\"valueRequired\":true,\"valueName\":\"search_term_string\"}}],\"inLanguage\":\"es\"},{\"@type\":\"Organization\",\"@id\":\"https:\/\/fpombudsman.org\/#organization\",\"name\":\"Office of the Ombudsman for United Nations Funds and Programmes\",\"url\":\"https:\/\/fpombudsman.org\/\",\"logo\":{\"@type\":\"ImageObject\",\"inLanguage\":\"es\",\"@id\":\"https:\/\/fpombudsman.org\/#\/schema\/logo\/image\/\",\"url\":\"https:\/\/fpombudsman.org\/wp-content\/uploads\/2020\/11\/Banner.png\",\"contentUrl\":\"https:\/\/fpombudsman.org\/wp-content\/uploads\/2020\/11\/Banner.png\",\"width\":391,\"height\":95,\"caption\":\"Office of the Ombudsman for United Nations Funds and Programmes\"},\"image\":{\"@id\":\"https:\/\/fpombudsman.org\/#\/schema\/logo\/image\/\"}}]}<\/script>\n<!-- \/ Yoast SEO plugin. -->","yoast_head_json":{"title":"Veronica Luard - Office of the Ombudsman for United Nations Funds and Programmes","robots":{"index":"index","follow":"follow","max-snippet":"max-snippet:-1","max-image-preview":"max-image-preview:large","max-video-preview":"max-video-preview:-1"},"canonical":"https:\/\/fpombudsman.org\/es\/history\/veronica-luard\/","og_locale":"es_ES","og_type":"article","og_title":"Veronica Luard - Office of the Ombudsman for United Nations Funds and Programmes","og_description":"[vc_row][vc_column width=&#8221;1\/2&#8243;][vc_column_text] Ombudsman \u2013 2006-2010 Antes de su nombramiento como Associate Ombudsperson de la Oficina del Ombudsman Conjunto, Veronica Luard sirvi\u00f3 como Director de Recursos Humanos Regional para UNICEF en la regi\u00f3n \u00c1frica Oriental y Meridional en Nairobi, Kenia. Ha trabajado en diversas oficinas de UNICEF en la Gesti\u00f3n de programas y Operaciones. Inici\u00f3 su [&hellip;]","og_url":"https:\/\/fpombudsman.org\/es\/history\/veronica-luard\/","og_site_name":"Office of the Ombudsman for United Nations Funds and Programmes","article_modified_time":"2015-08-06T14:19:50+00:00","twitter_card":"summary_large_image","twitter_misc":{"Tiempo de lectura":"1 minuto"},"schema":{"@context":"https:\/\/schema.org","@graph":[{"@type":"WebPage","@id":"https:\/\/fpombudsman.org\/es\/history\/veronica-luard\/","url":"https:\/\/fpombudsman.org\/es\/history\/veronica-luard\/","name":"Veronica Luard - Office of the Ombudsman for United Nations Funds and Programmes","isPartOf":{"@id":"https:\/\/fpombudsman.org\/#website"},"datePublished":"2014-10-30T21:12:06+00:00","dateModified":"2015-08-06T14:19:50+00:00","breadcrumb":{"@id":"https:\/\/fpombudsman.org\/es\/history\/veronica-luard\/#breadcrumb"},"inLanguage":"es","potentialAction":[{"@type":"ReadAction","target":["https:\/\/fpombudsman.org\/es\/history\/veronica-luard\/"]}]},{"@type":"BreadcrumbList","@id":"https:\/\/fpombudsman.org\/es\/history\/veronica-luard\/#breadcrumb","itemListElement":[{"@type":"ListItem","position":1,"name":"Home","item":"https:\/\/fpombudsman.org\/es\/"},{"@type":"ListItem","position":2,"name":"History of Our Office","item":"https:\/\/fpombudsman.org\/es\/history\/"},{"@type":"ListItem","position":3,"name":"Veronica Luard"}]},{"@type":"WebSite","@id":"https:\/\/fpombudsman.org\/#website","url":"https:\/\/fpombudsman.org\/","name":"Office of the Ombudsman for United Nations Funds and Programmes","description":"Confidential - Impartial - Independent - Informal","publisher":{"@id":"https:\/\/fpombudsman.org\/#organization"},"potentialAction":[{"@type":"SearchAction","target":{"@type":"EntryPoint","urlTemplate":"https:\/\/fpombudsman.org\/?s={search_term_string}"},"query-input":{"@type":"PropertyValueSpecification","valueRequired":true,"valueName":"search_term_string"}}],"inLanguage":"es"},{"@type":"Organization","@id":"https:\/\/fpombudsman.org\/#organization","name":"Office of the Ombudsman for United Nations Funds and Programmes","url":"https:\/\/fpombudsman.org\/","logo":{"@type":"ImageObject","inLanguage":"es","@id":"https:\/\/fpombudsman.org\/#\/schema\/logo\/image\/","url":"https:\/\/fpombudsman.org\/wp-content\/uploads\/2020\/11\/Banner.png","contentUrl":"https:\/\/fpombudsman.org\/wp-content\/uploads\/2020\/11\/Banner.png","width":391,"height":95,"caption":"Office of the Ombudsman for United Nations Funds and Programmes"},"image":{"@id":"https:\/\/fpombudsman.org\/#\/schema\/logo\/image\/"}}]}},"_links":{"self":[{"href":"https:\/\/fpombudsman.org\/es\/wp-json\/wp\/v2\/pages\/1122","targetHints":{"allow":["GET"]}}],"collection":[{"href":"https:\/\/fpombudsman.org\/es\/wp-json\/wp\/v2\/pages"}],"about":[{"href":"https:\/\/fpombudsman.org\/es\/wp-json\/wp\/v2\/types\/page"}],"author":[{"embeddable":true,"href":"https:\/\/fpombudsman.org\/es\/wp-json\/wp\/v2\/users\/9"}],"replies":[{"embeddable":true,"href":"https:\/\/fpombudsman.org\/es\/wp-json\/wp\/v2\/comments?post=1122"}],"version-history":[{"count":2,"href":"https:\/\/fpombudsman.org\/es\/wp-json\/wp\/v2\/pages\/1122\/revisions"}],"predecessor-version":[{"id":1554,"href":"https:\/\/fpombudsman.org\/es\/wp-json\/wp\/v2\/pages\/1122\/revisions\/1554"}],"up":[{"embeddable":true,"href":"https:\/\/fpombudsman.org\/es\/wp-json\/wp\/v2\/pages\/1120"}],"wp:attachment":[{"href":"https:\/\/fpombudsman.org\/es\/wp-json\/wp\/v2\/media?parent=1122"}],"curies":[{"name":"wp","href":"https:\/\/api.w.org\/{rel}","templated":true}]}}