
{"id":1120,"date":"2014-10-29T19:37:27","date_gmt":"2014-10-29T19:37:27","guid":{"rendered":"https:\/\/fpombudsman.org\/history-2\/"},"modified":"2017-07-24T19:44:22","modified_gmt":"2017-07-24T19:44:22","slug":"history","status":"publish","type":"page","link":"https:\/\/fpombudsman.org\/es\/history\/","title":{"rendered":"History of Our Office"},"content":{"rendered":"<div class=\"wpb-content-wrapper\"><p>[vc_row][vc_column width=&#8221;1\/1&#8243;][vc_column_text]<\/p>\n<p>&nbsp;<\/p>\n<table>\n<tbody>\n<tr bgcolor=\"#fccc59\">\n<td>2016<\/td>\n<td>Se publica los nuevos t\u00e9rminos de referencia para la Oficina del Ombudsman y de Servicios de Mediaci\u00f3n de las Naciones Unidas \u00a0\u2013<a href=\"https:\/\/fpombudsman.org\/wp-content\/uploads\/2017\/06\/Final-TOR.pdf\"> ST\/SGB\/2016\/7<\/a><\/td>\n<\/tr>\n<tr>\n<td>2015<\/td>\n<td>\u00a0<a href=\"https:\/\/fpombudsman.org\/our-team\/alayne-frankson-wallace\/\">Alayne Frankson-Wallace<\/a>\u00a0y\u00a0<a href=\"https:\/\/fpombudsman.org\/our-team\/giuseppe-de-palo\/\">Giuseppe De Palo\u00a0s<\/a>on nombrados como\u00a0Ombudsman de los Fondos y Programas<\/td>\n<\/tr>\n<tr bgcolor=\"#fccc59\">\n<td>2012<\/td>\n<td>D\u00e9cimo aniversario de la Oficina del Ombudsman.<\/td>\n<\/tr>\n<tr>\n<td>2011<\/td>\n<td>La Oficina del Ombudsman para los Fondos y Programas de Naciones Unidas comienza a ofrecer servicios a ONU-Mujeres<\/td>\n<\/tr>\n<tr bgcolor=\"#fccc59\">\n<td>2010<\/td>\n<td><a href=\"https:\/\/fpombudsman.org\/es\/our-team-3\/mame-diagne\/\">Mame Diagne<\/a>\u00a0y\u00a0<a href=\"https:\/\/fpombudsman.org\/es\/our-team-3\/helmut-buss\/\">Helmut Buss<\/a>\u00a0ocupan el cargo de Ombudsman para los Fondos y Programas de Naciones Unidas.<\/td>\n<\/tr>\n<tr>\n<td>2007<\/td>\n<td>La Asamblea General adopta la\u00a0<a href=\"http:\/\/www.un.org\/es\/comun\/docs\/?symbol=A\/RES\/62\/228%20\">resoluci\u00f3n 62\/228<\/a>, en la que fortalece la Administraci\u00f3n de Justicia, incluido el sistema informal. La Oficina del Ombudsman y de Servicios de Mediaci\u00f3n se convierte en una sola Oficina integrada y descentralizada para la Secretar\u00eda, ACNUR y los Fondos y Programas.<\/td>\n<\/tr>\n<tr bgcolor=\"#fccc59\">\n<td>2006<\/td>\n<td>Se crea la Oficina del Ombudsman Conjunto con servicios ampliados a UNICEF, terminando as\u00ed con el sistema de Ombudsman voluntario en UNICEF. La Oficina atiende ahora al PNUD, FNUAP, UNOPS y UNICEF.<\/td>\n<\/tr>\n<tr>\n<td>2006<\/td>\n<td>El Grupo de Reforma en el sistema de administraci\u00f3n de justicia de Naciones Unidas presenta recomendaciones sobre procesos y estructuras del sistema de justicia formal e informal (<a href=\"http:\/\/www.un.org\/es\/comun\/docs\/?symbol=A\/61\/205%20\">A\/61\/205<\/a>).<\/td>\n<\/tr>\n<tr bgcolor=\"#fccc59\">\n<td>2006-2010<\/td>\n<td><a href=\"https:\/\/fpombudsman.org\/es\/history-3\/veronica-luard\/\">Veronica Luard<\/a>\u00a0es nombrada como directora de la Oficina del Ombudsman Conjunto.<\/td>\n<\/tr>\n<tr>\n<td>2002-2006<\/td>\n<td><a href=\"https:\/\/fpombudsman.org\/es\/our-team-3\/james-lee\/\">James Lee<\/a>\u00a0sirve como el primer Ombudsman de PNUD\/FNUAP\/UNOPS.<\/td>\n<\/tr>\n<tr bgcolor=\"#fccc59\">\n<td>2002<\/td>\n<td>La Oficina del Ombudsman para PNUD\/FNUAP\/UNOPS inicia sus operaciones en reemplazo del Panel de Ombudsman voluntario. El Administrador anuncia la creaci\u00f3n de la Oficina a todo el personal del PNUD\/FNUAP\/UNOPS mediante un correo electr\u00f3nico general, adjuntando con los t\u00e9rminos de referencia. Al mismo tiempo, la Asamblea General establece el Ombudsman de Naciones Unidas y el Secretario General emite un bolet\u00edn donde promulga el nombramiento y los t\u00e9rminos de referencia del Ombudsman (<a href=\"http:\/\/www.un.org\/ga\/search\/view_doc.asp?symbol=ST\/SGB\/2002\/12%20\">ST\/SGB\/2002\/12<\/a>).<\/td>\n<\/tr>\n<\/tbody>\n<\/table>\n<p>&nbsp;<\/p>\n<\/div>","protected":false},"excerpt":{"rendered":"<p>[vc_row][vc_column width=&#8221;1\/1&#8243;][vc_column_text] &nbsp; 2016 Se publica los nuevos t\u00e9rminos de referencia para la Oficina del Ombudsman y de Servicios de Mediaci\u00f3n de las Naciones Unidas \u00a0\u2013 ST\/SGB\/2016\/7 2015 \u00a0Alayne Frankson-Wallace\u00a0y\u00a0Giuseppe De Palo\u00a0son nombrados como\u00a0Ombudsman de los Fondos y Programas 2012 D\u00e9cimo aniversario de la Oficina del Ombudsman. 2011 La Oficina del Ombudsman para los Fondos [&hellip;]<\/p>\n","protected":false},"author":9,"featured_media":0,"parent":0,"menu_order":0,"comment_status":"open","ping_status":"open","template":"","meta":{"footnotes":""},"class_list":["post-1120","page","type-page","status-publish","hentry"],"yoast_head":"<!-- This site is optimized with the Yoast SEO plugin v24.1 - https:\/\/yoast.com\/wordpress\/plugins\/seo\/ -->\n<title>History of Our Office - Office of the Ombudsman for United Nations Funds and Programmes<\/title>\n<meta name=\"robots\" content=\"index, follow, max-snippet:-1, max-image-preview:large, max-video-preview:-1\" \/>\n<link rel=\"canonical\" href=\"https:\/\/fpombudsman.org\/es\/history\/\" \/>\n<meta property=\"og:locale\" content=\"es_ES\" \/>\n<meta property=\"og:type\" content=\"article\" \/>\n<meta property=\"og:title\" content=\"History of Our Office - Office of the Ombudsman for United Nations Funds and Programmes\" \/>\n<meta property=\"og:description\" content=\"[vc_row][vc_column width=&#8221;1\/1&#8243;][vc_column_text] &nbsp; 2016 Se publica los nuevos t\u00e9rminos de referencia para la Oficina del Ombudsman y de Servicios de Mediaci\u00f3n de las Naciones Unidas \u00a0\u2013 ST\/SGB\/2016\/7 2015 \u00a0Alayne Frankson-Wallace\u00a0y\u00a0Giuseppe De Palo\u00a0son nombrados como\u00a0Ombudsman de los Fondos y Programas 2012 D\u00e9cimo aniversario de la Oficina del Ombudsman. 2011 La Oficina del Ombudsman para los Fondos [&hellip;]\" \/>\n<meta property=\"og:url\" content=\"https:\/\/fpombudsman.org\/es\/history\/\" \/>\n<meta property=\"og:site_name\" content=\"Office of the Ombudsman for United Nations Funds and Programmes\" \/>\n<meta property=\"article:modified_time\" content=\"2017-07-24T19:44:22+00:00\" \/>\n<meta name=\"twitter:card\" content=\"summary_large_image\" \/>\n<meta name=\"twitter:label1\" content=\"Tiempo de lectura\" \/>\n\t<meta name=\"twitter:data1\" content=\"2 minutos\" \/>\n<script type=\"application\/ld+json\" class=\"yoast-schema-graph\">{\"@context\":\"https:\/\/schema.org\",\"@graph\":[{\"@type\":\"WebPage\",\"@id\":\"https:\/\/fpombudsman.org\/es\/history\/\",\"url\":\"https:\/\/fpombudsman.org\/es\/history\/\",\"name\":\"History of Our Office - Office of the Ombudsman for United Nations Funds and Programmes\",\"isPartOf\":{\"@id\":\"https:\/\/fpombudsman.org\/#website\"},\"datePublished\":\"2014-10-29T19:37:27+00:00\",\"dateModified\":\"2017-07-24T19:44:22+00:00\",\"breadcrumb\":{\"@id\":\"https:\/\/fpombudsman.org\/es\/history\/#breadcrumb\"},\"inLanguage\":\"es\",\"potentialAction\":[{\"@type\":\"ReadAction\",\"target\":[\"https:\/\/fpombudsman.org\/es\/history\/\"]}]},{\"@type\":\"BreadcrumbList\",\"@id\":\"https:\/\/fpombudsman.org\/es\/history\/#breadcrumb\",\"itemListElement\":[{\"@type\":\"ListItem\",\"position\":1,\"name\":\"Home\",\"item\":\"https:\/\/fpombudsman.org\/es\/\"},{\"@type\":\"ListItem\",\"position\":2,\"name\":\"History of Our Office\"}]},{\"@type\":\"WebSite\",\"@id\":\"https:\/\/fpombudsman.org\/#website\",\"url\":\"https:\/\/fpombudsman.org\/\",\"name\":\"Office of the Ombudsman for United Nations Funds and Programmes\",\"description\":\"Confidential - Impartial - Independent - Informal\",\"publisher\":{\"@id\":\"https:\/\/fpombudsman.org\/#organization\"},\"potentialAction\":[{\"@type\":\"SearchAction\",\"target\":{\"@type\":\"EntryPoint\",\"urlTemplate\":\"https:\/\/fpombudsman.org\/?s={search_term_string}\"},\"query-input\":{\"@type\":\"PropertyValueSpecification\",\"valueRequired\":true,\"valueName\":\"search_term_string\"}}],\"inLanguage\":\"es\"},{\"@type\":\"Organization\",\"@id\":\"https:\/\/fpombudsman.org\/#organization\",\"name\":\"Office of the Ombudsman for United Nations Funds and Programmes\",\"url\":\"https:\/\/fpombudsman.org\/\",\"logo\":{\"@type\":\"ImageObject\",\"inLanguage\":\"es\",\"@id\":\"https:\/\/fpombudsman.org\/#\/schema\/logo\/image\/\",\"url\":\"https:\/\/fpombudsman.org\/wp-content\/uploads\/2020\/11\/Banner.png\",\"contentUrl\":\"https:\/\/fpombudsman.org\/wp-content\/uploads\/2020\/11\/Banner.png\",\"width\":391,\"height\":95,\"caption\":\"Office of the Ombudsman for United Nations Funds and Programmes\"},\"image\":{\"@id\":\"https:\/\/fpombudsman.org\/#\/schema\/logo\/image\/\"}}]}<\/script>\n<!-- \/ Yoast SEO plugin. -->","yoast_head_json":{"title":"History of Our Office - Office of the Ombudsman for United Nations Funds and Programmes","robots":{"index":"index","follow":"follow","max-snippet":"max-snippet:-1","max-image-preview":"max-image-preview:large","max-video-preview":"max-video-preview:-1"},"canonical":"https:\/\/fpombudsman.org\/es\/history\/","og_locale":"es_ES","og_type":"article","og_title":"History of Our Office - Office of the Ombudsman for United Nations Funds and Programmes","og_description":"[vc_row][vc_column width=&#8221;1\/1&#8243;][vc_column_text] &nbsp; 2016 Se publica los nuevos t\u00e9rminos de referencia para la Oficina del Ombudsman y de Servicios de Mediaci\u00f3n de las Naciones Unidas \u00a0\u2013 ST\/SGB\/2016\/7 2015 \u00a0Alayne Frankson-Wallace\u00a0y\u00a0Giuseppe De Palo\u00a0son nombrados como\u00a0Ombudsman de los Fondos y Programas 2012 D\u00e9cimo aniversario de la Oficina del Ombudsman. 2011 La Oficina del Ombudsman para los Fondos [&hellip;]","og_url":"https:\/\/fpombudsman.org\/es\/history\/","og_site_name":"Office of the Ombudsman for United Nations Funds and Programmes","article_modified_time":"2017-07-24T19:44:22+00:00","twitter_card":"summary_large_image","twitter_misc":{"Tiempo de lectura":"2 minutos"},"schema":{"@context":"https:\/\/schema.org","@graph":[{"@type":"WebPage","@id":"https:\/\/fpombudsman.org\/es\/history\/","url":"https:\/\/fpombudsman.org\/es\/history\/","name":"History of Our Office - Office of the Ombudsman for United Nations Funds and Programmes","isPartOf":{"@id":"https:\/\/fpombudsman.org\/#website"},"datePublished":"2014-10-29T19:37:27+00:00","dateModified":"2017-07-24T19:44:22+00:00","breadcrumb":{"@id":"https:\/\/fpombudsman.org\/es\/history\/#breadcrumb"},"inLanguage":"es","potentialAction":[{"@type":"ReadAction","target":["https:\/\/fpombudsman.org\/es\/history\/"]}]},{"@type":"BreadcrumbList","@id":"https:\/\/fpombudsman.org\/es\/history\/#breadcrumb","itemListElement":[{"@type":"ListItem","position":1,"name":"Home","item":"https:\/\/fpombudsman.org\/es\/"},{"@type":"ListItem","position":2,"name":"History of Our Office"}]},{"@type":"WebSite","@id":"https:\/\/fpombudsman.org\/#website","url":"https:\/\/fpombudsman.org\/","name":"Office of the Ombudsman for United Nations Funds and Programmes","description":"Confidential - Impartial - Independent - Informal","publisher":{"@id":"https:\/\/fpombudsman.org\/#organization"},"potentialAction":[{"@type":"SearchAction","target":{"@type":"EntryPoint","urlTemplate":"https:\/\/fpombudsman.org\/?s={search_term_string}"},"query-input":{"@type":"PropertyValueSpecification","valueRequired":true,"valueName":"search_term_string"}}],"inLanguage":"es"},{"@type":"Organization","@id":"https:\/\/fpombudsman.org\/#organization","name":"Office of the Ombudsman for United Nations Funds and Programmes","url":"https:\/\/fpombudsman.org\/","logo":{"@type":"ImageObject","inLanguage":"es","@id":"https:\/\/fpombudsman.org\/#\/schema\/logo\/image\/","url":"https:\/\/fpombudsman.org\/wp-content\/uploads\/2020\/11\/Banner.png","contentUrl":"https:\/\/fpombudsman.org\/wp-content\/uploads\/2020\/11\/Banner.png","width":391,"height":95,"caption":"Office of the Ombudsman for United Nations Funds and Programmes"},"image":{"@id":"https:\/\/fpombudsman.org\/#\/schema\/logo\/image\/"}}]}},"_links":{"self":[{"href":"https:\/\/fpombudsman.org\/es\/wp-json\/wp\/v2\/pages\/1120","targetHints":{"allow":["GET"]}}],"collection":[{"href":"https:\/\/fpombudsman.org\/es\/wp-json\/wp\/v2\/pages"}],"about":[{"href":"https:\/\/fpombudsman.org\/es\/wp-json\/wp\/v2\/types\/page"}],"author":[{"embeddable":true,"href":"https:\/\/fpombudsman.org\/es\/wp-json\/wp\/v2\/users\/9"}],"replies":[{"embeddable":true,"href":"https:\/\/fpombudsman.org\/es\/wp-json\/wp\/v2\/comments?post=1120"}],"version-history":[{"count":12,"href":"https:\/\/fpombudsman.org\/es\/wp-json\/wp\/v2\/pages\/1120\/revisions"}],"predecessor-version":[{"id":2034,"href":"https:\/\/fpombudsman.org\/es\/wp-json\/wp\/v2\/pages\/1120\/revisions\/2034"}],"wp:attachment":[{"href":"https:\/\/fpombudsman.org\/es\/wp-json\/wp\/v2\/media?parent=1120"}],"curies":[{"name":"wp","href":"https:\/\/api.w.org\/{rel}","templated":true}]}}