
{"id":1118,"date":"2014-10-29T17:39:18","date_gmt":"2014-10-29T17:39:18","guid":{"rendered":"https:\/\/fpombudsman.org\/faq-2\/"},"modified":"2015-08-06T14:24:50","modified_gmt":"2015-08-06T14:24:50","slug":"faq-3","status":"publish","type":"page","link":"https:\/\/fpombudsman.org\/es\/faq-3\/","title":{"rendered":"Preguntas Frecuentes"},"content":{"rendered":"<div class=\"wpb-content-wrapper\"><p>[vc_row][vc_column width=&#8221;1\/1&#8243;]<div class='unoo_list' isToPreventMultipleOpenItems='false'><div class='item item_closed'><div class='title'><div class='icon'><\/div>\u00bfQu\u00e9 es un Ombudsman?<\/div><div class='content'>[vc_column_text]El t\u00e9rmino &#8220;Ombudsman&#8221; naci\u00f3 en Suecia, donde el primer Ombudsman, nombrado en 1809, era un funcionario p\u00fablico que recib\u00eda e investigaba denuncias de los ciudadanos contra agencias gubernamentales u oficiales. Un Ombudsman institucional ofrece servicios para resolver controversias, problemas o conflictos y escuchar las inquietudes de los empleados de una organizaci\u00f3n. Tiene el mandato de investigar hechos de manera informal, pero no puede llevar a cabo investigaciones formales ni puede tomar decisiones administrativas. El origen del t\u00e9rmino es neutro en cuanto al g\u00e9nero.[\/vc_column_text]<\/div><\/div><div class='item item_closed'><div class='title'><div class='icon'><\/div>\u00bfQu\u00e9 funci\u00f3n cumple un Ombudsman?<\/div><div class='content'>[vc_column_text]Un Ombudsman es neutral, independiente, informal e imparcial y ayuda a las partes a resolver desacuerdos a trav\u00e9s del di\u00e1logo, la escucha activa, la diplomacia itinerante y la mediaci\u00f3n. Ayuda a encontrar soluciones a una amplia variedad de controversias en el lugar de trabajo. Las personas se pueden comunicar con un Ombudsman en cualquier etapa de un desacuerdo en busca de ayuda sobre cualquier problema relacionado con el trabajo en el que podr\u00eda ser \u00fatil contar con una perspectiva externa a los canales formales.[\/vc_column_text]<\/div><\/div><div class='item item_closed'><div class='title'><div class='icon'><\/div>\u00bfQu\u00e9 es un mediador?<\/div><div class='content'>[vc_column_text]Un mediador busca ayudar a las partes a desarrollar una comprensi\u00f3n mutua de la controversia y trabaja para lograr una soluci\u00f3n pr\u00e1ctica y duradera a un conflict.[\/vc_column_text]<\/div><\/div><div class='item item_closed'><div class='title'><div class='icon'><\/div>\u00bfQui\u00e9n puede solicitar los servicios del Ombudsman? <\/div><div class='content'>[vc_column_text]Los miembros pertenecientes o no al personal en servicio activo del PNUD, FNUAP, UNICEF, UNOPS y ONU-Mujeres pueden solicitar los servicios de la Oficina del Ombudsman. Los funcionarios antiguos, en un per\u00edodo menor a un a\u00f1o de la rescisi\u00f3n de contrato de servicio o al terminar el contrato, tambi\u00e9n tienen la posibilidad de comunicarse con la Oficina. Se puede visitar la Oficina en la direcci\u00f3n de su sede (304 East 45th St, Room FF-671, New York, NY 10017, USA) o solicitar los Servicios de Mediaci\u00f3n o el Ombudsman a trav\u00e9s de tel\u00e9fono (+1 646 781 4083), fax (+1 212 906 6281) o correo electr\u00f3nico\u00a0(<a href=\"mailto:ombudsmediation@fpOmbudsman.org\">ombudsmediation@fpombudsman.org<\/a>).[\/vc_column_text]<\/div><\/div><div class='item item_closed'><div class='title'><div class='icon'><\/div>\u00bfQui\u00e9n puede derivar un asunto a la Oficina del Ombudsman? <\/div><div class='content'>[vc_column_text]Adem\u00e1s de los funcionarios, pueden derivar un asunto a la Oficina del Ombudsman la Administraci\u00f3n, los Tribunales Contencioso Administrativo o de Apelaciones de Naciones Unidas y tambi\u00e9n la Oficina de Asistencia Jur\u00eddica para el Personal u otras Oficinas similares.[\/vc_column_text]<\/div><\/div><div class='item item_closed'><div class='title'><div class='icon'><\/div>\u00bfQu\u00e9 tipos de temas cubre la ayuda de un Ombudsman? <\/div><div class='content'>[vc_column_text]<strong>Compensaci\u00f3n y beneficios<\/strong> Sueldos, pensiones, licencias, seguro de salud, derechos diversos.<\/p>\n<p><strong>Relaciones evaluativas<\/strong> Problemas entre colegas con relaciones de supervisi\u00f3n.<\/p>\n<p><strong>Relaciones entre pares y colegas<\/strong> Problemas entre colegas SIN relaciones de supervisi\u00f3n.<\/p>\n<p><strong>Carrera laboral<\/strong> Problemas que generen impacto en las condiciones laborales o el avance en la carrera del visitante: contrataci\u00f3n, contrato, descripci\u00f3n\/clasificaci\u00f3n del trabajo, capacitaci\u00f3n, promoci\u00f3n, transferencia y rotaci\u00f3n, rescisi\u00f3n de contrato, supresi\u00f3n de cargos y procesos de jubilaci\u00f3n.<\/p>\n<p><strong>Problemas jur\u00eddicos, reglamentarios, financieros y de cumplimiento<\/strong> Acoso, discriminaci\u00f3n, represalia, equilibrio geogr\u00e1fico o de g\u00e9nero;\u00a0 procesos investigativos\/disciplinarios, despilfarro, fraude y malversaci\u00f3n de fondos.<\/p>\n<p><strong>Seguridad, salud, bienestar, estr\u00e9s y pol\u00edtica de trabajo\/vida <\/strong>Condiciones laborales; bienestar general y estr\u00e9s; arreglos para condiciones de salud o discapacidad; problemas de salud y seguridad<\/p>\n<p><strong>Servicios\/administraci\u00f3n <\/strong>Capacidad de respuesta, puntualidad y naturaleza de la respuesta\/los servicios de las secciones que prestan servicios al personal (Recursos Humanos, fondo de pensiones, unidad tributaria, etc&#8230;)<\/p>\n<p><strong>Liderazgo y gesti\u00f3n institucional <\/strong>Clima institucional, moral, cultura, comunicaci\u00f3n; gesti\u00f3n del cambio, problemas de liderazgo en los estilos de gesti\u00f3n y organizaci\u00f3n<\/p>\n<p><strong>Valores, \u00e9tica y normas <\/strong>Problemas relacionados con los valores fundamentales de Naciones Unidas<\/p>\n<p>\u2192 Haga clic aqu\u00ed para ver la <a href=\"https:\/\/fpombudsman.org.s195742.gridserver.com\/what-we-do\/list-of-most-common-issues-that-contract-holders-have-raised\/\">Lista de problemas comunes<\/a>\u00a0(PDF)[\/vc_column_text]<\/div><\/div><div class='item item_closed'><div class='title'><div class='icon'><\/div>\u00bfQu\u00e9 tan r\u00e1pido puedo hablar con un Ombudsman?<\/div><div class='content'>[vc_column_text]La Oficina hace un esfuerzo constante por responder las solicitudes lo antes posible, lo que suele suceder dentro de dos d\u00edas h\u00e1biles.[\/vc_column_text]<\/div><\/div><div class='item item_closed'><div class='title'><div class='icon'><\/div>\u00bfQu\u00e9 tan pronto puede un Ombudsman solucionar mi conflicto?<\/div><div class='content'>[vc_column_text]La experiencia ha demostrado que si las partes en un conflicto muestran buena voluntad, se puede encontrar una soluci\u00f3n en casi todos los desacuerdos laborales. Un Ombudsman puede aumentar la comprensi\u00f3n mutua de la situaci\u00f3n profesional de cada parte en el conflicto, empoder\u00e1ndolas para tomar decisiones propias. En algunos casos, resulta muy dif\u00edcil llevar a cabo una acci\u00f3n r\u00e1pida y una soluci\u00f3n puede tardar mucho tiempo. La complejidad del conflicto y la cantidad de partes implicadas tambi\u00e9n influyen en la rapidez de la soluci\u00f3n.[\/vc_column_text]<\/div><\/div><div class='item item_closed'><div class='title'><div class='icon'><\/div>\u00bfUn visitante de la Oficina del Ombudsman tiene la obligaci\u00f3n de respetar la confidencialidad?<\/div><div class='content'>[vc_column_text]Un ombudsman trata con estricta confidencialidad todos los asuntos que se le encomiendan. No toma ninguna medida respecto de una denuncia sin la autorizaci\u00f3n del denunciante. La informaci\u00f3n que mantiene un Ombudsman est\u00e1 segura, sin embargo, con la autorizaci\u00f3n verbal o escrita del denunciante, el Ombudsman puede compartirla con otras personas involucradas en la controversia o con personas que pueden tomar medidas para resolver el conflicto. A fin de garantizar la confidencialidad absoluta, un Ombudsman gozar\u00e1 de inmunidad ante cualquier demanda en cualquier nivel de la Organizaci\u00f3n de revelar informaci\u00f3n o documentaci\u00f3n relativa a un cliente. La \u00fanica excepci\u00f3n a esta regla, que queda a discreci\u00f3n absoluta del Ombudsman, es cuando parezca existir una amenaza inminente de perjuicio grave. Tambi\u00e9n se espera que las personas que buscan los servicios de un Ombudsman adhieran al mismo grado de confidencialidad que aqu\u00e9l garantizado por el Ombudsman.[\/vc_column_text]<\/div><\/div><div class='item item_closed'><div class='title'><div class='icon'><\/div>\u00bfEl personal deber\u00eda buscar solucionar un conflicto de manera informal a trav\u00e9s de un Ombudsman antes de acercarse a los canales formales?<\/div><div class='content'>[vc_column_text]Se puede tomar contacto con un Ombudsman en cualquier momento durante un conflicto, incluso cuando se ha adoptado procedimientos formales. El Estatuto del Tribunal Contencioso Administrativo de Naciones Unidas en el Art. II, 18 <em>&#8220;Reafirma que la soluci\u00f3n informal de conflictos es un element decisivo del\u00a0sistema de administraci\u00f3n de justicia y destaca que debe hacerse todo el uso posible del sistema informal a fin de evitar litigios innecesarios&#8221;<\/em>. En cualquier momento durante el proceso, incluso en la audiencia, el Tribunal Contencioso Administrativo puede proponer a las partes la derivaci\u00f3n del caso para mediaci\u00f3n. Esto suspender\u00eda la instancia formal.[\/vc_column_text]<\/div><\/div><div class='item item_closed'><div class='title'><div class='icon'><\/div>\u00bfCu\u00e1les son las ventajas de comunicarse con la Oficina del ombudsman antes de presentar una denuncia?<\/div><div class='content'>[vc_column_text]El sistema informal de soluci\u00f3n de conflictos ofrece al visitante la posibilidad de resolver un asunto sensible en forma confidencial. El visitante podr\u00e1 encontrar su propia soluci\u00f3n y este enfoque garantiza mayor sostenibilidad. Adem\u00e1s, minimiza los costos de litigios y es un proceso r\u00e1pido, vanguardista y altamente flexible.[\/vc_column_text]<\/div><\/div><div class='item item_closed'><div class='title'><div class='icon'><\/div>\u00bfEl Ombudsman entrega observaciones a la administraci\u00f3n respecto de las inquietudes que recibe?<\/div><div class='content'>[vc_column_text]Los servicios que ofrece la Oficina del Ombudsman pueden ser un instrumento importante para lograr cambios sist\u00e9micos en la organizaci\u00f3n, principalmente a trav\u00e9s de la identificaci\u00f3n de<a href=\"https:\/\/fpombudsman.org.s195742.gridserver.com\/what-we-do\/systemic-trends-within-united-nations-funds-and-programmes\/\"> tendencias y anomal\u00edas<\/a> que generan controversias y trato injusto. Por ende, la Oficina del Ombudsman tiene el deber de promover una mayor armon\u00eda en el lugar de trabajo. En los informes anuales, se analizan las principales problem\u00e1ticas que surgieron durante el a\u00f1o anterior. A partir de este an\u00e1lisis, la Oficina recomienda cambios en los reglamentos, los procedimientos, los estilos de gesti\u00f3n y los entornos laborales.[\/vc_column_text]<\/div><\/div><div class='item item_closed'><div class='title'><div class='icon'><\/div>\u00bfQu\u00e9 cosas NO puede hacer la Oficina del Ombudsman?<\/div><div class='content'>[vc_column_text]\n<ul>\n<li>Actuar como una Oficina de Notificaci\u00f3n y recibir informes en nombre de la Organizaci\u00f3n;Informar de sospechas de conducta indebida a la organizaci\u00f3n;<\/li>\n<li>Investigar un caso (funci\u00f3n de la Oficina de Auditor\u00eda e Investigaciones);<\/li>\n<li>Instituir medidas disciplinarias;<\/li>\n<li>Tomar parte dentro de un conflicto;<\/li>\n<li>Tomar decisiones que sean formales u obligatorias para la administraci\u00f3n y gesti\u00f3n;<\/li>\n<li>Facilitar cualquier movimiento sin la autorizaci\u00f3n expresa del visitante;<\/li>\n<li>Divulgar cualquier tipo de registro o informaci\u00f3n confidencial;<\/li>\n<li>Participar como testigo en un proceso judicial formal, en una investigaci\u00f3n o audiencia administrative;<\/li>\n<li>Trabajar fuera de sus competencias y por ende, afectar la labor de otras Oficinas de Naciones Unidas, como la Oficina de Asistencia Letrada al Personal, la Oficina de \u00c9tica o la Oficina de Auditor\u00eda e Investigaciones.<\/li>\n<\/ul>\n[\/vc_column_text]<\/div><\/div><div class='item item_closed'><div class='title'><div class='icon'><\/div>\u00bfQu\u00e9 es el Programa Asesores para un lugar de trabajo respetuoso (Respectful Workplace Advisors o RWA)?<\/div><div class='content'>[vc_column_text]El <a href=\"https:\/\/fpombudsman.org.s195742.gridserver.com\/wp-content\/uploads\/2014\/11\/Respectful-workplace-advisors_Programme-description.pdf\">RWA\u00a0<\/a>es una red de colegas voluntarios que sirve como fuente informal y confidencial de asistencia para miembros del personal que enfrentan situaciones laborales complejas. Son nombrados por sus propios colegas y act\u00faan como pares confiables para quienes necesitan ayuda con problemas que enfrentan en la Oficina. Ofrece orientaci\u00f3n y no se involucra directamente en el conflicto. En la actualidad, el programa se est\u00e1 <a href=\"https:\/\/fpombudsman.org.s195742.gridserver.com\/wp-content\/uploads\/2014\/11\/Respecftul-Workplace-advisors_RWA-Pilot-2007.pdf\">aplicando en forma experimental <\/a>en UNICEF. Si tiene m\u00e1s preguntas acerca de c\u00f3mo iniciar el programa en su Oficina, env\u00ede un correo electr\u00f3nico a <a href=\"mailto:ombudmediation@fpombudsman.org\">ombudsmediation@fpombudsman.org<\/a>.[\/vc_column_text]<\/div><\/div><div class='item item_closed'><div class='title'><div class='icon'><\/div>\u00bfDe qu\u00e9 modo afectan los plazos de la Administraci\u00f3n de Justicia de Naciones Unidas en la labor de la Oficina del Ombudsman?<\/div><div class='content'>[vc_column_text]La regla 11.2 (c) para el personal se\u00f1ala, \u201c<em>el Secretario General no aceptar\u00e1 una solicitud de evaluaci\u00f3n de la administraci\u00f3n a menos que esta se env\u00ede dentro de sesenta d\u00edas corridos a partir de la fecha en que el funcionario recibi\u00f3 la notificaci\u00f3n de la decisi\u00f3n administrativa que desea impugnar. Este plazo podr\u00e1 ampliarse por el Secretario General a la espera de las gestiones de soluci\u00f3n informal que lleva a cabo la Oficina del Ombudsman, seg\u00fan las condiciones especificadas por el Secretario General<\/em>\u201d.<\/p>\n<p>El solo hecho de comunicarse con la Oficina del Ombudsman NO ampl\u00eda autom\u00e1ticamente el plazo para impugnar una decisi\u00f3n administrativa ni para presentar una solitud ante el Tribunal Contencioso Administrativo de Naciones Unidas. Es necesario que el Ombudsman concluya que la controversia puede tener una soluci\u00f3n informal antes de recomendar la extensi\u00f3n de plazos. Encontrar\u00e1 m\u00e1s informaci\u00f3n sobre plazos importantes en: <a href=\"http:\/\/www.un.org\/es\/oaj\/unjs\/timelines.shtml%20\">http:\/\/www.un.org\/es\/oaj\/unjs\/timelines.shtml<\/a>.[\/vc_column_text]<\/div><\/div><div class='item item_closed'><div class='title'><div class='icon'><\/div>No estoy muy seguro a qu\u00e9 Oficina de Ombudsman acercarme. \u00bfMe pueden ayudar? <\/div><div class='content'>[vc_column_text]La Oficina del Ombudsman para Fondos y Programas de Naciones Unidas recibe denuncias de todos los titulares de contratos de las siguientes organizaciones: PNUD, FNUAP, UNICEF, UNOPS y ONU-Mujeres, incluso aquellos administrados por el PNUD pero empleados en otras organizaciones. La Oficina del Ombudsman para Fondos y Programas de Naciones Unidas, la Oficina del Ombudsman para la Secretar\u00eda y la Oficina del Ombudsman para ACNUR son tres columnas que conforman la Oficina del Ombudsman y de Servicios de Mediaci\u00f3n de las Naciones Unidas (UNOMS). Seg\u00fan la problem\u00e1tica y el contrato que usted tenga, nuestra Oficina podr\u00eda orientarlo respecto de la Oficina del Ombudsman adecuada para su caso.[\/vc_column_text]<\/div><\/div><\/div>[\/vc_column][\/vc_row]<\/p>\n<\/div>","protected":false},"excerpt":{"rendered":"<p>[vc_row][vc_column width=&#8221;1\/1&#8243;][\/vc_column][\/vc_row]<\/p>\n","protected":false},"author":9,"featured_media":0,"parent":0,"menu_order":0,"comment_status":"open","ping_status":"open","template":"","meta":{"footnotes":""},"class_list":["post-1118","page","type-page","status-publish","hentry"],"yoast_head":"<!-- This site is optimized with the Yoast SEO plugin v24.1 - https:\/\/yoast.com\/wordpress\/plugins\/seo\/ -->\n<title>Preguntas Frecuentes - Office of the Ombudsman for United Nations Funds and Programmes<\/title>\n<meta name=\"robots\" content=\"index, follow, max-snippet:-1, max-image-preview:large, max-video-preview:-1\" \/>\n<link rel=\"canonical\" href=\"https:\/\/fpombudsman.org\/es\/faq-3\/\" \/>\n<meta property=\"og:locale\" content=\"es_ES\" \/>\n<meta property=\"og:type\" content=\"article\" \/>\n<meta property=\"og:title\" content=\"Preguntas Frecuentes - Office of the Ombudsman for United Nations Funds and Programmes\" \/>\n<meta property=\"og:description\" content=\"[vc_row][vc_column width=&#8221;1\/1&#8243;][\/vc_column][\/vc_row]\" \/>\n<meta property=\"og:url\" content=\"https:\/\/fpombudsman.org\/es\/faq-3\/\" \/>\n<meta property=\"og:site_name\" content=\"Office of the Ombudsman for United Nations Funds and Programmes\" \/>\n<meta property=\"article:modified_time\" content=\"2015-08-06T14:24:50+00:00\" \/>\n<meta name=\"twitter:card\" content=\"summary_large_image\" \/>\n<meta name=\"twitter:label1\" content=\"Tiempo de lectura\" \/>\n\t<meta name=\"twitter:data1\" content=\"10 minutos\" \/>\n<script type=\"application\/ld+json\" class=\"yoast-schema-graph\">{\"@context\":\"https:\/\/schema.org\",\"@graph\":[{\"@type\":\"WebPage\",\"@id\":\"https:\/\/fpombudsman.org\/es\/faq-3\/\",\"url\":\"https:\/\/fpombudsman.org\/es\/faq-3\/\",\"name\":\"Preguntas Frecuentes - Office of the Ombudsman for United Nations Funds and Programmes\",\"isPartOf\":{\"@id\":\"https:\/\/fpombudsman.org\/#website\"},\"datePublished\":\"2014-10-29T17:39:18+00:00\",\"dateModified\":\"2015-08-06T14:24:50+00:00\",\"breadcrumb\":{\"@id\":\"https:\/\/fpombudsman.org\/es\/faq-3\/#breadcrumb\"},\"inLanguage\":\"es\",\"potentialAction\":[{\"@type\":\"ReadAction\",\"target\":[\"https:\/\/fpombudsman.org\/es\/faq-3\/\"]}]},{\"@type\":\"BreadcrumbList\",\"@id\":\"https:\/\/fpombudsman.org\/es\/faq-3\/#breadcrumb\",\"itemListElement\":[{\"@type\":\"ListItem\",\"position\":1,\"name\":\"Home\",\"item\":\"https:\/\/fpombudsman.org\/es\/\"},{\"@type\":\"ListItem\",\"position\":2,\"name\":\"Preguntas Frecuentes\"}]},{\"@type\":\"WebSite\",\"@id\":\"https:\/\/fpombudsman.org\/#website\",\"url\":\"https:\/\/fpombudsman.org\/\",\"name\":\"Office of the Ombudsman for United Nations Funds and Programmes\",\"description\":\"Confidential - Impartial - Independent - Informal\",\"publisher\":{\"@id\":\"https:\/\/fpombudsman.org\/#organization\"},\"potentialAction\":[{\"@type\":\"SearchAction\",\"target\":{\"@type\":\"EntryPoint\",\"urlTemplate\":\"https:\/\/fpombudsman.org\/?s={search_term_string}\"},\"query-input\":{\"@type\":\"PropertyValueSpecification\",\"valueRequired\":true,\"valueName\":\"search_term_string\"}}],\"inLanguage\":\"es\"},{\"@type\":\"Organization\",\"@id\":\"https:\/\/fpombudsman.org\/#organization\",\"name\":\"Office of the Ombudsman for United Nations Funds and Programmes\",\"url\":\"https:\/\/fpombudsman.org\/\",\"logo\":{\"@type\":\"ImageObject\",\"inLanguage\":\"es\",\"@id\":\"https:\/\/fpombudsman.org\/#\/schema\/logo\/image\/\",\"url\":\"https:\/\/fpombudsman.org\/wp-content\/uploads\/2020\/11\/Banner.png\",\"contentUrl\":\"https:\/\/fpombudsman.org\/wp-content\/uploads\/2020\/11\/Banner.png\",\"width\":391,\"height\":95,\"caption\":\"Office of the Ombudsman for United Nations Funds and Programmes\"},\"image\":{\"@id\":\"https:\/\/fpombudsman.org\/#\/schema\/logo\/image\/\"}}]}<\/script>\n<!-- \/ Yoast SEO plugin. -->","yoast_head_json":{"title":"Preguntas Frecuentes - Office of the Ombudsman for United Nations Funds and Programmes","robots":{"index":"index","follow":"follow","max-snippet":"max-snippet:-1","max-image-preview":"max-image-preview:large","max-video-preview":"max-video-preview:-1"},"canonical":"https:\/\/fpombudsman.org\/es\/faq-3\/","og_locale":"es_ES","og_type":"article","og_title":"Preguntas Frecuentes - Office of the Ombudsman for United Nations Funds and Programmes","og_description":"[vc_row][vc_column width=&#8221;1\/1&#8243;][\/vc_column][\/vc_row]","og_url":"https:\/\/fpombudsman.org\/es\/faq-3\/","og_site_name":"Office of the Ombudsman for United Nations Funds and Programmes","article_modified_time":"2015-08-06T14:24:50+00:00","twitter_card":"summary_large_image","twitter_misc":{"Tiempo de lectura":"10 minutos"},"schema":{"@context":"https:\/\/schema.org","@graph":[{"@type":"WebPage","@id":"https:\/\/fpombudsman.org\/es\/faq-3\/","url":"https:\/\/fpombudsman.org\/es\/faq-3\/","name":"Preguntas Frecuentes - Office of the Ombudsman for United Nations Funds and Programmes","isPartOf":{"@id":"https:\/\/fpombudsman.org\/#website"},"datePublished":"2014-10-29T17:39:18+00:00","dateModified":"2015-08-06T14:24:50+00:00","breadcrumb":{"@id":"https:\/\/fpombudsman.org\/es\/faq-3\/#breadcrumb"},"inLanguage":"es","potentialAction":[{"@type":"ReadAction","target":["https:\/\/fpombudsman.org\/es\/faq-3\/"]}]},{"@type":"BreadcrumbList","@id":"https:\/\/fpombudsman.org\/es\/faq-3\/#breadcrumb","itemListElement":[{"@type":"ListItem","position":1,"name":"Home","item":"https:\/\/fpombudsman.org\/es\/"},{"@type":"ListItem","position":2,"name":"Preguntas Frecuentes"}]},{"@type":"WebSite","@id":"https:\/\/fpombudsman.org\/#website","url":"https:\/\/fpombudsman.org\/","name":"Office of the Ombudsman for United Nations Funds and Programmes","description":"Confidential - Impartial - Independent - Informal","publisher":{"@id":"https:\/\/fpombudsman.org\/#organization"},"potentialAction":[{"@type":"SearchAction","target":{"@type":"EntryPoint","urlTemplate":"https:\/\/fpombudsman.org\/?s={search_term_string}"},"query-input":{"@type":"PropertyValueSpecification","valueRequired":true,"valueName":"search_term_string"}}],"inLanguage":"es"},{"@type":"Organization","@id":"https:\/\/fpombudsman.org\/#organization","name":"Office of the Ombudsman for United Nations Funds and Programmes","url":"https:\/\/fpombudsman.org\/","logo":{"@type":"ImageObject","inLanguage":"es","@id":"https:\/\/fpombudsman.org\/#\/schema\/logo\/image\/","url":"https:\/\/fpombudsman.org\/wp-content\/uploads\/2020\/11\/Banner.png","contentUrl":"https:\/\/fpombudsman.org\/wp-content\/uploads\/2020\/11\/Banner.png","width":391,"height":95,"caption":"Office of the Ombudsman for United Nations Funds and Programmes"},"image":{"@id":"https:\/\/fpombudsman.org\/#\/schema\/logo\/image\/"}}]}},"_links":{"self":[{"href":"https:\/\/fpombudsman.org\/es\/wp-json\/wp\/v2\/pages\/1118","targetHints":{"allow":["GET"]}}],"collection":[{"href":"https:\/\/fpombudsman.org\/es\/wp-json\/wp\/v2\/pages"}],"about":[{"href":"https:\/\/fpombudsman.org\/es\/wp-json\/wp\/v2\/types\/page"}],"author":[{"embeddable":true,"href":"https:\/\/fpombudsman.org\/es\/wp-json\/wp\/v2\/users\/9"}],"replies":[{"embeddable":true,"href":"https:\/\/fpombudsman.org\/es\/wp-json\/wp\/v2\/comments?post=1118"}],"version-history":[{"count":5,"href":"https:\/\/fpombudsman.org\/es\/wp-json\/wp\/v2\/pages\/1118\/revisions"}],"predecessor-version":[{"id":1380,"href":"https:\/\/fpombudsman.org\/es\/wp-json\/wp\/v2\/pages\/1118\/revisions\/1380"}],"wp:attachment":[{"href":"https:\/\/fpombudsman.org\/es\/wp-json\/wp\/v2\/media?parent=1118"}],"curies":[{"name":"wp","href":"https:\/\/api.w.org\/{rel}","templated":true}]}}