
{"id":1106,"date":"2014-10-29T19:36:51","date_gmt":"2014-10-29T19:36:51","guid":{"rendered":"https:\/\/fpombudsman.org\/list-of-most-common-issues-that-contract-holders-have-raised-2\/"},"modified":"2015-08-06T14:30:45","modified_gmt":"2015-08-06T14:30:45","slug":"list-of-most-common-issues-that-contract-holders-have-raised-3","status":"publish","type":"page","link":"https:\/\/fpombudsman.org\/es\/resources-3\/list-of-most-common-issues-that-contract-holders-have-raised-3\/","title":{"rendered":"Temas Comunes"},"content":{"rendered":"<div class=\"wpb-content-wrapper\"><p>[vc_row][vc_column width=&#8221;1\/1&#8243;][vc_single_image image=&#8221;1289&#8243; border_color=&#8221;grey&#8221; img_link_target=&#8221;_self&#8221; img_size=&#8221;full&#8221; alignment=&#8221;right&#8221;][\/vc_column][\/vc_row][vc_row][vc_column width=&#8221;1\/1&#8243;][vc_column_text]<\/p>\n<h3>Ejemplos de temas comunes presentados ante la Oficina del ombudsman:<\/h3>\n<ul>\n<li>Mi contrato fue reducido sin dar explicaciones. \u00bfHay algo que pueda hacer para resolverlo de manera informal?Trabaj\u00e9 como consultor y present\u00e9 el informe final pero nunca me pagaron. No obtuve una respuesta por parte de la Oficina en relaci\u00f3n con el pago pendiente por viajes y honorarios. \u00bfMe pueden ayudar?<\/li>\n<li>He sido voluntario de ONU en este lugar de destino por muchos a\u00f1os y me dijeron que no puedo postular a un cargo. \u00bfMe pueden explicar por qu\u00e9?<\/li>\n<li>Me fui de la organizaci\u00f3n y he tratado de comunicarme con el coordinador de Recursos Humanos en varias ocasiones y no obtuve respuesta respecto de cu\u00e1ndo me dar\u00e1n mi subsidio de repatriaci\u00f3n. \u00bfMe pueden ayudar?<\/li>\n<li>Mi cargo fue eliminado y necesito orientaci\u00f3n respecto del t\u00e9rmino del contrato y mis derechos.<\/li>\n<li>Me siento desolado y triste porque mi supervisor me falta el respeto e intimida a diario. Siempre he trabajado con mucha dedicaci\u00f3n y no puedo entender qu\u00e9 est\u00e1 pasando. De ning\u00fan modo quiero plantear este asunto a mi supervisor a estas alturas, ni quiero que nadie m\u00e1s lo haga, pero me gustar\u00eda tener la oportunidad de conversar con un profesional de vuestra \u00e1rea para determinar si tengo raz\u00f3n en preocuparme. H\u00e1ganme saber si ser\u00eda posible.<\/li>\n<li>Me gustar\u00eda pedir orientaci\u00f3n sobre c\u00f3mo hacer frente a una situaci\u00f3n laboral compleja en mi oficina. \u00bfPuedo hablar con ustedes?<\/li>\n<li>Hay una persona complicada, un funcionario, que a\u00f1o tras a\u00f1o muestra un desempe\u00f1o muy deficiente. Yo trat\u00e9 de orientarlo para que mejorara pero nunca sigui\u00f3 mis recomendaciones. \u00bfQu\u00e9 me sugieren?<\/li>\n<li>He estado con licencia por enfermedad durante un tiempo prolongado y no obtengo respuesta a mis preguntas de Servicios M\u00e9dicos ni de Recursos Humanos.<\/li>\n<\/ul>\n<p>[\/vc_column_text][\/vc_column][\/vc_row]<\/p>\n<\/div>","protected":false},"excerpt":{"rendered":"<p>[vc_row][vc_column width=&#8221;1\/1&#8243;][vc_single_image image=&#8221;1289&#8243; border_color=&#8221;grey&#8221; img_link_target=&#8221;_self&#8221; img_size=&#8221;full&#8221; alignment=&#8221;right&#8221;][\/vc_column][\/vc_row][vc_row][vc_column width=&#8221;1\/1&#8243;][vc_column_text] Ejemplos de temas comunes presentados ante la Oficina del ombudsman: Mi contrato fue reducido sin dar explicaciones. \u00bfHay algo que pueda hacer para resolverlo de manera informal?Trabaj\u00e9 como consultor y present\u00e9 el informe final pero nunca me pagaron. No obtuve una respuesta por parte de la Oficina [&hellip;]<\/p>\n","protected":false},"author":9,"featured_media":0,"parent":1150,"menu_order":0,"comment_status":"open","ping_status":"open","template":"","meta":{"footnotes":""},"class_list":["post-1106","page","type-page","status-publish","hentry"],"yoast_head":"<!-- This site is optimized with the Yoast SEO plugin v24.1 - https:\/\/yoast.com\/wordpress\/plugins\/seo\/ -->\n<title>Temas Comunes - Office of the Ombudsman for United Nations Funds and Programmes<\/title>\n<meta name=\"robots\" content=\"index, follow, max-snippet:-1, max-image-preview:large, max-video-preview:-1\" \/>\n<link rel=\"canonical\" href=\"https:\/\/fpombudsman.org\/es\/resources-3\/list-of-most-common-issues-that-contract-holders-have-raised-3\/\" \/>\n<meta property=\"og:locale\" content=\"es_ES\" \/>\n<meta property=\"og:type\" content=\"article\" \/>\n<meta property=\"og:title\" content=\"Temas Comunes - Office of the Ombudsman for United Nations Funds and Programmes\" \/>\n<meta property=\"og:description\" content=\"[vc_row][vc_column width=&#8221;1\/1&#8243;][vc_single_image image=&#8221;1289&#8243; border_color=&#8221;grey&#8221; img_link_target=&#8221;_self&#8221; img_size=&#8221;full&#8221; alignment=&#8221;right&#8221;][\/vc_column][\/vc_row][vc_row][vc_column width=&#8221;1\/1&#8243;][vc_column_text] Ejemplos de temas comunes presentados ante la Oficina del ombudsman: Mi contrato fue reducido sin dar explicaciones. \u00bfHay algo que pueda hacer para resolverlo de manera informal?Trabaj\u00e9 como consultor y present\u00e9 el informe final pero nunca me pagaron. No obtuve una respuesta por parte de la Oficina [&hellip;]\" \/>\n<meta property=\"og:url\" content=\"https:\/\/fpombudsman.org\/es\/resources-3\/list-of-most-common-issues-that-contract-holders-have-raised-3\/\" \/>\n<meta property=\"og:site_name\" content=\"Office of the Ombudsman for United Nations Funds and Programmes\" \/>\n<meta property=\"article:modified_time\" content=\"2015-08-06T14:30:45+00:00\" \/>\n<meta name=\"twitter:card\" content=\"summary_large_image\" \/>\n<meta name=\"twitter:label1\" content=\"Tiempo de lectura\" \/>\n\t<meta name=\"twitter:data1\" content=\"2 minutos\" \/>\n<script type=\"application\/ld+json\" class=\"yoast-schema-graph\">{\"@context\":\"https:\/\/schema.org\",\"@graph\":[{\"@type\":\"WebPage\",\"@id\":\"https:\/\/fpombudsman.org\/es\/resources-3\/list-of-most-common-issues-that-contract-holders-have-raised-3\/\",\"url\":\"https:\/\/fpombudsman.org\/es\/resources-3\/list-of-most-common-issues-that-contract-holders-have-raised-3\/\",\"name\":\"Temas Comunes - Office of the Ombudsman for United Nations Funds and Programmes\",\"isPartOf\":{\"@id\":\"https:\/\/fpombudsman.org\/#website\"},\"datePublished\":\"2014-10-29T19:36:51+00:00\",\"dateModified\":\"2015-08-06T14:30:45+00:00\",\"breadcrumb\":{\"@id\":\"https:\/\/fpombudsman.org\/es\/resources-3\/list-of-most-common-issues-that-contract-holders-have-raised-3\/#breadcrumb\"},\"inLanguage\":\"es\",\"potentialAction\":[{\"@type\":\"ReadAction\",\"target\":[\"https:\/\/fpombudsman.org\/es\/resources-3\/list-of-most-common-issues-that-contract-holders-have-raised-3\/\"]}]},{\"@type\":\"BreadcrumbList\",\"@id\":\"https:\/\/fpombudsman.org\/es\/resources-3\/list-of-most-common-issues-that-contract-holders-have-raised-3\/#breadcrumb\",\"itemListElement\":[{\"@type\":\"ListItem\",\"position\":1,\"name\":\"Home\",\"item\":\"https:\/\/fpombudsman.org\/es\/\"},{\"@type\":\"ListItem\",\"position\":2,\"name\":\"Recursos\",\"item\":\"https:\/\/fpombudsman.org\/es\/resources-3\/\"},{\"@type\":\"ListItem\",\"position\":3,\"name\":\"Temas Comunes\"}]},{\"@type\":\"WebSite\",\"@id\":\"https:\/\/fpombudsman.org\/#website\",\"url\":\"https:\/\/fpombudsman.org\/\",\"name\":\"Office of the Ombudsman for United Nations Funds and Programmes\",\"description\":\"Confidential - Impartial - Independent - Informal\",\"publisher\":{\"@id\":\"https:\/\/fpombudsman.org\/#organization\"},\"potentialAction\":[{\"@type\":\"SearchAction\",\"target\":{\"@type\":\"EntryPoint\",\"urlTemplate\":\"https:\/\/fpombudsman.org\/?s={search_term_string}\"},\"query-input\":{\"@type\":\"PropertyValueSpecification\",\"valueRequired\":true,\"valueName\":\"search_term_string\"}}],\"inLanguage\":\"es\"},{\"@type\":\"Organization\",\"@id\":\"https:\/\/fpombudsman.org\/#organization\",\"name\":\"Office of the Ombudsman for United Nations Funds and Programmes\",\"url\":\"https:\/\/fpombudsman.org\/\",\"logo\":{\"@type\":\"ImageObject\",\"inLanguage\":\"es\",\"@id\":\"https:\/\/fpombudsman.org\/#\/schema\/logo\/image\/\",\"url\":\"https:\/\/fpombudsman.org\/wp-content\/uploads\/2020\/11\/Banner.png\",\"contentUrl\":\"https:\/\/fpombudsman.org\/wp-content\/uploads\/2020\/11\/Banner.png\",\"width\":391,\"height\":95,\"caption\":\"Office of the Ombudsman for United Nations Funds and Programmes\"},\"image\":{\"@id\":\"https:\/\/fpombudsman.org\/#\/schema\/logo\/image\/\"}}]}<\/script>\n<!-- \/ Yoast SEO plugin. -->","yoast_head_json":{"title":"Temas Comunes - Office of the Ombudsman for United Nations Funds and Programmes","robots":{"index":"index","follow":"follow","max-snippet":"max-snippet:-1","max-image-preview":"max-image-preview:large","max-video-preview":"max-video-preview:-1"},"canonical":"https:\/\/fpombudsman.org\/es\/resources-3\/list-of-most-common-issues-that-contract-holders-have-raised-3\/","og_locale":"es_ES","og_type":"article","og_title":"Temas Comunes - Office of the Ombudsman for United Nations Funds and Programmes","og_description":"[vc_row][vc_column width=&#8221;1\/1&#8243;][vc_single_image image=&#8221;1289&#8243; border_color=&#8221;grey&#8221; img_link_target=&#8221;_self&#8221; img_size=&#8221;full&#8221; alignment=&#8221;right&#8221;][\/vc_column][\/vc_row][vc_row][vc_column width=&#8221;1\/1&#8243;][vc_column_text] Ejemplos de temas comunes presentados ante la Oficina del ombudsman: Mi contrato fue reducido sin dar explicaciones. \u00bfHay algo que pueda hacer para resolverlo de manera informal?Trabaj\u00e9 como consultor y present\u00e9 el informe final pero nunca me pagaron. No obtuve una respuesta por parte de la Oficina [&hellip;]","og_url":"https:\/\/fpombudsman.org\/es\/resources-3\/list-of-most-common-issues-that-contract-holders-have-raised-3\/","og_site_name":"Office of the Ombudsman for United Nations Funds and Programmes","article_modified_time":"2015-08-06T14:30:45+00:00","twitter_card":"summary_large_image","twitter_misc":{"Tiempo de lectura":"2 minutos"},"schema":{"@context":"https:\/\/schema.org","@graph":[{"@type":"WebPage","@id":"https:\/\/fpombudsman.org\/es\/resources-3\/list-of-most-common-issues-that-contract-holders-have-raised-3\/","url":"https:\/\/fpombudsman.org\/es\/resources-3\/list-of-most-common-issues-that-contract-holders-have-raised-3\/","name":"Temas Comunes - Office of the Ombudsman for United Nations Funds and Programmes","isPartOf":{"@id":"https:\/\/fpombudsman.org\/#website"},"datePublished":"2014-10-29T19:36:51+00:00","dateModified":"2015-08-06T14:30:45+00:00","breadcrumb":{"@id":"https:\/\/fpombudsman.org\/es\/resources-3\/list-of-most-common-issues-that-contract-holders-have-raised-3\/#breadcrumb"},"inLanguage":"es","potentialAction":[{"@type":"ReadAction","target":["https:\/\/fpombudsman.org\/es\/resources-3\/list-of-most-common-issues-that-contract-holders-have-raised-3\/"]}]},{"@type":"BreadcrumbList","@id":"https:\/\/fpombudsman.org\/es\/resources-3\/list-of-most-common-issues-that-contract-holders-have-raised-3\/#breadcrumb","itemListElement":[{"@type":"ListItem","position":1,"name":"Home","item":"https:\/\/fpombudsman.org\/es\/"},{"@type":"ListItem","position":2,"name":"Recursos","item":"https:\/\/fpombudsman.org\/es\/resources-3\/"},{"@type":"ListItem","position":3,"name":"Temas Comunes"}]},{"@type":"WebSite","@id":"https:\/\/fpombudsman.org\/#website","url":"https:\/\/fpombudsman.org\/","name":"Office of the Ombudsman for United Nations Funds and Programmes","description":"Confidential - Impartial - Independent - Informal","publisher":{"@id":"https:\/\/fpombudsman.org\/#organization"},"potentialAction":[{"@type":"SearchAction","target":{"@type":"EntryPoint","urlTemplate":"https:\/\/fpombudsman.org\/?s={search_term_string}"},"query-input":{"@type":"PropertyValueSpecification","valueRequired":true,"valueName":"search_term_string"}}],"inLanguage":"es"},{"@type":"Organization","@id":"https:\/\/fpombudsman.org\/#organization","name":"Office of the Ombudsman for United Nations Funds and Programmes","url":"https:\/\/fpombudsman.org\/","logo":{"@type":"ImageObject","inLanguage":"es","@id":"https:\/\/fpombudsman.org\/#\/schema\/logo\/image\/","url":"https:\/\/fpombudsman.org\/wp-content\/uploads\/2020\/11\/Banner.png","contentUrl":"https:\/\/fpombudsman.org\/wp-content\/uploads\/2020\/11\/Banner.png","width":391,"height":95,"caption":"Office of the Ombudsman for United Nations Funds and Programmes"},"image":{"@id":"https:\/\/fpombudsman.org\/#\/schema\/logo\/image\/"}}]}},"_links":{"self":[{"href":"https:\/\/fpombudsman.org\/es\/wp-json\/wp\/v2\/pages\/1106","targetHints":{"allow":["GET"]}}],"collection":[{"href":"https:\/\/fpombudsman.org\/es\/wp-json\/wp\/v2\/pages"}],"about":[{"href":"https:\/\/fpombudsman.org\/es\/wp-json\/wp\/v2\/types\/page"}],"author":[{"embeddable":true,"href":"https:\/\/fpombudsman.org\/es\/wp-json\/wp\/v2\/users\/9"}],"replies":[{"embeddable":true,"href":"https:\/\/fpombudsman.org\/es\/wp-json\/wp\/v2\/comments?post=1106"}],"version-history":[{"count":4,"href":"https:\/\/fpombudsman.org\/es\/wp-json\/wp\/v2\/pages\/1106\/revisions"}],"predecessor-version":[{"id":1316,"href":"https:\/\/fpombudsman.org\/es\/wp-json\/wp\/v2\/pages\/1106\/revisions\/1316"}],"up":[{"embeddable":true,"href":"https:\/\/fpombudsman.org\/es\/wp-json\/wp\/v2\/pages\/1150"}],"wp:attachment":[{"href":"https:\/\/fpombudsman.org\/es\/wp-json\/wp\/v2\/media?parent=1106"}],"curies":[{"name":"wp","href":"https:\/\/api.w.org\/{rel}","templated":true}]}}